{"id":16051,"date":"2015-07-28T01:01:20","date_gmt":"2015-07-28T01:01:20","guid":{"rendered":"http:\/\/staging.baliocean.com\/?page_id=16051"},"modified":"2020-01-31T10:27:57","modified_gmt":"2020-01-31T02:27:57","slug":"schnorcheln_bali","status":"publish","type":"page","link":"https:\/\/www.baliocean.com\/de\/schnorcheln-bali","title":{"rendered":"Schnorcheln"},"content":{"rendered":"<div id=\"pl-16051\"  class=\"panel-layout\" ><div id=\"pg-16051-0\"  class=\"panel-grid panel-has-style\" ><div data-sal=\"fade\" data-sal-easing=\"linear\" class=\"panel-row-style panel-row-style-for-16051-0\" ><div id=\"pgc-16051-0-0\"  class=\"panel-grid-cell\" ><div id=\"panel-16051-0-0-0\" class=\"so-panel widget widget_imm-text-widget panel-first-child\" data-index=\"0\" ><div data-sal=\"fade\" data-sal-easing=\"linear\" class=\"panel-widget-style panel-widget-style-for-16051-0-0-0\" ><div class=\"so-widget-imm-text-widget so-widget-imm-text-widget-default-d75171398898-16051\">\n\n<div class=\"imm-text-widget\">\n  <div class=\"imm-text-wrapper\">\n    <div class=\"container\">\n\n              <div class=\"title title-separator imm-text-title\">\n          <h1> SCHNORCHELN AUF BALI<\/h1>\n        <\/div>\n                    <div class=\"desc imm-text-desc\">\n          <p>Zieh\u2019 eine Maske und einen Schnorchel an und bestaune mit uns die tolle Unterwasserwelt! Wenn du niemals schnorcheln aber mal in einem Aquarium warst oder Fische im TV bestaunt hast \u2013 dann bist du hier genau richtig, um die reale Unterwasserwelt zu entdecken. Die Farben sind so viel bunter, wenn du die Fische in ihrem nat\u00fcrlichen Lebensraum antriffst. Unsere Schnorcheltrips beginnen mit einem kurzen Briefing von unseren erfahrenen Schnorchelguides. Sie werden sich ausserdem darum k\u00fcmmern, dass dir das Schnorchel-Equipment gut passt und du dich damit wohlf\u00fchlst, bevor du die Unterwasserwelt erkundest. Fast jeder kann schnorcheln, du musst daf\u00fcr nicht mal ein ausgezeichneter Schwimmer sein. Du solltest dich allerdings im Wasser wohlf\u00fchlen, damit du deinen Schnorcheltrip geniessen kannst. Falls du etwas Hilfe beim Schwimmen ben\u00f6tigst, stellen wir dir gerne Rettungsweste, Schwimmk\u00f6rper und einen Neoprenanzug zur Verf\u00fcgung. Kinder lieben Schnorcheln \u2013 warum also nicht einen Schnorcheltrip zum Highlight im Familienurlaub auf dem sch\u00f6nen Bali werden lassen? Die Geschichten, die deine Kinder erz\u00e4hlen werden, werden unglaublich sein. Die Versuche, die verschieden bunten Farben der Fische und Korallen zu beschreiben werden dich\/euch immer wieder l\u00e4chelnd an diesen tollen Tag zur\u00fcckdenken lassen.<\/p>\n        <\/div>\n      \n    <\/div>\n  <\/div>\n<\/div>\n<\/div><\/div><\/div><div id=\"panel-16051-0-0-1\" class=\"so-panel widget widget_imm-grid-layout panel-last-child\" data-index=\"1\" ><div data-sal=\"fade\" data-sal-easing=\"linear\" class=\"panel-widget-style panel-widget-style-for-16051-0-0-1\" ><div class=\"so-widget-imm-grid-layout so-widget-imm-grid-layout-default-d75171398898-16051\">\n<div class=\"imm-grid-layout\">\n  <div class=\"grid-wrapper\">\n    <div class=\"row\">\n    \n          <div class='grid-item col-lg-4 col-md-6 col-sm-12'>\n            <div class='grid-image-wrapper'>\n              <div class='grid-image'> <a href='https:\/\/www.baliocean.com\/de\/schnorcheln_bali_nusa_penida'><img class=\"lazyload\" data-src=\"https:\/\/www.baliocean.com\/de\/wp-content\/uploads\/2019\/12\/Snorkeling-Nusa-Penida.jpg\" data-size=\"347x231\" src=\"data:image\/png;base64,iVBORw0KGgoAAAANSUhEUgAAAAEAAAABCAQAAAC1HAwCAAAAC0lEQVR42mNkYAAAAAYAAjCB0C8AAAAASUVORK5CYII=\" alt=\"\"><\/a>\n              <\/div>\n            <\/div>\n            <div class='grid-content-wrapper'>\n              <div class='grid-title'>\n                <h2> <a href='https:\/\/www.baliocean.com\/de\/schnorcheln_bali_nusa_penida'> NUSA PENIDA <\/a> <\/h2>\n              <\/div>\n              <div class='grid-desc'>\n                <p> <p>Schnorchel im kristallklaren Wasser und entdecke die faszinierenden Korallenriffe rund um Nusa Penida und Lembongan. Hier sind die bekannten Manta Rochen, unber\u00fchrte Korallenriffe, Schildkr\u00f6ten und andere faszinierende Kreaturen beheimatet.<\/p>\n <\/p>\n              <\/div>\n            <\/div>\n          <\/div>\n          \n          <div class='grid-item col-lg-4 col-md-6 col-sm-12'>\n            <div class='grid-image-wrapper'>\n              <div class='grid-image'> <a href='https:\/\/www.baliocean.com\/de\/schnorcheln_bali_tulamben'><img class=\"lazyload\" data-src=\"https:\/\/www.baliocean.com\/de\/wp-content\/uploads\/2019\/12\/Tulamben.jpg\" data-size=\"347x231\" src=\"data:image\/png;base64,iVBORw0KGgoAAAANSUhEUgAAAAEAAAABCAQAAAC1HAwCAAAAC0lEQVR42mNkYAAAAAYAAjCB0C8AAAAASUVORK5CYII=\" alt=\"\"><\/a>\n              <\/div>\n            <\/div>\n            <div class='grid-content-wrapper'>\n              <div class='grid-title'>\n                <h2> <a href='https:\/\/www.baliocean.com\/de\/schnorcheln_bali_tulamben'> Tulamben <\/a> <\/h2>\n              <\/div>\n              <div class='grid-desc'>\n                <p> <p>Erkunde das bekannte und doch so geheimnisvolle USAT Liberty Schiffswrack aus dem 2. Weltkrieg. Es ist eines der wenigen f\u00fcr Schnorchler zug\u00e4ngliche Schiffswrack. Das Riff strotzt nur so vor lebendigem Unterwasserleben, wie beispielsweise die dort beheimatete Schildkr\u00f6te und die Jackfish Schw\u00e4rme.<\/p>\n <\/p>\n              <\/div>\n            <\/div>\n          <\/div>\n          \n          <div class='grid-item col-lg-4 col-md-6 col-sm-12'>\n            <div class='grid-image-wrapper'>\n              <div class='grid-image'> <a href='https:\/\/www.baliocean.com\/de\/schnorcheln_bali_amed'><img class=\"lazyload\" data-src=\"https:\/\/www.baliocean.com\/de\/wp-content\/uploads\/2019\/12\/Snorkeling-Amed.jpg\" data-size=\"347x231\" src=\"data:image\/png;base64,iVBORw0KGgoAAAANSUhEUgAAAAEAAAABCAQAAAC1HAwCAAAAC0lEQVR42mNkYAAAAAYAAjCB0C8AAAAASUVORK5CYII=\" alt=\"\"><\/a>\n              <\/div>\n            <\/div>\n            <div class='grid-content-wrapper'>\n              <div class='grid-title'>\n                <h2> <a href='https:\/\/www.baliocean.com\/de\/schnorcheln_bali_amed'> Amed <\/a> <\/h2>\n              <\/div>\n              <div class='grid-desc'>\n                <p> <p>Komm\u2019 mit zu einem unserer Schnorchel Trips nach Amed. Gesunde Korallen, verschiedenste Unterwasserlebewesen und eine unglaubliche Topographie erwarten dich dort.<\/p>\n <\/p>\n              <\/div>\n            <\/div>\n          <\/div>\n          \n          <div class='grid-item col-lg-4 col-md-6 col-sm-12'>\n            <div class='grid-image-wrapper'>\n              <div class='grid-image'> <a href='https:\/\/www.baliocean.com\/de\/schnorcheln_bali_padang_bai'><img class=\"lazyload\" data-src=\"https:\/\/www.baliocean.com\/de\/wp-content\/uploads\/2019\/12\/Snorkeling-Padang-Bai.jpg\" data-size=\"347x231\" src=\"data:image\/png;base64,iVBORw0KGgoAAAANSUhEUgAAAAEAAAABCAQAAAC1HAwCAAAAC0lEQVR42mNkYAAAAAYAAjCB0C8AAAAASUVORK5CYII=\" alt=\"\"><\/a>\n              <\/div>\n            <\/div>\n            <div class='grid-content-wrapper'>\n              <div class='grid-title'>\n                <h2> <a href='https:\/\/www.baliocean.com\/de\/schnorcheln_bali_padang_bai'> Padang Bai <\/a> <\/h2>\n              <\/div>\n              <div class='grid-desc'>\n                <p> <p>Blue Lagoon oder auch die blaue Lagune ist bekannt f\u00fcr ihre grossartigen Sichtverh\u00e4ltnisse unter Wasser, ihrem weissen Sand mit blauem Wasser und einem wundersch\u00f6nen flachen Riff. Perfekt, um als Schnorchler die grossartige Unterwasserwelt zu erkunden.<\/p>\n <\/p>\n              <\/div>\n            <\/div>\n          <\/div>\n          \n          <div class='grid-item col-lg-4 col-md-6 col-sm-12'>\n            <div class='grid-image-wrapper'>\n              <div class='grid-image'> <a href='https:\/\/www.baliocean.com\/de\/schnorcheln_bali\/sanur\/'><img class=\"lazyload\" data-src=\"https:\/\/www.baliocean.com\/de\/wp-content\/uploads\/2019\/12\/Snorkeling-Sanur.jpg\" data-size=\"347x231\" src=\"data:image\/png;base64,iVBORw0KGgoAAAANSUhEUgAAAAEAAAABCAQAAAC1HAwCAAAAC0lEQVR42mNkYAAAAAYAAjCB0C8AAAAASUVORK5CYII=\" alt=\"\"><\/a>\n              <\/div>\n            <\/div>\n            <div class='grid-content-wrapper'>\n              <div class='grid-title'>\n                <h2> <a href='https:\/\/www.baliocean.com\/de\/schnorcheln_bali\/sanur\/'> Sanur <\/a> <\/h2>\n              <\/div>\n              <div class='grid-desc'>\n                <p> <p>Dieses kleine \u201cHausriff\u201d ist perfekt geeignet f\u00fcr Schnorchler, die nur einen halben Tag mit dem Erkunden eines Riffs verbringen m\u00f6chten.<\/p>\n <\/p>\n              <\/div>\n            <\/div>\n          <\/div>\n          \n          <div class='grid-item col-lg-4 col-md-6 col-sm-12'>\n            <div class='grid-image-wrapper'>\n              <div class='grid-image'> <img class=\"lazyload\" data-src=\"https:\/\/www.baliocean.com\/de\/wp-content\/uploads\/2019\/12\/Snorkeling-Safari.jpg\" data-size=\"347x231\" src=\"data:image\/png;base64,iVBORw0KGgoAAAANSUhEUgAAAAEAAAABCAQAAAC1HAwCAAAAC0lEQVR42mNkYAAAAAYAAjCB0C8AAAAASUVORK5CYII=\" alt=\"\">\n              <\/div>\n            <\/div>\n            <div class='grid-content-wrapper'>\n              <div class='grid-title'>\n                <h2> SCHNORCHEL SAFARIS <\/h2>\n              <\/div>\n              <div class='grid-desc'>\n                <p> <p>Melde dich an f\u00fcr eine unserer individuellen Schnorchelsafaris. Wir arrangieren alles f\u00fcr dich \u2013 angefangen beim Flughafentransfer zum Hotel bis hin zu einer unvergesslichen Schnorchel Erfahrung rund um das sch\u00f6ne Bali.<\/p>\n <\/p>\n              <\/div>\n            <\/div>\n          <\/div>\n              <\/div>\n  <\/div>\n<\/div>\n<\/div><\/div><\/div><\/div><\/div><\/div><div id=\"pg-16051-1\"  class=\"panel-grid panel-has-style\" ><div class=\"siteorigin-panels-stretch panel-row-style panel-row-style-for-16051-1\" data-stretch-type=\"full-stretched\" data-sal=\"fade\" data-sal-easing=\"linear\" ><div id=\"pgc-16051-1-0\"  class=\"panel-grid-cell\" ><div id=\"panel-16051-1-0-0\" class=\"so-panel widget widget_imm-cta-widget panel-first-child panel-last-child\" data-index=\"2\" ><div data-sal=\"fade\" data-sal-easing=\"linear\" class=\"panel-widget-style panel-widget-style-for-16051-1-0-0\" ><div class=\"so-widget-imm-cta-widget so-widget-imm-cta-widget-default-d75171398898-16051\">\n\n<div class=\"imm-cta-widget\">\n  <div class=\"container\">\n    <div class=\"imm-cta-wrapper\">\n      <div class=\"row\">\n\n        <div class=\"col-lg-8 col-md-8\">\n          <div class=\"imm-cta-text\">\n            <p> <p>Bist du bereit, einige der fantastischen Schnorchelseiten in Bali zu erkunden? Kontaktiere uns noch heute.<\/p>\n<\/p>\n          <\/div>\n        <\/div>\n        <div class=\"col-lg-4 col-md-4\">\n          <div class=\"imm-cta-type\">\n            <a class='button' href=\"#contact\"> Kontaktiere uns <\/a>\n          <\/div>\n        <\/div>\n      <\/div>\n    <\/div>\n  <\/div>\n<\/div>\n<\/div><\/div><\/div><\/div><\/div><\/div><div id=\"pg-16051-2\"  class=\"panel-grid panel-has-style\" ><div data-sal=\"fade\" data-sal-easing=\"linear\" class=\"panel-row-style panel-row-style-for-16051-2\" ><div id=\"pgc-16051-2-0\"  class=\"panel-grid-cell\" ><div id=\"panel-16051-2-0-0\" class=\"so-panel widget widget_imm-accordion panel-first-child panel-last-child\" data-index=\"3\" ><div data-sal=\"fade\" data-sal-easing=\"linear\" class=\"panel-widget-style panel-widget-style-for-16051-2-0-0\" ><div class=\"so-widget-imm-accordion so-widget-imm-accordion-default-d75171398898-16051\">\n<div class=\"accordion imm-accordion-widget\" id=\"imm-accordion_69d28f9f27f8f\">\n    <div class=\"card\">\n    <div class=\"card-header \">\n      <div class=\"card-header-prepend\">\n        <span class=\"icon\"><i class=\"fas fa-plus\"><\/i><\/span>\n      <\/div>\n      <button class=\"btn title\" type=\"button\" data-toggle=\"collapse\" data-target=\"#imm-acc-item_69d28f9f27f90\" aria-expanded=\"true\" aria-controls=\"imm-acc-item_69d28f9f27f90\">\n        ALLE UNSERE SCHNORCHELTRIPS BEINHALTEN :      <\/button>\n    <\/div>\n\n    <div id=\"imm-acc-item_69d28f9f27f90\" class=\"collapse \" data-parent=\"#imm-accordion_69d28f9f27f8f\">\n      <div class=\"card-body\">\n        <div class=\"scroll-accordion\">\n          <ul>\n<li>Hotel Abhol- und Bringservice (S\u00fcden Balis)<\/li>\n<li>Komplettes Schnorchel Equipment<\/li>\n<li>Mittagessen bei allen Tagestrips<\/li>\n<li>Trinkwasser<\/li>\n<li>Handt\u00fccher<\/li>\n<li>Guide<\/li>\n<li>Versicherung<\/li>\n<\/ul>\n        <\/div>\n      <\/div>\n    <\/div>\n  <\/div>\n    <div class=\"card\">\n    <div class=\"card-header \">\n      <div class=\"card-header-prepend\">\n        <span class=\"icon\"><i class=\"fas fa-plus\"><\/i><\/span>\n      <\/div>\n      <button class=\"btn title\" type=\"button\" data-toggle=\"collapse\" data-target=\"#imm-acc-item_69d28f9f27f92\" aria-expanded=\"false\" aria-controls=\"imm-acc-item_69d28f9f27f92\">\n        SCHNORCHEL GUIDES      <\/button>\n    <\/div>\n\n    <div id=\"imm-acc-item_69d28f9f27f92\" class=\"collapse \" data-parent=\"#imm-accordion_69d28f9f27f8f\">\n      <div class=\"card-body\">\n        <div class=\"scroll-accordion\">\n          <p>Alle unsere Schnorchel Trips werden von unserem erfahrenen Team von PADI Divemaster und Tauchlehrern gef\u00fchrt. Wir k\u00f6nnen es kaum erwarten dir zu zeigen, was Schnorcheln in Bali alles zu bieten hat! Alle unsere Schnorchelgruppen sind klein und werden immer zusammen gehalten, um maximale Sicherheit zu gew\u00e4hrleisten \u2013 sodass du dich voll und ganz auf die Unterwasserwelt Balis einlassen kannst.<\/p>\n        <\/div>\n      <\/div>\n    <\/div>\n  <\/div>\n    <div class=\"card\">\n    <div class=\"card-header \">\n      <div class=\"card-header-prepend\">\n        <span class=\"icon\"><i class=\"fas fa-plus\"><\/i><\/span>\n      <\/div>\n      <button class=\"btn title\" type=\"button\" data-toggle=\"collapse\" data-target=\"#imm-acc-item_69d28f9f27f93\" aria-expanded=\"false\" aria-controls=\"imm-acc-item_69d28f9f27f93\">\n        AUSSTATTUNG UND EQUIPMENT      <\/button>\n    <\/div>\n\n    <div id=\"imm-acc-item_69d28f9f27f93\" class=\"collapse \" data-parent=\"#imm-accordion_69d28f9f27f8f\">\n      <div class=\"card-body\">\n        <div class=\"scroll-accordion\">\n          Du kannst dir die komplette Schnorchelausr\u00fcstung bei uns leihen, ohne, dass du daf\u00fcr extra zahlen musst. Wenn du mit uns auf einen Schnorchel Trip gehst musst du nur deine pers\u00f6nlichen Dinge wie eine Sonnenbrille, Sonnencreme, Badekleidung und eventuell eine Kamera einpacken. Falls du keine Kamera hast, gerne aber ein paar tolle Unterwasserbilder machen w\u00fcrdest, bieten wir auch einen Ausleihservice f\u00fcr Kameras an: Ein Tagessatz kostet IDR  750,000. Der Preis beinhaltet zudem eine 8GB SD Speicherkarte, die du nach deinem Schnorchel Trip sogar behalten darfst.        <\/div>\n      <\/div>\n    <\/div>\n  <\/div>\n    <div class=\"card\">\n    <div class=\"card-header \">\n      <div class=\"card-header-prepend\">\n        <span class=\"icon\"><i class=\"fas fa-plus\"><\/i><\/span>\n      <\/div>\n      <button class=\"btn title\" type=\"button\" data-toggle=\"collapse\" data-target=\"#imm-acc-item_69d28f9f27f94\" aria-expanded=\"false\" aria-controls=\"imm-acc-item_69d28f9f27f94\">\n        TAGESABLAUF      <\/button>\n    <\/div>\n\n    <div id=\"imm-acc-item_69d28f9f27f94\" class=\"collapse \" data-parent=\"#imm-accordion_69d28f9f27f8f\">\n      <div class=\"card-body\">\n        <div class=\"scroll-accordion\">\n          <p>Morgens wirst du zwischen halb 7 und 7 an deinem Hotel abgeholt. Zur\u00fcck von den Schnorcheltrips sind wir meistens zwischen 13 und 16 Uhr. Die genaue Uhrzeit ist abh\u00e4ngig von dem Schnorchelspot und der Fahrtdauer dorthin.<\/p>\n        <\/div>\n      <\/div>\n    <\/div>\n  <\/div>\n  <\/div>\n<\/div><\/div><\/div><\/div><div id=\"pgc-16051-2-1\"  class=\"panel-grid-cell\" ><div id=\"panel-16051-2-1-0\" class=\"so-panel widget widget_imm-text-widget panel-first-child panel-last-child\" data-index=\"4\" ><div id=\"contact\" data-sal=\"fade\" data-sal-easing=\"linear\" class=\"panel-widget-style panel-widget-style-for-16051-2-1-0\" ><div class=\"so-widget-imm-text-widget so-widget-imm-text-widget-default-d75171398898-16051\">\n\n<div class=\"imm-text-widget\">\n  <div class=\"imm-text-wrapper\">\n    <div class=\"container\">\n\n                    <div class=\"desc imm-text-desc\">\n          <p><div role=\"form\" class=\"wpcf7\" id=\"wpcf7-f20599-o1\" lang=\"en-US\" dir=\"ltr\">\n<div class=\"screen-reader-response\"><p role=\"status\" aria-live=\"polite\" aria-atomic=\"true\"><\/p> <ul><\/ul><\/div>\n<form action=\"\/de\/wp-json\/wp\/v2\/pages\/16051#wpcf7-f20599-o1\" method=\"post\" class=\"wpcf7-form init\" novalidate=\"novalidate\" data-status=\"init\">\n<div style=\"display: none;\">\n<input type=\"hidden\" name=\"_wpcf7\" value=\"20599\" \/>\n<input type=\"hidden\" name=\"_wpcf7_version\" value=\"5.5.6.1\" \/>\n<input type=\"hidden\" name=\"_wpcf7_locale\" value=\"en_US\" \/>\n<input type=\"hidden\" name=\"_wpcf7_unit_tag\" value=\"wpcf7-f20599-o1\" \/>\n<input type=\"hidden\" name=\"_wpcf7_container_post\" value=\"0\" \/>\n<input type=\"hidden\" name=\"_wpcf7_posted_data_hash\" value=\"\" \/>\n<input type=\"hidden\" name=\"_wpcf7_recaptcha_response\" value=\"\" \/>\n<\/div>\n<h4 class=\"m-0\" style=\"font-weight:700; color:#818181\"> KONTAKTIERE UNS<br \/>\n <\/h4>\n<p>Dein Name (ben\u00f6tigt)<br \/>\n    <span class=\"wpcf7-form-control-wrap your-name\"><input type=\"text\" name=\"your-name\" value=\"\" size=\"40\" class=\"wpcf7-form-control wpcf7-text wpcf7-validates-as-required\" aria-required=\"true\" aria-invalid=\"false\" \/><\/span> <\/p>\n<p>Email Adresse (ben\u00f6tigt)<br \/>\n    <span class=\"wpcf7-form-control-wrap your-email\"><input type=\"email\" name=\"your-email\" value=\"\" size=\"40\" class=\"wpcf7-form-control wpcf7-text wpcf7-email wpcf7-validates-as-required wpcf7-validates-as-email\" aria-required=\"true\" aria-invalid=\"false\" \/><\/span> <\/p>\n<p>Whatsapp Nummer<br \/>\n    <span class=\"wpcf7-form-control-wrap your-whatsapp\"><input type=\"text\" name=\"your-whatsapp\" value=\"\" size=\"40\" class=\"wpcf7-form-control wpcf7-text\" aria-invalid=\"false\" \/><\/span> <\/p>\n<p>Nachricht<br \/>\n    <span class=\"wpcf7-form-control-wrap your-message\"><textarea name=\"your-message\" cols=\"40\" rows=\"10\" class=\"wpcf7-form-control wpcf7-textarea\" aria-invalid=\"false\"><\/textarea><\/span> <\/p>\n<p class=\"mb-3\">This site is protected by reCAPTCHA and the Google <a href=\"https:\/\/policies.google.com\/privacy\">Privacy Policy<\/a> and <a href=\"https:\/\/policies.google.com\/terms\">Terms of Service<\/a> apply.<\/p>\n<p class=\"mb-3\">\tIf you do not receive confirmation the message was sent immediately there may be an issue with the connection, please try again.<\/p>\n<p><input type=\"submit\" value=\"SENDEN\" class=\"wpcf7-form-control has-spinner wpcf7-submit\" \/><\/p>\n<div class=\"form-response\">\n<div class=\"wpcf7-response-output\" aria-hidden=\"true\"><\/div>\n<\/div>\n<\/form><\/div><\/p>\n        <\/div>\n      \n    <\/div>\n  <\/div>\n<\/div>\n<\/div><\/div><\/div><\/div><\/div><\/div><div id=\"pg-16051-3\"  class=\"panel-grid panel-has-style\" ><div class=\"siteorigin-panels-stretch panel-row-style panel-row-style-for-16051-3\" data-stretch-type=\"full-stretched\" data-sal=\"fade\" data-sal-easing=\"linear\" ><div id=\"pgc-16051-3-0\"  class=\"panel-grid-cell\" ><div id=\"panel-16051-3-0-0\" class=\"so-panel widget widget_imm-cta-widget panel-first-child panel-last-child\" data-index=\"5\" ><div data-sal=\"fade\" data-sal-easing=\"linear\" class=\"panel-widget-style panel-widget-style-for-16051-3-0-0\" ><div class=\"so-widget-imm-cta-widget so-widget-imm-cta-widget-default-d75171398898-16051\">\n\n<div class=\"imm-cta-widget\">\n  <div class=\"container\">\n    <div class=\"imm-cta-wrapper\">\n      <div class=\"row\">\n\n        <div class=\"col-lg-8 col-md-8\">\n          <div class=\"imm-cta-text\">\n            <p> <p>Wirf einen Blick auf unsere tollen Nusa Penida Schnorchel Angebote<\/p>\n<\/p>\n          <\/div>\n        <\/div>\n        <div class=\"col-lg-4 col-md-4\">\n          <div class=\"imm-cta-type\">\n            <a class='text' href=\"https:\/\/www.baliocean.com\/de\/schnorcheln_bali_nusa_penida\"> Schnorcheln in Nusa Penida <\/a>\n          <\/div>\n        <\/div>\n      <\/div>\n    <\/div>\n  <\/div>\n<\/div>\n<\/div><\/div><\/div><\/div><\/div><\/div><\/div>","protected":false},"excerpt":{"rendered":"<p>SCHNORCHELN AUF BALI Zieh\u2019 eine Maske und einen Schnorchel an und bestaune mit uns die tolle Unterwasserwelt! Wenn du niemals schnorcheln aber mal in einem Aquarium warst oder Fische im TV bestaunt hast \u2013 dann bist du hier genau richtig, um die reale Unterwasserwelt zu entdecken. Die Farben sind so viel bunter, wenn du die [&hellip;]<\/p>\n","protected":false},"author":1,"featured_media":0,"parent":0,"menu_order":0,"comment_status":"open","ping_status":"open","template":"","meta":[],"acf":[],"yoast_head":"<!-- This site is optimized with the Yoast SEO plugin v17.9 - https:\/\/yoast.com\/wordpress\/plugins\/seo\/ -->\n<title>Schnorcheln rund um Bali | Blue Season Bali<\/title>\n<meta name=\"description\" content=\"Genie\u00dfe einen Schnorchel Tagesausflug rund um Bali - wir schnorcheln mit Manta Rochen und anderen tollen Unterwasserlebewesen!\" \/>\n<meta name=\"robots\" content=\"index, follow, max-snippet:-1, max-image-preview:large, max-video-preview:-1\" \/>\n<link rel=\"canonical\" href=\"https:\/\/www.baliocean.com\/de\/schnorcheln-bali\/\" \/>\n<!-- \/ Yoast SEO plugin. -->","yoast_head_json":{"title":"Schnorcheln rund um Bali | Blue Season Bali","description":"Genie\u00dfe einen Schnorchel Tagesausflug rund um Bali - wir schnorcheln mit Manta Rochen und anderen tollen Unterwasserlebewesen!","robots":{"index":"index","follow":"follow","max-snippet":"max-snippet:-1","max-image-preview":"max-image-preview:large","max-video-preview":"max-video-preview:-1"},"canonical":"https:\/\/www.baliocean.com\/de\/schnorcheln-bali\/"},"_links":{"self":[{"href":"https:\/\/www.baliocean.com\/de\/wp-json\/wp\/v2\/pages\/16051"}],"collection":[{"href":"https:\/\/www.baliocean.com\/de\/wp-json\/wp\/v2\/pages"}],"about":[{"href":"https:\/\/www.baliocean.com\/de\/wp-json\/wp\/v2\/types\/page"}],"author":[{"embeddable":true,"href":"https:\/\/www.baliocean.com\/de\/wp-json\/wp\/v2\/users\/1"}],"replies":[{"embeddable":true,"href":"https:\/\/www.baliocean.com\/de\/wp-json\/wp\/v2\/comments?post=16051"}],"version-history":[{"count":7,"href":"https:\/\/www.baliocean.com\/de\/wp-json\/wp\/v2\/pages\/16051\/revisions"}],"predecessor-version":[{"id":21012,"href":"https:\/\/www.baliocean.com\/de\/wp-json\/wp\/v2\/pages\/16051\/revisions\/21012"}],"wp:attachment":[{"href":"https:\/\/www.baliocean.com\/de\/wp-json\/wp\/v2\/media?parent=16051"}],"curies":[{"name":"wp","href":"https:\/\/api.w.org\/{rel}","templated":true}]}}