{"id":16053,"date":"2015-07-28T01:03:31","date_gmt":"2015-07-28T01:03:31","guid":{"rendered":"http:\/\/staging.baliocean.com\/?page_id=16053"},"modified":"2020-01-31T08:44:31","modified_gmt":"2020-01-31T00:44:31","slug":"bali_tauchgebiete","status":"publish","type":"page","link":"https:\/\/www.baliocean.com\/de\/bali-tauchgebiete","title":{"rendered":"Tauchpl\u00e4tze"},"content":{"rendered":"<div id=\"pl-16053\"  class=\"panel-layout\" ><div id=\"pg-16053-0\"  class=\"panel-grid panel-has-style\" ><div data-sal=\"fade\" data-sal-easing=\"linear\" class=\"panel-row-style panel-row-style-for-16053-0\" ><div id=\"pgc-16053-0-0\"  class=\"panel-grid-cell\" ><div id=\"panel-16053-0-0-0\" class=\"so-panel widget widget_imm-text-widget panel-first-child\" data-index=\"0\" ><div data-sal=\"fade\" data-sal-easing=\"linear\" class=\"panel-widget-style panel-widget-style-for-16053-0-0-0\" ><div class=\"so-widget-imm-text-widget so-widget-imm-text-widget-default-d75171398898-16053\">\n\n<div class=\"imm-text-widget\">\n  <div class=\"imm-text-wrapper\">\n    <div class=\"container\">\n\n              <div class=\"title title-separator imm-text-title\">\n          <h1> WO KANNST DU IN BALI TAUCHEN?<\/h1>\n        <\/div>\n                    <div class=\"desc imm-text-desc\">\n          <p>Bali, \u201cdie Insel der G\u00f6tter\u201d, ist ein toller Ort, um spontan deine Tauchausr\u00fcstung anzuziehen und einen entspannten Tauchgang zu geniessen. Die Vielf\u00e4ltigkeit der Unterwasserwelt und Tauchspots ist ausserordentlich. An einem Tag kannst du das Gl\u00fcck haben und rund um Nusa Lembongan und Nusa Penida einen Mondfisch sehen \u2013 an einem anderen Tag kann es sein, dass du nach dem kleinsten Seepferdchen, dem Pigmy Seepferdchen, im Norden von Bali suchst. Die Vielf\u00e4ltigkeit von weichen und harten Korallen in Bali und Indonesien ist in der ganzen Welt ungeschlagen.<\/p>\n<p>Unber\u00fchrte Korallenriffe in Nusa Penida und Nusa Lembongan oder Tauchen an einer faszinierenden Steilwand in Menjangan \u2013 das alles ist auf Bali m\u00f6glich. Das \u2018Muck\u2019 Tauchen erm\u00f6glicht ausserdem sehr seltene und mysteri\u00f6se Kreaturen rund um Bali zu sehen, beispielsweise am Secret Bay, PJ oder auch Seraya Secrets. Das bekannte USAT Liberty Wrack in Tulamben ist eine der beliebtesten Tauchseiten rund um Bali. Der Grund daf\u00fcr ist der sehr leichte Zugang zum Wrack und eine dort beheimatete faszinierende Unterwasserwelt.<\/p>\n<p>Hier bei Blue Season Bali sind wir sehr stolz auf unsere Tauchguides. Unsere Senior Tauchguides Putu und Wayan haben schon tausende Tauchg\u00e4nge rund um Bali gemacht und werden immer und immer wieder von unseren G\u00e4sten angefragt. Warum? Sie sind die absoluten Experten auf Bali, wenn es darum geht, das seltene und wundersch\u00f6ne Unterwasserleben zu finden oder einem Mondfisch zu begegnen.<\/p>\n<p>Du kannst auf die verschiedenen Ortsymbole klicken, die du weiter unten siehst, um weitere Informationen \u00fcber die bestimmten Tauchseiten zu erfahren. Viele dieser Stellen sind sehr tauglich f\u00fcr einen Tagestrip, einige davon lassen sich aber auch sehr gut in eine unserer tollen Bali Tauchsafaris integrieren.<\/p>\n        <\/div>\n      \n    <\/div>\n  <\/div>\n<\/div>\n<\/div><\/div><\/div><div id=\"panel-16053-0-0-1\" class=\"so-panel widget widget_imm-grid-layout panel-last-child\" data-index=\"1\" ><div data-sal=\"fade\" data-sal-easing=\"linear\" class=\"panel-widget-style panel-widget-style-for-16053-0-0-1\" ><div class=\"so-widget-imm-grid-layout so-widget-imm-grid-layout-default-d75171398898-16053\">\n<div class=\"imm-grid-layout\">\n  <div class=\"grid-wrapper\">\n    <div class=\"row\">\n    \n          <div class='grid-item col-lg-4 col-md-6 col-sm-12'>\n            <div class='grid-image-wrapper'>\n              <div class='grid-image'> <a href='https:\/\/www.baliocean.com\/de\/bali_tauchplaetze_nusa_penida'><img class=\"lazyload\" data-src=\"https:\/\/www.baliocean.com\/de\/wp-content\/uploads\/2019\/11\/Manta_Nusa_penida_small-300x200.jpg\" data-size=\"300x200\" src=\"data:image\/png;base64,iVBORw0KGgoAAAANSUhEUgAAAAEAAAABCAQAAAC1HAwCAAAAC0lEQVR42mNkYAAAAAYAAjCB0C8AAAAASUVORK5CYII=\" alt=\"\"><\/a>\n              <\/div>\n            <\/div>\n            <div class='grid-content-wrapper'>\n              <div class='grid-title'>\n                <h2> <a href='https:\/\/www.baliocean.com\/de\/bali_tauchplaetze_nusa_penida'> NUSA PENIDA <\/a> <\/h2>\n              <\/div>\n              <div class='grid-desc'>\n                <p> <p>Die Insel von Nusa Pendia ist eine von drei Inseln, die sich s\u00fcdlich von Bali befinden. Nur ein 45 min\u00fctiger Bootstrip vom Hafen von Sanur und du bist an einer der wundersch\u00f6nsten Tauchseiten von Bali oder \u2013 um genau zu sein \u2013 der ganzen Welt.<\/p>\n <\/p>\n              <\/div>\n            <\/div>\n          <\/div>\n          \n          <div class='grid-item col-lg-4 col-md-6 col-sm-12'>\n            <div class='grid-image-wrapper'>\n              <div class='grid-image'> <a href='https:\/\/www.baliocean.com\/de\/bali_tauchplaetze_tulamben'><img class=\"lazyload\" data-src=\"https:\/\/www.baliocean.com\/de\/wp-content\/uploads\/2019\/11\/USAT-Liberty-Shipwreck-1024x677.jpg\" data-size=\"1024x677\" src=\"data:image\/png;base64,iVBORw0KGgoAAAANSUhEUgAAAAEAAAABCAQAAAC1HAwCAAAAC0lEQVR42mNkYAAAAAYAAjCB0C8AAAAASUVORK5CYII=\" alt=\"\"><\/a>\n              <\/div>\n            <\/div>\n            <div class='grid-content-wrapper'>\n              <div class='grid-title'>\n                <h2> <a href='https:\/\/www.baliocean.com\/de\/bali_tauchplaetze_tulamben'> Tulamben <\/a> <\/h2>\n              <\/div>\n              <div class='grid-desc'>\n                <p> <div class=\"wpb_text_column wpb_content_element \">\n<div class=\"wpb_wrapper\">\n<p>Tulamben ist ein sehr ruhiges, an der K\u00fcste liegendes Dorf, welches durch das dort beheimatete USAT Liberty Schiffswrack eine grosse Popularit\u00e4t erhalten hat. Viele Taucher behaupten, dass dieses Schiffswrack eines der besten Tauchwracks der Welt sei \u2013 vor allem auch durch seine leichte Zug\u00e4nglichkeit von der K\u00fcste aus.<\/p>\n<\/div>\n<\/div>\n <\/p>\n              <\/div>\n            <\/div>\n          <\/div>\n          \n          <div class='grid-item col-lg-4 col-md-6 col-sm-12'>\n            <div class='grid-image-wrapper'>\n              <div class='grid-image'> <a href='https:\/\/www.baliocean.com\/de\/bali_tauchplaetze_east_coast'><img class=\"lazyload\" data-src=\"https:\/\/www.baliocean.com\/de\/wp-content\/uploads\/2019\/12\/DiveSites-Padang-Bai.jpg\" data-size=\"347x231\" src=\"data:image\/png;base64,iVBORw0KGgoAAAANSUhEUgAAAAEAAAABCAQAAAC1HAwCAAAAC0lEQVR42mNkYAAAAAYAAjCB0C8AAAAASUVORK5CYII=\" alt=\"\"><\/a>\n              <\/div>\n            <\/div>\n            <div class='grid-content-wrapper'>\n              <div class='grid-title'>\n                <h2> <a href='https:\/\/www.baliocean.com\/de\/bali_tauchplaetze_east_coast'> Padang Bai <\/a> <\/h2>\n              <\/div>\n              <div class='grid-desc'>\n                <p> <p>Padang Bai und die Tauchseite \u2018Blaue Lagune\u2019 befinden sich im Osten Balis \u2013 eine ungef\u00e4r 50 min\u00fctige Busreise von Sanur entfernt. Lehn\u2019 dich zur\u00fcck, entspanne und geniesse die Reise, w\u00e4hrend du an wahnsinnig tollen einheimischen D\u00f6rfern vorbei f\u00e4hrst, um nach Padang Bai zu gelangen.<\/p>\n <\/p>\n              <\/div>\n            <\/div>\n          <\/div>\n          \n          <div class='grid-item col-lg-4 col-md-6 col-sm-12'>\n            <div class='grid-image-wrapper'>\n              <div class='grid-image'> <a href='https:\/\/www.baliocean.com\/de\/bali_tauchplaetze_amed'><img class=\"lazyload\" data-src=\"https:\/\/www.baliocean.com\/de\/wp-content\/uploads\/2019\/11\/DiveSites-Amed-05.jpg\" data-size=\"535x254\" src=\"data:image\/png;base64,iVBORw0KGgoAAAANSUhEUgAAAAEAAAABCAQAAAC1HAwCAAAAC0lEQVR42mNkYAAAAAYAAjCB0C8AAAAASUVORK5CYII=\" alt=\"\"><\/a>\n              <\/div>\n            <\/div>\n            <div class='grid-content-wrapper'>\n              <div class='grid-title'>\n                <h2> <a href='https:\/\/www.baliocean.com\/de\/bali_tauchplaetze_amed'> Amed <\/a> <\/h2>\n              <\/div>\n              <div class='grid-desc'>\n                <p> <p>Tauchen in Amed \u2013 Balis sch\u00f6ner Nordostk\u00fcste \u2013 solltest du nicht verpassen. Dieses kleine und sehr friedliche Fischerdorf, zug\u00e4nglich durch nur eine Strasse, ist eine 2 st\u00fcndige Fahrt von unserer Tauchschule in Sanur entfernt.<\/p>\n <\/p>\n              <\/div>\n            <\/div>\n          <\/div>\n          \n          <div class='grid-item col-lg-4 col-md-6 col-sm-12'>\n            <div class='grid-image-wrapper'>\n              <div class='grid-image'> <a href='https:\/\/www.baliocean.com\/de\/bali_tauchplaetze_menjangan_pemuteran'><img class=\"lazyload\" data-src=\"https:\/\/www.baliocean.com\/de\/wp-content\/uploads\/2019\/12\/DiveSites-Menjangan.jpg\" data-size=\"347x231\" src=\"data:image\/png;base64,iVBORw0KGgoAAAANSUhEUgAAAAEAAAABCAQAAAC1HAwCAAAAC0lEQVR42mNkYAAAAAYAAjCB0C8AAAAASUVORK5CYII=\" alt=\"\"><\/a>\n              <\/div>\n            <\/div>\n            <div class='grid-content-wrapper'>\n              <div class='grid-title'>\n                <h2> <a href='https:\/\/www.baliocean.com\/de\/bali_tauchplaetze_menjangan_pemuteran'> Menjangan <\/a> <\/h2>\n              <\/div>\n              <div class='grid-desc'>\n                <p> <p>Blue Season Bali arbeitet auch mit dem Menjangan National Park am Menjangan Resort zusammen. Hier kannst du tolle W\u00e4nde unter Wasser betauchen und vielleicht sogar einen Mandarinfisch entdecken.<\/p>\n <\/p>\n              <\/div>\n            <\/div>\n          <\/div>\n          \n          <div class='grid-item col-lg-4 col-md-6 col-sm-12'>\n            <div class='grid-image-wrapper'>\n              <div class='grid-image'> <a href='https:\/\/www.baliocean.com\/de\/bali_tauchplaetze_sanur'><img class=\"lazyload\" data-src=\"https:\/\/www.baliocean.com\/de\/wp-content\/uploads\/2019\/12\/DiveSites-Sanur.jpg\" data-size=\"347x231\" src=\"data:image\/png;base64,iVBORw0KGgoAAAANSUhEUgAAAAEAAAABCAQAAAC1HAwCAAAAC0lEQVR42mNkYAAAAAYAAjCB0C8AAAAASUVORK5CYII=\" alt=\"\"><\/a>\n              <\/div>\n            <\/div>\n            <div class='grid-content-wrapper'>\n              <div class='grid-title'>\n                <h2> <a href='https:\/\/www.baliocean.com\/de\/bali_tauchplaetze_sanur'> Sanur <\/a> <\/h2>\n              <\/div>\n              <div class='grid-desc'>\n                <p> <p>Tauchen in Sanur sind ein oder auch zwei Tage deiner wertvollen zum Tauchen verf\u00fcgbaren Zeit wert. Die Sanur Tauchseiten sind nur wenige Minuten von der K\u00fcste entfernt und nur um die Ecke der Tauchschule. Es gibt hier in Sanur ein wirklich tolles Unterwasserleben zu entdecken.<\/p>\n <\/p>\n              <\/div>\n            <\/div>\n          <\/div>\n              <\/div>\n  <\/div>\n<\/div>\n<\/div><\/div><\/div><\/div><\/div><\/div><div id=\"pg-16053-1\"  class=\"panel-grid panel-has-style\" ><div class=\"siteorigin-panels-stretch panel-row-style panel-row-style-for-16053-1\" data-stretch-type=\"full-stretched\" data-sal=\"fade\" data-sal-easing=\"linear\" ><div id=\"pgc-16053-1-0\"  class=\"panel-grid-cell\" ><div id=\"panel-16053-1-0-0\" class=\"so-panel widget widget_imm-cta-widget panel-first-child panel-last-child\" data-index=\"2\" ><div data-sal=\"fade\" data-sal-easing=\"linear\" class=\"panel-widget-style panel-widget-style-for-16053-1-0-0\" ><div class=\"so-widget-imm-cta-widget so-widget-imm-cta-widget-default-d75171398898-16053\">\n\n<div class=\"imm-cta-widget\">\n  <div class=\"container\">\n    <div class=\"imm-cta-wrapper\">\n      <div class=\"row\">\n\n        <div class=\"col-lg-8 col-md-8\">\n          <div class=\"imm-cta-text\">\n            <p> <p>Bist du bereit, einige der fantastischen Tauchseiten<br \/>\nrund um Bali zu erkunden? Kontaktiere uns noch heute.<\/p>\n<\/p>\n          <\/div>\n        <\/div>\n        <div class=\"col-lg-4 col-md-4\">\n          <div class=\"imm-cta-type\">\n            <a class='button' href=\"#contact\"> Kontaktiere uns <\/a>\n          <\/div>\n        <\/div>\n      <\/div>\n    <\/div>\n  <\/div>\n<\/div>\n<\/div><\/div><\/div><\/div><\/div><\/div><div id=\"pg-16053-2\"  class=\"panel-grid panel-has-style\" ><div data-sal=\"fade\" data-sal-easing=\"linear\" class=\"panel-row-style panel-row-style-for-16053-2\" ><div id=\"pgc-16053-2-0\"  class=\"panel-grid-cell\" ><div id=\"panel-16053-2-0-0\" class=\"so-panel widget widget_imm-accordion panel-first-child panel-last-child\" data-index=\"3\" ><div data-sal=\"fade\" data-sal-easing=\"linear\" class=\"panel-widget-style panel-widget-style-for-16053-2-0-0\" ><div class=\"so-widget-imm-accordion so-widget-imm-accordion-default-d75171398898-16053\">\n<div class=\"accordion imm-accordion-widget\" id=\"imm-accordion_69f1baae3018d\">\n    <div class=\"card\">\n    <div class=\"card-header \">\n      <div class=\"card-header-prepend\">\n        <span class=\"icon\"><i class=\"fas fa-plus\"><\/i><\/span>\n      <\/div>\n      <button class=\"btn title\" type=\"button\" data-toggle=\"collapse\" data-target=\"#imm-acc-item_69f1baae3018f\" aria-expanded=\"true\" aria-controls=\"imm-acc-item_69f1baae3018f\">\n        ALLE UNSERE TAUCHTRIPS BEINHALTEN:      <\/button>\n    <\/div>\n\n    <div id=\"imm-acc-item_69f1baae3018f\" class=\"collapse \" data-parent=\"#imm-accordion_69f1baae3018d\">\n      <div class=\"card-body\">\n        <div class=\"scroll-accordion\">\n          <ul>\n<li>Zertifizierte und stets aktuelle Divemaster \/ Tauchlehrer<\/li>\n<li>Alle \u00dcberland-Transporte in klimatisierten Bussen<\/li>\n<li>Mittagessen, Trinkwasser, Tee und Kaffee<\/li>\n<li>Gewichtg\u00fcrtel, Gewichte und Tanks<\/li>\n<li>Handt\u00fccher<\/li>\n<li>All Park- und Transportgeb\u00fchren<\/li>\n<li>Tauchversicherung<\/li>\n<\/ul>\n        <\/div>\n      <\/div>\n    <\/div>\n  <\/div>\n    <div class=\"card\">\n    <div class=\"card-header \">\n      <div class=\"card-header-prepend\">\n        <span class=\"icon\"><i class=\"fas fa-plus\"><\/i><\/span>\n      <\/div>\n      <button class=\"btn title\" type=\"button\" data-toggle=\"collapse\" data-target=\"#imm-acc-item_69f1baae30191\" aria-expanded=\"false\" aria-controls=\"imm-acc-item_69f1baae30191\">\n        INFOS \u00dcBER EQUIPMENT UND AUSSTATTUNG      <\/button>\n    <\/div>\n\n    <div id=\"imm-acc-item_69f1baae30191\" class=\"collapse \" data-parent=\"#imm-accordion_69f1baae3018d\">\n      <div class=\"card-body\">\n        <div class=\"scroll-accordion\">\n          Die Ausr\u00fcstung zum Tauchen kann bei uns ohne Aufpreis ausgeliehen werden. Nitrox Auff\u00fcllungen sind bei uns gegen einen Aufpreis von IDR  100,000 pro F\u00fcllung erh\u00e4ltlich. Mit Mittagessen werden wir ausgestattet von SMORGAS und unserem hier ans\u00e4ssigen Chef, der f\u00fcr Blue Season arbeitet. Du kannst zwischen leckeren Sandwichs oder traditionell indonesischem Essen wie Nasi Goreng und Mie Goreng w\u00e4hlen. Nat\u00fcrlich gibt es bei uns auch vegetarisches Essen. Wenn du mit Blue Season Bali tauchen gehst, musst du nur deine Zertifizierungskarte und dein Logbuch mitbringen. Du solltest zudem noch deine Badekleidung, eine Sonnenbrille, Sonnencreme und \u2013 wenn du eine Kamera hast \u2013 auch eine Kamera einpacken. Wusstest du, dass wir auch tolle digitale Unterwasserkameras ausleihen? Die Leihgeb\u00fchr betr\u00e4gt IDR  750,000 pro Tag. Du bekommst f\u00fcr diesen Preis auch noch eine 8GB SD Speicherkarte dazu, die du sogar behalten darfst.        <\/div>\n      <\/div>\n    <\/div>\n  <\/div>\n    <div class=\"card\">\n    <div class=\"card-header \">\n      <div class=\"card-header-prepend\">\n        <span class=\"icon\"><i class=\"fas fa-plus\"><\/i><\/span>\n      <\/div>\n      <button class=\"btn title\" type=\"button\" data-toggle=\"collapse\" data-target=\"#imm-acc-item_69f1baae30192\" aria-expanded=\"false\" aria-controls=\"imm-acc-item_69f1baae30192\">\n        ZUS\u00c4TZLICHE INFORMATIONEN      <\/button>\n    <\/div>\n\n    <div id=\"imm-acc-item_69f1baae30192\" class=\"collapse \" data-parent=\"#imm-accordion_69f1baae3018d\">\n      <div class=\"card-body\">\n        <div class=\"scroll-accordion\">\n          <p>Die Sommermonate auf Bali k\u00f6nnen sehr stressig und voll sein \u2013 Onlinebuchungen sind daher bei uns sehr willkommen. Wir k\u00f6nnen dir durch deine Onlinebuchung dein Platz auf dem Boot und deine richtigen Gr\u00f6ssen f\u00fcr deine Tauchausr\u00fcstung reservieren. Bei Bedarf k\u00f6nnen wir dir auch noch eine digitale Unterwasserkamera f\u00fcr deinen Tauchgang bereithalten. Wirf einen Blick auf \u201cWarum Blue Season Bali\u201d um mehr Informationen zu erhalten. Alle unsere Tauchtrips k\u00f6nnen wir auch in Kooperation mit einem PADI Tauchkurs anbieten. Warum also nicht mal einen PADI Enriched Air (Nitrox) Spezialkurs bei deinem n\u00e4chsten Tauchgang ausprobieren?<\/p>\n        <\/div>\n      <\/div>\n    <\/div>\n  <\/div>\n  <\/div>\n<\/div><\/div><\/div><\/div><div id=\"pgc-16053-2-1\"  class=\"panel-grid-cell\" ><div id=\"panel-16053-2-1-0\" class=\"so-panel widget widget_imm-text-widget panel-first-child panel-last-child\" data-index=\"4\" ><div id=\"contact\" data-sal=\"fade\" data-sal-easing=\"linear\" class=\"panel-widget-style panel-widget-style-for-16053-2-1-0\" ><div class=\"so-widget-imm-text-widget so-widget-imm-text-widget-default-d75171398898-16053\">\n\n<div class=\"imm-text-widget\">\n  <div class=\"imm-text-wrapper\">\n    <div class=\"container\">\n\n                    <div class=\"desc imm-text-desc\">\n          <p><div role=\"form\" class=\"wpcf7\" id=\"wpcf7-f20599-o1\" lang=\"en-US\" dir=\"ltr\">\n<div class=\"screen-reader-response\"><p role=\"status\" aria-live=\"polite\" aria-atomic=\"true\"><\/p> <ul><\/ul><\/div>\n<form action=\"\/de\/wp-json\/wp\/v2\/pages\/16053#wpcf7-f20599-o1\" method=\"post\" class=\"wpcf7-form init\" novalidate=\"novalidate\" data-status=\"init\">\n<div style=\"display: none;\">\n<input type=\"hidden\" name=\"_wpcf7\" value=\"20599\" \/>\n<input type=\"hidden\" name=\"_wpcf7_version\" value=\"5.5.6.1\" \/>\n<input type=\"hidden\" name=\"_wpcf7_locale\" value=\"en_US\" \/>\n<input type=\"hidden\" name=\"_wpcf7_unit_tag\" value=\"wpcf7-f20599-o1\" \/>\n<input type=\"hidden\" name=\"_wpcf7_container_post\" value=\"0\" \/>\n<input type=\"hidden\" name=\"_wpcf7_posted_data_hash\" value=\"\" \/>\n<input type=\"hidden\" name=\"_wpcf7_recaptcha_response\" value=\"\" \/>\n<\/div>\n<h4 class=\"m-0\" style=\"font-weight:700; color:#818181\"> KONTAKTIERE UNS<br \/>\n <\/h4>\n<p>Dein Name (ben\u00f6tigt)<br \/>\n    <span class=\"wpcf7-form-control-wrap your-name\"><input type=\"text\" name=\"your-name\" value=\"\" size=\"40\" class=\"wpcf7-form-control wpcf7-text wpcf7-validates-as-required\" aria-required=\"true\" aria-invalid=\"false\" \/><\/span> <\/p>\n<p>Email Adresse (ben\u00f6tigt)<br \/>\n    <span class=\"wpcf7-form-control-wrap your-email\"><input type=\"email\" name=\"your-email\" value=\"\" size=\"40\" class=\"wpcf7-form-control wpcf7-text wpcf7-email wpcf7-validates-as-required wpcf7-validates-as-email\" aria-required=\"true\" aria-invalid=\"false\" \/><\/span> <\/p>\n<p>Whatsapp Nummer<br \/>\n    <span class=\"wpcf7-form-control-wrap your-whatsapp\"><input type=\"text\" name=\"your-whatsapp\" value=\"\" size=\"40\" class=\"wpcf7-form-control wpcf7-text\" aria-invalid=\"false\" \/><\/span> <\/p>\n<p>Nachricht<br \/>\n    <span class=\"wpcf7-form-control-wrap your-message\"><textarea name=\"your-message\" cols=\"40\" rows=\"10\" class=\"wpcf7-form-control wpcf7-textarea\" aria-invalid=\"false\"><\/textarea><\/span> <\/p>\n<p class=\"mb-3\">This site is protected by reCAPTCHA and the Google <a href=\"https:\/\/policies.google.com\/privacy\">Privacy Policy<\/a> and <a href=\"https:\/\/policies.google.com\/terms\">Terms of Service<\/a> apply.<\/p>\n<p class=\"mb-3\">\tIf you do not receive confirmation the message was sent immediately there may be an issue with the connection, please try again.<\/p>\n<p><input type=\"submit\" value=\"SENDEN\" class=\"wpcf7-form-control has-spinner wpcf7-submit\" \/><\/p>\n<div class=\"form-response\">\n<div class=\"wpcf7-response-output\" aria-hidden=\"true\"><\/div>\n<\/div>\n<\/form><\/div><\/p>\n        <\/div>\n      \n    <\/div>\n  <\/div>\n<\/div>\n<\/div><\/div><\/div><\/div><\/div><\/div><div id=\"pg-16053-3\"  class=\"panel-grid panel-has-style\" ><div class=\"siteorigin-panels-stretch panel-row-style panel-row-style-for-16053-3\" data-stretch-type=\"full-stretched\" data-sal=\"fade\" data-sal-easing=\"linear\" ><div id=\"pgc-16053-3-0\"  class=\"panel-grid-cell\" ><div id=\"panel-16053-3-0-0\" class=\"so-panel widget widget_imm-cta-widget panel-first-child panel-last-child\" data-index=\"5\" ><div data-sal=\"fade\" data-sal-easing=\"linear\" class=\"panel-widget-style panel-widget-style-for-16053-3-0-0\" ><div class=\"so-widget-imm-cta-widget so-widget-imm-cta-widget-default-d75171398898-16053\">\n\n<div class=\"imm-cta-widget\">\n  <div class=\"container\">\n    <div class=\"imm-cta-wrapper\">\n      <div class=\"row\">\n\n        <div class=\"col-lg-8 col-md-8\">\n          <div class=\"imm-cta-text\">\n            <p> Was gibt es als n\u00e4chstes? Finde etwas \u00fcber unser tolles<br \/>Tauchangebot in Nusa Penida heraus.\n<\/p>\n          <\/div>\n        <\/div>\n        <div class=\"col-lg-4 col-md-4\">\n          <div class=\"imm-cta-type\">\n            <a class='text' href=\"https:\/\/www.baliocean.com\/de\/bali_tauchplaetze_nusa_penida\"> Tauchen in Nusa Penida  <\/a>\n          <\/div>\n        <\/div>\n      <\/div>\n    <\/div>\n  <\/div>\n<\/div>\n<\/div><\/div><\/div><\/div><\/div><\/div><\/div>","protected":false},"excerpt":{"rendered":"<p>WO KANNST DU IN BALI TAUCHEN? Bali, \u201cdie Insel der G\u00f6tter\u201d, ist ein toller Ort, um spontan deine Tauchausr\u00fcstung anzuziehen und einen entspannten Tauchgang zu geniessen. Die Vielf\u00e4ltigkeit der Unterwasserwelt und Tauchspots ist ausserordentlich. An einem Tag kannst du das Gl\u00fcck haben und rund um Nusa Lembongan und Nusa Penida einen Mondfisch sehen \u2013 an [&hellip;]<\/p>\n","protected":false},"author":1,"featured_media":0,"parent":0,"menu_order":0,"comment_status":"open","ping_status":"open","template":"","meta":[],"acf":[],"yoast_head":"<!-- This site is optimized with the Yoast SEO plugin v17.9 - https:\/\/yoast.com\/wordpress\/plugins\/seo\/ -->\n<title>Beste Tauchpl\u00e4tze Bali | Blue Season Bali<\/title>\n<meta name=\"description\" content=\"Komm&#039; und besuche die besten Tauchspots auf Bali. Du kannst Wracks und Steilw\u00e4nde betauchen. Lasse dich von Korallenriffen, Mola Molas und Mantas beeindrucken!\" \/>\n<meta name=\"robots\" content=\"index, follow, max-snippet:-1, max-image-preview:large, max-video-preview:-1\" \/>\n<link rel=\"canonical\" href=\"https:\/\/www.baliocean.com\/de\/bali-tauchgebiete\/\" \/>\n<!-- \/ Yoast SEO plugin. -->","yoast_head_json":{"title":"Beste Tauchpl\u00e4tze Bali | Blue Season Bali","description":"Komm' und besuche die besten Tauchspots auf Bali. Du kannst Wracks und Steilw\u00e4nde betauchen. Lasse dich von Korallenriffen, Mola Molas und Mantas beeindrucken!","robots":{"index":"index","follow":"follow","max-snippet":"max-snippet:-1","max-image-preview":"max-image-preview:large","max-video-preview":"max-video-preview:-1"},"canonical":"https:\/\/www.baliocean.com\/de\/bali-tauchgebiete\/"},"_links":{"self":[{"href":"https:\/\/www.baliocean.com\/de\/wp-json\/wp\/v2\/pages\/16053"}],"collection":[{"href":"https:\/\/www.baliocean.com\/de\/wp-json\/wp\/v2\/pages"}],"about":[{"href":"https:\/\/www.baliocean.com\/de\/wp-json\/wp\/v2\/types\/page"}],"author":[{"embeddable":true,"href":"https:\/\/www.baliocean.com\/de\/wp-json\/wp\/v2\/users\/1"}],"replies":[{"embeddable":true,"href":"https:\/\/www.baliocean.com\/de\/wp-json\/wp\/v2\/comments?post=16053"}],"version-history":[{"count":9,"href":"https:\/\/www.baliocean.com\/de\/wp-json\/wp\/v2\/pages\/16053\/revisions"}],"predecessor-version":[{"id":20946,"href":"https:\/\/www.baliocean.com\/de\/wp-json\/wp\/v2\/pages\/16053\/revisions\/20946"}],"wp:attachment":[{"href":"https:\/\/www.baliocean.com\/de\/wp-json\/wp\/v2\/media?parent=16053"}],"curies":[{"name":"wp","href":"https:\/\/api.w.org\/{rel}","templated":true}]}}