{"id":16055,"date":"2015-07-28T01:04:26","date_gmt":"2015-07-28T01:04:26","guid":{"rendered":"http:\/\/staging.baliocean.com\/?page_id=16055"},"modified":"2020-01-31T11:01:49","modified_gmt":"2020-01-31T03:01:49","slug":"courses","status":"publish","type":"page","link":"https:\/\/www.baliocean.com\/de\/scuba-tauchkurse-bali","title":{"rendered":"Kurse"},"content":{"rendered":"<div id=\"pl-16055\"  class=\"panel-layout\" ><div id=\"pg-16055-0\"  class=\"panel-grid panel-has-style\" ><div data-sal=\"fade\" data-sal-easing=\"linear\" class=\"panel-row-style panel-row-style-for-16055-0\" ><div id=\"pgc-16055-0-0\"  class=\"panel-grid-cell\" ><div id=\"panel-16055-0-0-0\" class=\"so-panel widget widget_imm-text-widget panel-first-child\" data-index=\"0\" ><div data-sal=\"fade\" data-sal-easing=\"linear\" class=\"panel-widget-style panel-widget-style-for-16055-0-0-0\" ><div class=\"so-widget-imm-text-widget so-widget-imm-text-widget-default-d75171398898-16055\">\n\n<div class=\"imm-text-widget\">\n  <div class=\"imm-text-wrapper\">\n    <div class=\"container\">\n\n              <div class=\"title title-separator imm-text-title\">\n          <h1> PADI KURSE<\/h1>\n        <\/div>\n                    <div class=\"desc imm-text-desc\">\n          <p>Bist du bereit, tauchen zu lernen oder bist du bereits ein erfahrener Taucher und suchst nach einer M\u00f6glichkeit, dein Leben zu ver\u00e4ndern und ein professioneller Divemaster, Tauchguide oder Tauchlehrer zu werden? Vielleicht hast du schon nach M\u00f6glichkeiten gesucht, um deine Tauchkenntnisse und -f\u00e4higkeiten auszubauen, um ein noch besserer Taucher zu werden und deinen Sport noch mehr zu geniessen? Welche Situation auch immer auf dich zutrifft, wir k\u00f6nnen dir mit unserem professionellen Team von Blue Season Bali bestimmt helfen. Vergiss nicht \u2013 Tauchen bedeutet Spass \u2013 also kontaktiere uns und wir werden ein Programm f\u00fcr dich zusammenstellen, welches am besten deinen Vorstellungen, deiner verf\u00fcgbaren Zeit und deinem Budget entspricht.<\/p>\n        <\/div>\n      \n    <\/div>\n  <\/div>\n<\/div>\n<\/div><\/div><\/div><div id=\"panel-16055-0-0-1\" class=\"so-panel widget widget_imm-grid-layout panel-last-child\" data-index=\"1\" ><div data-sal=\"fade\" data-sal-easing=\"linear\" class=\"panel-widget-style panel-widget-style-for-16055-0-0-1\" ><div class=\"so-widget-imm-grid-layout so-widget-imm-grid-layout-default-d75171398898-16055\">\n<div class=\"imm-grid-layout\">\n  <div class=\"grid-wrapper\">\n    <div class=\"row\">\n    \n          <div class='grid-item col-lg-4 col-md-6 col-sm-12'>\n            <div class='grid-image-wrapper'>\n              <div class='grid-image'> <a href='https:\/\/www.baliocean.com\/de\/padi_courses_discover_scuba_diving'><img class=\"lazyload\" data-src=\"https:\/\/www.baliocean.com\/de\/wp-content\/uploads\/2019\/12\/Try-Scuba-Diving.jpg\" data-size=\"347x179\" src=\"data:image\/png;base64,iVBORw0KGgoAAAANSUhEUgAAAAEAAAABCAQAAAC1HAwCAAAAC0lEQVR42mNkYAAAAAYAAjCB0C8AAAAASUVORK5CYII=\" alt=\"\"><\/a>\n              <\/div>\n            <\/div>\n            <div class='grid-content-wrapper'>\n              <div class='grid-title'>\n                <h2> <a href='https:\/\/www.baliocean.com\/de\/padi_courses_discover_scuba_diving'> SCHNUPPERTAUCHEN <\/a> <\/h2>\n              <\/div>\n              <div class='grid-desc'>\n                <p> <p>Hast du dich jemals gefragt, wie es sein muss, unter Wasser zu atmen? Wenn du es gerne erfahren w\u00fcrdest, dir aber nicht sicher bist, ob du gleich einen kompletten Kurs belegen m\u00f6chtest, gibt es mit dem PADI Schnuppertauchen die M\u00f6glichkeit, auszuprobieren, ob dir das Ger\u00e4tetauchen gef\u00e4llt und du mehr dar\u00fcber erfahren m\u00f6chtest.<\/p>\n <\/p>\n              <\/div>\n            <\/div>\n          <\/div>\n          \n          <div class='grid-item col-lg-4 col-md-6 col-sm-12'>\n            <div class='grid-image-wrapper'>\n              <div class='grid-image'> <a href='https:\/\/www.baliocean.com\/de\/padi_courses_open_water'><img class=\"lazyload\" data-src=\"https:\/\/www.baliocean.com\/de\/wp-content\/uploads\/2019\/12\/Open-Water.jpg\" data-size=\"347x179\" src=\"data:image\/png;base64,iVBORw0KGgoAAAANSUhEUgAAAAEAAAABCAQAAAC1HAwCAAAAC0lEQVR42mNkYAAAAAYAAjCB0C8AAAAASUVORK5CYII=\" alt=\"\"><\/a>\n              <\/div>\n            <\/div>\n            <div class='grid-content-wrapper'>\n              <div class='grid-title'>\n                <h2> <a href='https:\/\/www.baliocean.com\/de\/padi_courses_open_water'> OPEN WATER DIVER <\/a> <\/h2>\n              <\/div>\n              <div class='grid-desc'>\n                <p> <p>Wenn du schon immer gerne die Unterwasserwelt erkunden wolltest, dann startet dein Abenteuer genau hier. Durch die Absolvierung deines PADI Open Water Kurses wirst du dazu qualifiziert, mit anderen Tauchern das Meer zu erkunden.<\/p>\n <\/p>\n              <\/div>\n            <\/div>\n          <\/div>\n          \n          <div class='grid-item col-lg-4 col-md-6 col-sm-12'>\n            <div class='grid-image-wrapper'>\n              <div class='grid-image'> <a href='https:\/\/www.baliocean.com\/de\/padi_courses_advanced_diver'><img class=\"lazyload\" data-src=\"https:\/\/www.baliocean.com\/de\/wp-content\/uploads\/2019\/12\/Advanced-Open-Water.jpg\" data-size=\"347x179\" src=\"data:image\/png;base64,iVBORw0KGgoAAAANSUhEUgAAAAEAAAABCAQAAAC1HAwCAAAAC0lEQVR42mNkYAAAAAYAAjCB0C8AAAAASUVORK5CYII=\" alt=\"\"><\/a>\n              <\/div>\n            <\/div>\n            <div class='grid-content-wrapper'>\n              <div class='grid-title'>\n                <h2> <a href='https:\/\/www.baliocean.com\/de\/padi_courses_advanced_diver'> ADVANCED OPEN WATER <\/a> <\/h2>\n              <\/div>\n              <div class='grid-desc'>\n                <p> <p>Setze dein Tauchabenteuer fort \u2013 eine der besten Entscheidungen, die du treffen kannst. Durch die Absolvierung deines Advanced Open Water Kurses kannst du viele Vorteile wie zum Beispiel das Tieftauchen geniessen, die dein Tauchabenteuer noch spannender machen.<\/p>\n <\/p>\n              <\/div>\n            <\/div>\n          <\/div>\n          \n          <div class='grid-item col-lg-4 col-md-6 col-sm-12'>\n            <div class='grid-image-wrapper'>\n              <div class='grid-image'> <a href='https:\/\/www.baliocean.com\/de\/padi_courses_rescue_diver'><img class=\"lazyload\" data-src=\"https:\/\/www.baliocean.com\/de\/wp-content\/uploads\/2019\/12\/Rescue.jpg\" data-size=\"347x179\" src=\"data:image\/png;base64,iVBORw0KGgoAAAANSUhEUgAAAAEAAAABCAQAAAC1HAwCAAAAC0lEQVR42mNkYAAAAAYAAjCB0C8AAAAASUVORK5CYII=\" alt=\"\"><\/a>\n              <\/div>\n            <\/div>\n            <div class='grid-content-wrapper'>\n              <div class='grid-title'>\n                <h2> <a href='https:\/\/www.baliocean.com\/de\/padi_courses_rescue_diver'> RESCUE DIVER <\/a> <\/h2>\n              <\/div>\n              <div class='grid-desc'>\n                <p> <p>\u2018Herausfordernd\u2019 und \u2018Lohnend\u2019 sind die W\u00f6rter, die den PADI Rescue Diver Kurs am besten beschreiben. Aufbauend auf dem, was du bereits weisst, besch\u00e4ftigt sich dieser Kurs ausgiebig mit der Pr\u00e4vention von Problemen und wie man mit den Problemen umgeht, wenn sie auftauchen.<\/p>\n <\/p>\n              <\/div>\n            <\/div>\n          <\/div>\n          \n          <div class='grid-item col-lg-4 col-md-6 col-sm-12'>\n            <div class='grid-image-wrapper'>\n              <div class='grid-image'> <a href='https:\/\/www.baliocean.com\/de\/specialty_courses'><img class=\"lazyload\" data-src=\"https:\/\/www.baliocean.com\/de\/wp-content\/uploads\/2019\/12\/Specialties.jpg\" data-size=\"347x179\" src=\"data:image\/png;base64,iVBORw0KGgoAAAANSUhEUgAAAAEAAAABCAQAAAC1HAwCAAAAC0lEQVR42mNkYAAAAAYAAjCB0C8AAAAASUVORK5CYII=\" alt=\"\"><\/a>\n              <\/div>\n            <\/div>\n            <div class='grid-content-wrapper'>\n              <div class='grid-title'>\n                <h2> <a href='https:\/\/www.baliocean.com\/de\/specialty_courses'> PADI SPEZIALKURSE <\/a> <\/h2>\n              <\/div>\n              <div class='grid-desc'>\n                <p> <p>Durch die in Bali vorhandenen PADI Spezialkurse kannst du deine Kurse mit tollen Tauchg\u00e4ngen und Abenteuern gestalten. Nat\u00fcrlich er\u00f6ffnet dir eine PADI Zertifizierung den Zugang zum Meer aber die PADI Spezialkurse lassen dich Unterwassererfahrungen sammeln, die dich tief in deinem Inneren ber\u00fchren werden.<\/p>\n <\/p>\n              <\/div>\n            <\/div>\n          <\/div>\n          \n          <div class='grid-item col-lg-4 col-md-6 col-sm-12'>\n            <div class='grid-image-wrapper'>\n              <div class='grid-image'> <a href='https:\/\/www.baliocean.com\/de\/padi_courses_elearning'><img class=\"lazyload\" data-src=\"https:\/\/www.baliocean.com\/de\/wp-content\/uploads\/2019\/12\/eLearning.jpg\" data-size=\"347x179\" src=\"data:image\/png;base64,iVBORw0KGgoAAAANSUhEUgAAAAEAAAABCAQAAAC1HAwCAAAAC0lEQVR42mNkYAAAAAYAAjCB0C8AAAAASUVORK5CYII=\" alt=\"\"><\/a>\n              <\/div>\n            <\/div>\n            <div class='grid-content-wrapper'>\n              <div class='grid-title'>\n                <h2> <a href='https:\/\/www.baliocean.com\/de\/padi_courses_elearning'> PADI ELEARNING <\/a> <\/h2>\n              <\/div>\n              <div class='grid-desc'>\n                <p> <p>Du m\u00f6chtest einen einfachen Start haben und deinen PADI Tauchkurs mit Blue Season Bali online beginnen? Kein Problem! Mit der PADI Vorreiter Technologie hast du die M\u00f6glichkeit, die gesamte Theorie deines Tauchkurses online von zu Hause aus zu absolvieren.<\/p>\n <\/p>\n              <\/div>\n            <\/div>\n          <\/div>\n              <\/div>\n  <\/div>\n<\/div>\n<\/div><\/div><\/div><\/div><\/div><\/div><div id=\"pg-16055-1\"  class=\"panel-grid panel-has-style\" ><div class=\"siteorigin-panels-stretch panel-row-style panel-row-style-for-16055-1\" data-stretch-type=\"full-stretched\" data-sal=\"fade\" data-sal-easing=\"linear\" ><div id=\"pgc-16055-1-0\"  class=\"panel-grid-cell\" ><div id=\"panel-16055-1-0-0\" class=\"so-panel widget widget_imm-cta-widget panel-first-child panel-last-child\" data-index=\"2\" ><div data-sal=\"fade\" data-sal-easing=\"linear\" class=\"panel-widget-style panel-widget-style-for-16055-1-0-0\" ><div class=\"so-widget-imm-cta-widget so-widget-imm-cta-widget-default-d75171398898-16055\">\n\n<div class=\"imm-cta-widget\">\n  <div class=\"container\">\n    <div class=\"imm-cta-wrapper\">\n      <div class=\"row\">\n\n        <div class=\"col-lg-8 col-md-8\">\n          <div class=\"imm-cta-text\">\n            <p> <p>Bereit, einen PADI Tauchkurs auf Bali auszuprobieren? Kontaktiere uns noch heute.<\/p>\n<\/p>\n          <\/div>\n        <\/div>\n        <div class=\"col-lg-4 col-md-4\">\n          <div class=\"imm-cta-type\">\n            <a class='button' href=\"#contact\"> Kontaktiere uns <\/a>\n          <\/div>\n        <\/div>\n      <\/div>\n    <\/div>\n  <\/div>\n<\/div>\n<\/div><\/div><\/div><\/div><\/div><\/div><div id=\"pg-16055-2\"  class=\"panel-grid panel-has-style\" ><div data-sal=\"fade\" data-sal-easing=\"linear\" class=\"panel-row-style panel-row-style-for-16055-2\" ><div id=\"pgc-16055-2-0\"  class=\"panel-grid-cell\" ><div id=\"panel-16055-2-0-0\" class=\"so-panel widget widget_imm-accordion panel-first-child panel-last-child\" data-index=\"3\" ><div data-sal=\"fade\" data-sal-easing=\"linear\" class=\"panel-widget-style panel-widget-style-for-16055-2-0-0\" ><div class=\"so-widget-imm-accordion so-widget-imm-accordion-default-d75171398898-16055\">\n<div class=\"accordion imm-accordion-widget\" id=\"imm-accordion_69d8d6e07f4b9\">\n    <div class=\"card\">\n    <div class=\"card-header active\">\n      <div class=\"card-header-prepend\">\n        <span class=\"icon\"><i class=\"fas fa-plus\"><\/i><\/span>\n      <\/div>\n      <button class=\"btn title\" type=\"button\" data-toggle=\"collapse\" data-target=\"#imm-acc-item_69d8d6e07f4bb\" aria-expanded=\"true\" aria-controls=\"imm-acc-item_69d8d6e07f4bb\">\n        SPEZIELLE PROGRAMME F\u00dcR KINDER      <\/button>\n    <\/div>\n\n    <div id=\"imm-acc-item_69d8d6e07f4bb\" class=\"collapse show\" data-parent=\"#imm-accordion_69d8d6e07f4b9\">\n      <div class=\"card-body\">\n        <div class=\"scroll-accordion\">\n          <p>Wir haben tolle Programme extra zugeschnitten auf Kinder, um ihnen die wunderbare Welt des Tauchens zu zeigen. Wir starten erst im Pool und die Kinder lernen die Kenntnisse, die sie f\u00fcr ihre tollen Abenteuer im Meer ben\u00f6tigen.<\/p>\n        <\/div>\n      <\/div>\n    <\/div>\n  <\/div>\n    <div class=\"card\">\n    <div class=\"card-header \">\n      <div class=\"card-header-prepend\">\n        <span class=\"icon\"><i class=\"fas fa-plus\"><\/i><\/span>\n      <\/div>\n      <button class=\"btn title\" type=\"button\" data-toggle=\"collapse\" data-target=\"#imm-acc-item_69d8d6e07f4bd\" aria-expanded=\"false\" aria-controls=\"imm-acc-item_69d8d6e07f4bd\">\n        ONLINE TRAINING COURSES      <\/button>\n    <\/div>\n\n    <div id=\"imm-acc-item_69d8d6e07f4bd\" class=\"collapse \" data-parent=\"#imm-accordion_69d8d6e07f4b9\">\n      <div class=\"card-body\">\n        <div class=\"scroll-accordion\">\n          <p>Um dein Training zu unterst\u00fctzen und um dir mehr Zeit zum Entspannen und zur Konzentration auf deine Tauchf\u00e4higkeiten zu geben haben wir viele PADI Trainingskurse eingef\u00fchrt, die du online absolvieren kannst. Du hast Zugang zu allen Materialien und sparst Zeit.\u00a0<a href=\"https:\/\/www.baliocean.com\/de\/courses\/elearning\/\">Klicke hier<\/a> f\u00fcr weitere Informationen.<\/p>\n        <\/div>\n      <\/div>\n    <\/div>\n  <\/div>\n    <div class=\"card\">\n    <div class=\"card-header \">\n      <div class=\"card-header-prepend\">\n        <span class=\"icon\"><i class=\"fas fa-plus\"><\/i><\/span>\n      <\/div>\n      <button class=\"btn title\" type=\"button\" data-toggle=\"collapse\" data-target=\"#imm-acc-item_69d8d6e07f4bf\" aria-expanded=\"false\" aria-controls=\"imm-acc-item_69d8d6e07f4bf\">\n        INKLUSIVE      <\/button>\n    <\/div>\n\n    <div id=\"imm-acc-item_69d8d6e07f4bf\" class=\"collapse \" data-parent=\"#imm-accordion_69d8d6e07f4b9\">\n      <div class=\"card-body\">\n        <div class=\"scroll-accordion\">\n          <ul>\n<li>Alle Tranfers von und zu deinem Hotel (Sanur, Kuta, Seminyak, Nusa Dua, Tanjung Benoa und Jimbaran).<\/li>\n<li>Komplette Tauchausr\u00fcstung<\/li>\n<li>PADI Materialien, die du behalten darfst<\/li>\n<li>PADI Zertifizierung<\/li>\n<li>Mittagessen und Trinkwasser w\u00e4hrend des Kurses<\/li>\n<li>Strandhandt\u00fccher<\/li>\n<li>Tauchversicherung<\/li>\n<li>Alle Kurse werden von einem stets auf aktuellstem Stand und versicherten PADI<\/li>\n<li>Tauchlehrer durchgef\u00fchrt<\/li>\n<\/ul>\n        <\/div>\n      <\/div>\n    <\/div>\n  <\/div>\n    <div class=\"card\">\n    <div class=\"card-header \">\n      <div class=\"card-header-prepend\">\n        <span class=\"icon\"><i class=\"fas fa-plus\"><\/i><\/span>\n      <\/div>\n      <button class=\"btn title\" type=\"button\" data-toggle=\"collapse\" data-target=\"#imm-acc-item_69d8d6e07f4c0\" aria-expanded=\"false\" aria-controls=\"imm-acc-item_69d8d6e07f4c0\">\n        ZUS\u00c4TZLICHE INFORMATIONEN      <\/button>\n    <\/div>\n\n    <div id=\"imm-acc-item_69d8d6e07f4c0\" class=\"collapse \" data-parent=\"#imm-accordion_69d8d6e07f4b9\">\n      <div class=\"card-body\">\n        <div class=\"scroll-accordion\">\n          <p>Wusstest du, dass du unsere PADI Kurse auch kombinieren kannst? Mache deinen PADI Peak Performance Bouyancy Kurs (Tarierung in Perfektion) w\u00e4hrend du deinen PADI Open Water Kurs absolvierst; f\u00fcge den PADI Nitrox Spezialtauchkurs oder den PADI Advanced Open Water Kurs zu deinem PADI Open Water Kurs hinzu und spare Geld. Wirf einen Blick auf unsere Spezialkurse-Seite oder kontaktiere uns f\u00fcr weitere Informationen.<\/p>\n        <\/div>\n      <\/div>\n    <\/div>\n  <\/div>\n  <\/div>\n<\/div><\/div><\/div><\/div><div id=\"pgc-16055-2-1\"  class=\"panel-grid-cell\" ><div id=\"panel-16055-2-1-0\" class=\"so-panel widget widget_imm-text-widget panel-first-child panel-last-child\" data-index=\"4\" ><div id=\"contact\" data-sal=\"fade\" data-sal-easing=\"linear\" class=\"panel-widget-style panel-widget-style-for-16055-2-1-0\" ><div class=\"so-widget-imm-text-widget so-widget-imm-text-widget-default-d75171398898-16055\">\n\n<div class=\"imm-text-widget\">\n  <div class=\"imm-text-wrapper\">\n    <div class=\"container\">\n\n                    <div class=\"desc imm-text-desc\">\n          <p><div role=\"form\" class=\"wpcf7\" id=\"wpcf7-f20599-o1\" lang=\"en-US\" dir=\"ltr\">\n<div class=\"screen-reader-response\"><p role=\"status\" aria-live=\"polite\" aria-atomic=\"true\"><\/p> <ul><\/ul><\/div>\n<form action=\"\/de\/wp-json\/wp\/v2\/pages\/16055#wpcf7-f20599-o1\" method=\"post\" class=\"wpcf7-form init\" novalidate=\"novalidate\" data-status=\"init\">\n<div style=\"display: none;\">\n<input type=\"hidden\" name=\"_wpcf7\" value=\"20599\" \/>\n<input type=\"hidden\" name=\"_wpcf7_version\" value=\"5.5.6.1\" \/>\n<input type=\"hidden\" name=\"_wpcf7_locale\" value=\"en_US\" \/>\n<input type=\"hidden\" name=\"_wpcf7_unit_tag\" value=\"wpcf7-f20599-o1\" \/>\n<input type=\"hidden\" name=\"_wpcf7_container_post\" value=\"0\" \/>\n<input type=\"hidden\" name=\"_wpcf7_posted_data_hash\" value=\"\" \/>\n<input type=\"hidden\" name=\"_wpcf7_recaptcha_response\" value=\"\" \/>\n<\/div>\n<h4 class=\"m-0\" style=\"font-weight:700; color:#818181\"> KONTAKTIERE UNS<br \/>\n <\/h4>\n<p>Dein Name (ben\u00f6tigt)<br \/>\n    <span class=\"wpcf7-form-control-wrap your-name\"><input type=\"text\" name=\"your-name\" value=\"\" size=\"40\" class=\"wpcf7-form-control wpcf7-text wpcf7-validates-as-required\" aria-required=\"true\" aria-invalid=\"false\" \/><\/span> <\/p>\n<p>Email Adresse (ben\u00f6tigt)<br \/>\n    <span class=\"wpcf7-form-control-wrap your-email\"><input type=\"email\" name=\"your-email\" value=\"\" size=\"40\" class=\"wpcf7-form-control wpcf7-text wpcf7-email wpcf7-validates-as-required wpcf7-validates-as-email\" aria-required=\"true\" aria-invalid=\"false\" \/><\/span> <\/p>\n<p>Whatsapp Nummer<br \/>\n    <span class=\"wpcf7-form-control-wrap your-whatsapp\"><input type=\"text\" name=\"your-whatsapp\" value=\"\" size=\"40\" class=\"wpcf7-form-control wpcf7-text\" aria-invalid=\"false\" \/><\/span> <\/p>\n<p>Nachricht<br \/>\n    <span class=\"wpcf7-form-control-wrap your-message\"><textarea name=\"your-message\" cols=\"40\" rows=\"10\" class=\"wpcf7-form-control wpcf7-textarea\" aria-invalid=\"false\"><\/textarea><\/span> <\/p>\n<p class=\"mb-3\">This site is protected by reCAPTCHA and the Google <a href=\"https:\/\/policies.google.com\/privacy\">Privacy Policy<\/a> and <a href=\"https:\/\/policies.google.com\/terms\">Terms of Service<\/a> apply.<\/p>\n<p class=\"mb-3\">\tIf you do not receive confirmation the message was sent immediately there may be an issue with the connection, please try again.<\/p>\n<p><input type=\"submit\" value=\"SENDEN\" class=\"wpcf7-form-control has-spinner wpcf7-submit\" \/><\/p>\n<div class=\"form-response\">\n<div class=\"wpcf7-response-output\" aria-hidden=\"true\"><\/div>\n<\/div>\n<\/form><\/div><\/p>\n        <\/div>\n      \n    <\/div>\n  <\/div>\n<\/div>\n<\/div><\/div><\/div><\/div><\/div><\/div><div id=\"pg-16055-3\"  class=\"panel-grid panel-has-style\" ><div class=\"siteorigin-panels-stretch panel-row-style panel-row-style-for-16055-3\" data-stretch-type=\"full-stretched\" data-sal=\"fade\" data-sal-easing=\"linear\" ><div id=\"pgc-16055-3-0\"  class=\"panel-grid-cell\" ><div id=\"panel-16055-3-0-0\" class=\"so-panel widget widget_imm-cta-widget panel-first-child panel-last-child\" data-index=\"5\" ><div data-sal=\"fade\" data-sal-easing=\"linear\" class=\"panel-widget-style panel-widget-style-for-16055-3-0-0\" ><div class=\"so-widget-imm-cta-widget so-widget-imm-cta-widget-default-d75171398898-16055\">\n\n<div class=\"imm-cta-widget\">\n  <div class=\"container\">\n    <div class=\"imm-cta-wrapper\">\n      <div class=\"row\">\n\n        <div class=\"col-lg-8 col-md-8\">\n          <div class=\"imm-cta-text\">\n            <p> <p>Du bist noch nie getaucht? Dann wird es h\u00f6chste Zeit f\u00fcr ein PADI Schnuppertauchen!<\/p>\n<\/p>\n          <\/div>\n        <\/div>\n        <div class=\"col-lg-4 col-md-4\">\n          <div class=\"imm-cta-type\">\n            <a class='text' href=\"https:\/\/www.baliocean.com\/de\/padi_courses_discover_scuba_diving\"> PADI Schnuppertauchen <\/a>\n          <\/div>\n        <\/div>\n      <\/div>\n    <\/div>\n  <\/div>\n<\/div>\n<\/div><\/div><\/div><\/div><\/div><\/div><\/div>","protected":false},"excerpt":{"rendered":"<p>PADI KURSE Bist du bereit, tauchen zu lernen oder bist du bereits ein erfahrener Taucher und suchst nach einer M\u00f6glichkeit, dein Leben zu ver\u00e4ndern und ein professioneller Divemaster, Tauchguide oder Tauchlehrer zu werden? Vielleicht hast du schon nach M\u00f6glichkeiten gesucht, um deine Tauchkenntnisse und -f\u00e4higkeiten auszubauen, um ein noch besserer Taucher zu werden und deinen [&hellip;]<\/p>\n","protected":false},"author":1,"featured_media":0,"parent":0,"menu_order":0,"comment_status":"open","ping_status":"open","template":"","meta":[],"acf":[],"yoast_head":"<!-- This site is optimized with the Yoast SEO plugin v17.9 - https:\/\/yoast.com\/wordpress\/plugins\/seo\/ -->\n<title>Tauchen lernen auf Bali: PADI Tauchkurse<\/title>\n<meta name=\"description\" content=\"Mache mit uns einen tollen Tauchkurs hier auf Bali. Melde dich online an und starte deine Kurstheorie ganz bequem von Zuhause.\" \/>\n<meta name=\"robots\" content=\"index, follow, max-snippet:-1, max-image-preview:large, max-video-preview:-1\" \/>\n<link rel=\"canonical\" href=\"https:\/\/www.baliocean.com\/de\/scuba-tauchkurse-bali\/\" \/>\n<!-- \/ Yoast SEO plugin. -->","yoast_head_json":{"title":"Tauchen lernen auf Bali: PADI Tauchkurse","description":"Mache mit uns einen tollen Tauchkurs hier auf Bali. Melde dich online an und starte deine Kurstheorie ganz bequem von Zuhause.","robots":{"index":"index","follow":"follow","max-snippet":"max-snippet:-1","max-image-preview":"max-image-preview:large","max-video-preview":"max-video-preview:-1"},"canonical":"https:\/\/www.baliocean.com\/de\/scuba-tauchkurse-bali\/"},"_links":{"self":[{"href":"https:\/\/www.baliocean.com\/de\/wp-json\/wp\/v2\/pages\/16055"}],"collection":[{"href":"https:\/\/www.baliocean.com\/de\/wp-json\/wp\/v2\/pages"}],"about":[{"href":"https:\/\/www.baliocean.com\/de\/wp-json\/wp\/v2\/types\/page"}],"author":[{"embeddable":true,"href":"https:\/\/www.baliocean.com\/de\/wp-json\/wp\/v2\/users\/1"}],"replies":[{"embeddable":true,"href":"https:\/\/www.baliocean.com\/de\/wp-json\/wp\/v2\/comments?post=16055"}],"version-history":[{"count":9,"href":"https:\/\/www.baliocean.com\/de\/wp-json\/wp\/v2\/pages\/16055\/revisions"}],"predecessor-version":[{"id":20960,"href":"https:\/\/www.baliocean.com\/de\/wp-json\/wp\/v2\/pages\/16055\/revisions\/20960"}],"wp:attachment":[{"href":"https:\/\/www.baliocean.com\/de\/wp-json\/wp\/v2\/media?parent=16055"}],"curies":[{"name":"wp","href":"https:\/\/api.w.org\/{rel}","templated":true}]}}