{"id":16057,"date":"2015-07-28T01:06:35","date_gmt":"2015-07-28T01:06:35","guid":{"rendered":"http:\/\/staging.baliocean.com\/?page_id=16057"},"modified":"2020-01-16T05:39:50","modified_gmt":"2020-01-16T05:39:50","slug":"safari","status":"publish","type":"page","link":"https:\/\/www.baliocean.com\/de\/tauchsafaris","title":{"rendered":"Tauchsafaris"},"content":{"rendered":"<div id=\"pl-16057\"  class=\"panel-layout\" ><div id=\"pg-16057-0\"  class=\"panel-grid panel-has-style\" ><div data-sal=\"fade\" data-sal-easing=\"linear\" class=\"panel-row-style panel-row-style-for-16057-0\" ><div id=\"pgc-16057-0-0\"  class=\"panel-grid-cell\" ><div id=\"panel-16057-0-0-0\" class=\"so-panel widget widget_imm-text-widget panel-first-child\" data-index=\"0\" ><div data-sal=\"fade\" data-sal-easing=\"linear\" class=\"panel-widget-style panel-widget-style-for-16057-0-0-0\" ><div class=\"so-widget-imm-text-widget so-widget-imm-text-widget-default-d75171398898-16057\">\n\n<div class=\"imm-text-widget\">\n  <div class=\"imm-text-wrapper\">\n    <div class=\"container\">\n\n              <div class=\"title title-separator imm-text-title\">\n          <h1> Blue Season Bali Safaris<\/h1>\n        <\/div>\n                    <div class=\"desc imm-text-desc\">\n          <p>Willst du mit einem Mondfisch oder einem Manta tauchen und so viel Zeit wie m\u00f6glich im Wasser verbringen? Einen spektakul\u00e4ren Nachttauchgang an einem mysteri\u00f6sen Wrack in Tulamben machen oder die faszinierende Unterwasserwelt in Nordbali entdecken? M\u00f6chtest du neben dem Tauchen in Bali auch die wundersch\u00f6ne Landschaft, wie die tiefgr\u00fcnen Reisterrassen und die beeindruckenden Vulkane in Bali sehen und zus\u00e4tzlich auch noch etwas \u00fcber die balinesische Kultur erfahren?<\/p>\n        <\/div>\n      \n    <\/div>\n  <\/div>\n<\/div>\n<\/div><\/div><\/div><div id=\"panel-16057-0-0-1\" class=\"so-panel widget widget_imm-grid-layout panel-last-child\" data-index=\"1\" ><div data-sal=\"fade\" data-sal-easing=\"linear\" class=\"panel-widget-style panel-widget-style-for-16057-0-0-1\" ><div class=\"so-widget-imm-grid-layout so-widget-imm-grid-layout-default-d75171398898-16057\">\n<div class=\"imm-grid-layout\">\n  <div class=\"grid-wrapper\">\n    <div class=\"row\">\n    \n          <div class='grid-item col-lg-4 col-md-6 col-sm-12'>\n            <div class='grid-image-wrapper'>\n              <div class='grid-image'> <img class=\"lazyload\" data-src=\"https:\/\/www.baliocean.com\/de\/wp-content\/uploads\/2016\/02\/Mantablog.jpg\" data-size=\"752x500\" src=\"data:image\/png;base64,iVBORw0KGgoAAAANSUhEUgAAAAEAAAABCAQAAAC1HAwCAAAAC0lEQVR42mNkYAAAAAYAAjCB0C8AAAAASUVORK5CYII=\" alt=\"\">\n              <\/div>\n            <\/div>\n            <div class='grid-content-wrapper'>\n              <div class='grid-title'>\n                <h2> MOLA MOLA MANTA MADNESS <\/h2>\n              <\/div>\n              <div class='grid-desc'>\n                <p> <p>Drei fantastische Tage in Nusa Penida, auf der Suche nach dem ber\u00fchmten Mondfisch und den faszinierenden Mantas! Diese Safari ist perfekt f\u00fcr Pelagial \u2013 Liebhaber \u2013 hier wird ein Traum Wirklichkeit. Die Safari beinhaltet Unterkunft und Transporte.<\/p>\n <\/p>\n              <\/div>\n            <\/div>\n          <\/div>\n          \n          <div class='grid-item col-lg-4 col-md-6 col-sm-12'>\n            <div class='grid-image-wrapper'>\n              <div class='grid-image'> <img class=\"lazyload\" data-src=\"https:\/\/www.baliocean.com\/de\/wp-content\/uploads\/2019\/12\/Tulamben-Exploration.jpg\" data-size=\"351x234\" src=\"data:image\/png;base64,iVBORw0KGgoAAAANSUhEUgAAAAEAAAABCAQAAAC1HAwCAAAAC0lEQVR42mNkYAAAAAYAAjCB0C8AAAAASUVORK5CYII=\" alt=\"\">\n              <\/div>\n            <\/div>\n            <div class='grid-content-wrapper'>\n              <div class='grid-title'>\n                <h2> TULAMBEN EXPLORATION <\/h2>\n              <\/div>\n              <div class='grid-desc'>\n                <p> <p>Erkunde Riffe, Wracks, das Makro Leben und vieles weitere, was der Norden von Bali zu bieten hat \u2013 und das alles auf einer fantastischen Tauchsafari. Spare dir die Wegzeit, um so mehr Zeit zum Entspannen am Pool und zum Geniessen deines Urlaubes zu haben.<\/p>\n <\/p>\n              <\/div>\n            <\/div>\n          <\/div>\n          \n          <div class='grid-item col-lg-4 col-md-6 col-sm-12'>\n            <div class='grid-image-wrapper'>\n              <div class='grid-image'> <img class=\"lazyload\" data-src=\"https:\/\/www.baliocean.com\/de\/wp-content\/uploads\/2019\/12\/Best-of-Bali.jpg\" data-size=\"351x234\" src=\"data:image\/png;base64,iVBORw0KGgoAAAANSUhEUgAAAAEAAAABCAQAAAC1HAwCAAAAC0lEQVR42mNkYAAAAAYAAjCB0C8AAAAASUVORK5CYII=\" alt=\"\">\n              <\/div>\n            <\/div>\n            <div class='grid-content-wrapper'>\n              <div class='grid-title'>\n                <h2> DAS BESTE VON BALI <\/h2>\n              <\/div>\n              <div class='grid-desc'>\n                <p> <p>Diese Safari kombiniert einige der sch\u00f6nsten Tauchpl\u00e4tze Balis. Du profitierst hier von der grossartigen Kombination der Mola Mola Manta Madness Safari und der Tulamben Exploration.<\/p>\n <\/p>\n              <\/div>\n            <\/div>\n          <\/div>\n          \n          <div class='grid-item col-lg-4 col-md-6 col-sm-12'>\n            <div class='grid-image-wrapper'>\n              <div class='grid-image'> <img class=\"lazyload\" data-src=\"https:\/\/www.baliocean.com\/de\/wp-content\/uploads\/2016\/05\/bali-diving-padang-bai-1024x585-1.jpg\" data-size=\"410x234\" src=\"data:image\/png;base64,iVBORw0KGgoAAAANSUhEUgAAAAEAAAABCAQAAAC1HAwCAAAAC0lEQVR42mNkYAAAAAYAAjCB0C8AAAAASUVORK5CYII=\" alt=\"\">\n              <\/div>\n            <\/div>\n            <div class='grid-content-wrapper'>\n              <div class='grid-title'>\n                <h2> SCH\u00d6NES BALI <\/h2>\n              <\/div>\n              <div class='grid-desc'>\n                <p> <p>Buche diese Safari, um einen Mix der Nusa Penida und Menjangan Tauchseiten zu erhalten. Diese Safari ist vor allem f\u00fcr Naturliebhaber geeignet, da hier eine \u00dcbernachtung in Balis westlich gelegenem National Park inkludiert ist, um die Menjangan Insel zu besuchen.<\/p>\n <\/p>\n              <\/div>\n            <\/div>\n          <\/div>\n          \n          <div class='grid-item col-lg-4 col-md-6 col-sm-12'>\n            <div class='grid-image-wrapper'>\n              <div class='grid-image'> <img class=\"lazyload\" data-src=\"https:\/\/www.baliocean.com\/de\/wp-content\/uploads\/2019\/11\/Octopus351.jpg\" data-size=\"351x234\" src=\"data:image\/png;base64,iVBORw0KGgoAAAANSUhEUgAAAAEAAAABCAQAAAC1HAwCAAAAC0lEQVR42mNkYAAAAAYAAjCB0C8AAAAASUVORK5CYII=\" alt=\"\">\n              <\/div>\n            <\/div>\n            <div class='grid-content-wrapper'>\n              <div class='grid-title'>\n                <h2> DAS VOLLE PROGRAMM <\/h2>\n              <\/div>\n              <div class='grid-desc'>\n                <p> <p>Du m\u00f6chtest am liebsten \u00fcberall auf Bali tauchen? Dann ist diese Safari genau das richtige f\u00fcr dich. In 12 Tagen rund um die ganze Insel! Ausgehend vom Menjangan Nationalpark, zum faszinierenden Schiffswrack in Tulamben und weiter ganz runter in den S\u00fcden Balis, um rund um Nusa Penida zu tauchen.<\/p>\n <\/p>\n              <\/div>\n            <\/div>\n          <\/div>\n          \n          <div class='grid-item col-lg-4 col-md-6 col-sm-12'>\n            <div class='grid-image-wrapper'>\n              <div class='grid-image'> <a href='https:\/\/www.baliocean.com\/de\/safari\/menjangan\/'><img class=\"lazyload\" data-src=\"https:\/\/www.baliocean.com\/de\/wp-content\/uploads\/2019\/12\/Menjangan.jpg\" data-size=\"351x234\" src=\"data:image\/png;base64,iVBORw0KGgoAAAANSUhEUgAAAAEAAAABCAQAAAC1HAwCAAAAC0lEQVR42mNkYAAAAAYAAjCB0C8AAAAASUVORK5CYII=\" alt=\"\"><\/a>\n              <\/div>\n            <\/div>\n            <div class='grid-content-wrapper'>\n              <div class='grid-title'>\n                <h2> <a href='https:\/\/www.baliocean.com\/de\/safari\/menjangan\/'> MENJANGAN <\/a> <\/h2>\n              <\/div>\n              <div class='grid-desc'>\n                <p> <p>Blue Season Bali arbeitet auch mit dem Menjangan National Park am Menjangan Resort zusammen. Hier kannst du tolle Steilw\u00e4nde unter Wasser betauchen und vielleicht einen Mandarinfisch entdecken.<\/p>\n <\/p>\n              <\/div>\n            <\/div>\n          <\/div>\n              <\/div>\n  <\/div>\n<\/div>\n<\/div><\/div><\/div><\/div><\/div><\/div><div id=\"pg-16057-1\"  class=\"panel-grid panel-has-style\" ><div class=\"siteorigin-panels-stretch panel-row-style panel-row-style-for-16057-1\" data-stretch-type=\"full-stretched\" data-sal=\"fade\" data-sal-easing=\"linear\" ><div id=\"pgc-16057-1-0\"  class=\"panel-grid-cell\" ><div id=\"panel-16057-1-0-0\" class=\"so-panel widget widget_imm-cta-widget panel-first-child panel-last-child\" data-index=\"2\" ><div data-sal=\"fade\" data-sal-easing=\"linear\" class=\"panel-widget-style panel-widget-style-for-16057-1-0-0\" ><div class=\"so-widget-imm-cta-widget so-widget-imm-cta-widget-default-d75171398898-16057\">\n\n<div class=\"imm-cta-widget\">\n  <div class=\"container\">\n    <div class=\"imm-cta-wrapper\">\n      <div class=\"row\">\n\n        <div class=\"col-lg-8 col-md-8\">\n          <div class=\"imm-cta-text\">\n            <p> <p>Bereit, einige der fantastischen Tauchseiten in Bali zu entdecken? Kontaktiere uns noch heute.<\/p>\n<\/p>\n          <\/div>\n        <\/div>\n        <div class=\"col-lg-4 col-md-4\">\n          <div class=\"imm-cta-type\">\n            <a class='button' href=\"#contact\"> Kontaktiere uns <\/a>\n          <\/div>\n        <\/div>\n      <\/div>\n    <\/div>\n  <\/div>\n<\/div>\n<\/div><\/div><\/div><\/div><\/div><\/div><div id=\"pg-16057-2\"  class=\"panel-grid panel-has-style\" ><div data-sal=\"fade\" data-sal-easing=\"linear\" class=\"panel-row-style panel-row-style-for-16057-2\" ><div id=\"pgc-16057-2-0\"  class=\"panel-grid-cell\" ><div id=\"panel-16057-2-0-0\" class=\"so-panel widget widget_imm-accordion panel-first-child panel-last-child\" data-index=\"3\" ><div data-sal=\"fade\" data-sal-easing=\"linear\" class=\"panel-widget-style panel-widget-style-for-16057-2-0-0\" ><div class=\"so-widget-imm-accordion so-widget-imm-accordion-default-d75171398898-16057\">\n<div class=\"accordion imm-accordion-widget\" id=\"imm-accordion_69de3bb43434a\">\n    <div class=\"card\">\n    <div class=\"card-header active\">\n      <div class=\"card-header-prepend\">\n        <span class=\"icon\"><i class=\"fas fa-plus\"><\/i><\/span>\n      <\/div>\n      <button class=\"btn title\" type=\"button\" data-toggle=\"collapse\" data-target=\"#imm-acc-item_69de3bb43434c\" aria-expanded=\"true\" aria-controls=\"imm-acc-item_69de3bb43434c\">\n        ZUS\u00c4TZLICHE INFORMATIONEN      <\/button>\n    <\/div>\n\n    <div id=\"imm-acc-item_69de3bb43434c\" class=\"collapse show\" data-parent=\"#imm-accordion_69de3bb43434a\">\n      <div class=\"card-body\">\n        <div class=\"scroll-accordion\">\n          <p>Die Sommermonate auf Bali k\u00f6nnen sehr stressig und voll sein \u2013 Onlinebuchungen sind daher bei uns sehr willkommen. Wir k\u00f6nnen dir durch deine Onlinebuchung dein Platz auf dem Boot und deine richtigen Gr\u00f6ssen f\u00fcr deine Tauchausr\u00fcstung reservieren. Bei Bedarf k\u00f6nnen wir dir auch noch eine digitale Unterwasserkamera f\u00fcr deinen Tauchgang bereithalten. Wirf einen Blick auf \u201cWarum Blue Season Bali\u201d um mehr Informationen zu erhalten. Alle unsere Tauchtrips k\u00f6nnen wir auch in Kooperation mit einem PADI Tauchkurs anbieten. Warum also nicht mal einen PADI Enriched Air (Nitrox) Spezialkurs bei deinem n\u00e4chsten Tauchgang ausprobieren?<\/p>\n        <\/div>\n      <\/div>\n    <\/div>\n  <\/div>\n    <div class=\"card\">\n    <div class=\"card-header \">\n      <div class=\"card-header-prepend\">\n        <span class=\"icon\"><i class=\"fas fa-plus\"><\/i><\/span>\n      <\/div>\n      <button class=\"btn title\" type=\"button\" data-toggle=\"collapse\" data-target=\"#imm-acc-item_69de3bb43434e\" aria-expanded=\"false\" aria-controls=\"imm-acc-item_69de3bb43434e\">\n        TAUCH GUIDES      <\/button>\n    <\/div>\n\n    <div id=\"imm-acc-item_69de3bb43434e\" class=\"collapse \" data-parent=\"#imm-accordion_69de3bb43434a\">\n      <div class=\"card-body\">\n        <div class=\"scroll-accordion\">\n          <p>Hier bei Blue Season Bali sind wir sehr stolz auf die hochwertige Qualit\u00e4t unserer Tauchguides. Unsere Senior Tauchguides Putu und Wayan haben tausende Tauchg\u00e4nge in der Region rund um Bali gemacht und werden immer und immer wieder angefragt. Warum? Sie sind die absolut besten Tauchguides in Bali, wenn du etwas Besonderes und Seltenes wie beispielsweise aussergew\u00f6hnliches Unterwasserleben oder einen riesigen Mondfisch finden m\u00f6chtest.<\/p>\n        <\/div>\n      <\/div>\n    <\/div>\n  <\/div>\n    <div class=\"card\">\n    <div class=\"card-header \">\n      <div class=\"card-header-prepend\">\n        <span class=\"icon\"><i class=\"fas fa-plus\"><\/i><\/span>\n      <\/div>\n      <button class=\"btn title\" type=\"button\" data-toggle=\"collapse\" data-target=\"#imm-acc-item_69de3bb43434f\" aria-expanded=\"false\" aria-controls=\"imm-acc-item_69de3bb43434f\">\n        INFOS \u00dcBER EQUIPMENT UND AUSSTATTUNG      <\/button>\n    <\/div>\n\n    <div id=\"imm-acc-item_69de3bb43434f\" class=\"collapse \" data-parent=\"#imm-accordion_69de3bb43434a\">\n      <div class=\"card-body\">\n        <div class=\"scroll-accordion\">\n          <p>Die Ausr\u00fcstung zum Tauchen kann bei uns ohne Aufpreis ausgeliehen werden. Nitrox Auff\u00fcllungen sind bei uns gegen einen Aufpreis von IDR  100 000 pro F\u00fcllung erh\u00e4ltlich. Mit Mittagessen werden wir ausgestattet von SMORGAS und unserem hier ans\u00e4ssigen Chef, der f\u00fcr Blue Season arbeitet. Du kannst zwischen leckeren Sandwichs oder dem traditionell indonesischem Essen wie Nasi Goreng und Mie Goreng w\u00e4hlen. Nat\u00fcrlich gibt es bei uns auch vegetarisches Essen. Wenn du mit Blue Season Bali tauchen gehst, musst du nur deine Zertifizierungskarte und dein Logbuch mitbringen. Du solltest zudem noch deine Badekleidung, eine Sonnenbrille, Sonnencreme und \u2013 wenn du eine Kamera hast \u2013 auch eine Kamera einpacken. Wusstest du, dass wir auch tolle digitale Unterwasserkameras ausleihen? Die Leihgeb\u00fchr betr\u00e4gt IDR  750 000 pro Tag. Du bekommst f\u00fcr diesen Preis auch noch eine 8GB SD Speicherkarte dazu, die du sogar behalten darfst.<\/p>\n        <\/div>\n      <\/div>\n    <\/div>\n  <\/div>\n    <div class=\"card\">\n    <div class=\"card-header \">\n      <div class=\"card-header-prepend\">\n        <span class=\"icon\"><i class=\"fas fa-plus\"><\/i><\/span>\n      <\/div>\n      <button class=\"btn title\" type=\"button\" data-toggle=\"collapse\" data-target=\"#imm-acc-item_69de3bb434350\" aria-expanded=\"false\" aria-controls=\"imm-acc-item_69de3bb434350\">\n        INKLUSIVE      <\/button>\n    <\/div>\n\n    <div id=\"imm-acc-item_69de3bb434350\" class=\"collapse \" data-parent=\"#imm-accordion_69de3bb43434a\">\n      <div class=\"card-body\">\n        <div class=\"scroll-accordion\">\n          <ul>\n<li>Renommierte und versicherte PADI Divemaster \/ Tauchlehrer<\/li>\n<li>Alle \u00dcberland-Transporte werden in klimatisierten Bussen gemacht<\/li>\n<li>Kostenloses WLAN an unserem Tauchcenter<\/li>\n<li>Mittagessen, Trinkwasser, Tee und Kaffee<\/li>\n<li>Gewichtg\u00fcrtel, Gewichte und Tanks<\/li>\n<li>Handt\u00fccher<\/li>\n<li>Alle Park- und Transportgeb\u00fchren<\/li>\n<li>Taucherversicherung<\/li>\n<\/ul>\n        <\/div>\n      <\/div>\n    <\/div>\n  <\/div>\n  <\/div>\n<\/div><\/div><\/div><\/div><div id=\"pgc-16057-2-1\"  class=\"panel-grid-cell\" ><div id=\"panel-16057-2-1-0\" class=\"so-panel widget widget_imm-text-widget panel-first-child panel-last-child\" data-index=\"4\" ><div id=\"contact\" data-sal=\"fade\" data-sal-easing=\"linear\" class=\"panel-widget-style panel-widget-style-for-16057-2-1-0\" ><div class=\"so-widget-imm-text-widget so-widget-imm-text-widget-default-d75171398898-16057\">\n\n<div class=\"imm-text-widget\">\n  <div class=\"imm-text-wrapper\">\n    <div class=\"container\">\n\n                    <div class=\"desc imm-text-desc\">\n          <p><div role=\"form\" class=\"wpcf7\" id=\"wpcf7-f20599-o1\" lang=\"en-US\" dir=\"ltr\">\n<div class=\"screen-reader-response\"><p role=\"status\" aria-live=\"polite\" aria-atomic=\"true\"><\/p> <ul><\/ul><\/div>\n<form action=\"\/de\/wp-json\/wp\/v2\/pages\/16057#wpcf7-f20599-o1\" method=\"post\" class=\"wpcf7-form init\" novalidate=\"novalidate\" data-status=\"init\">\n<div style=\"display: none;\">\n<input type=\"hidden\" name=\"_wpcf7\" value=\"20599\" \/>\n<input type=\"hidden\" name=\"_wpcf7_version\" value=\"5.5.6.1\" \/>\n<input type=\"hidden\" name=\"_wpcf7_locale\" value=\"en_US\" \/>\n<input type=\"hidden\" name=\"_wpcf7_unit_tag\" value=\"wpcf7-f20599-o1\" \/>\n<input type=\"hidden\" name=\"_wpcf7_container_post\" value=\"0\" \/>\n<input type=\"hidden\" name=\"_wpcf7_posted_data_hash\" value=\"\" \/>\n<input type=\"hidden\" name=\"_wpcf7_recaptcha_response\" value=\"\" \/>\n<\/div>\n<h4 class=\"m-0\" style=\"font-weight:700; color:#818181\"> KONTAKTIERE UNS<br \/>\n <\/h4>\n<p>Dein Name (ben\u00f6tigt)<br \/>\n    <span class=\"wpcf7-form-control-wrap your-name\"><input type=\"text\" name=\"your-name\" value=\"\" size=\"40\" class=\"wpcf7-form-control wpcf7-text wpcf7-validates-as-required\" aria-required=\"true\" aria-invalid=\"false\" \/><\/span> <\/p>\n<p>Email Adresse (ben\u00f6tigt)<br \/>\n    <span class=\"wpcf7-form-control-wrap your-email\"><input type=\"email\" name=\"your-email\" value=\"\" size=\"40\" class=\"wpcf7-form-control wpcf7-text wpcf7-email wpcf7-validates-as-required wpcf7-validates-as-email\" aria-required=\"true\" aria-invalid=\"false\" \/><\/span> <\/p>\n<p>Whatsapp Nummer<br \/>\n    <span class=\"wpcf7-form-control-wrap your-whatsapp\"><input type=\"text\" name=\"your-whatsapp\" value=\"\" size=\"40\" class=\"wpcf7-form-control wpcf7-text\" aria-invalid=\"false\" \/><\/span> <\/p>\n<p>Nachricht<br \/>\n    <span class=\"wpcf7-form-control-wrap your-message\"><textarea name=\"your-message\" cols=\"40\" rows=\"10\" class=\"wpcf7-form-control wpcf7-textarea\" aria-invalid=\"false\"><\/textarea><\/span> <\/p>\n<p class=\"mb-3\">This site is protected by reCAPTCHA and the Google <a href=\"https:\/\/policies.google.com\/privacy\">Privacy Policy<\/a> and <a href=\"https:\/\/policies.google.com\/terms\">Terms of Service<\/a> apply.<\/p>\n<p class=\"mb-3\">\tIf you do not receive confirmation the message was sent immediately there may be an issue with the connection, please try again.<\/p>\n<p><input type=\"submit\" value=\"SENDEN\" class=\"wpcf7-form-control has-spinner wpcf7-submit\" \/><\/p>\n<div class=\"form-response\">\n<div class=\"wpcf7-response-output\" aria-hidden=\"true\"><\/div>\n<\/div>\n<\/form><\/div><\/p>\n        <\/div>\n      \n    <\/div>\n  <\/div>\n<\/div>\n<\/div><\/div><\/div><\/div><\/div><\/div><div id=\"pg-16057-3\"  class=\"panel-grid panel-has-style\" ><div class=\"siteorigin-panels-stretch panel-row-style panel-row-style-for-16057-3\" data-stretch-type=\"full-stretched\" data-sal=\"fade\" data-sal-easing=\"linear\" ><div id=\"pgc-16057-3-0\"  class=\"panel-grid-cell\" ><div id=\"panel-16057-3-0-0\" class=\"so-panel widget widget_imm-cta-widget panel-first-child panel-last-child\" data-index=\"5\" ><div data-sal=\"fade\" data-sal-easing=\"linear\" class=\"panel-widget-style panel-widget-style-for-16057-3-0-0\" ><div class=\"so-widget-imm-cta-widget so-widget-imm-cta-widget-default-d75171398898-16057\">\n\n<div class=\"imm-cta-widget\">\n  <div class=\"container\">\n    <div class=\"imm-cta-wrapper\">\n      <div class=\"row\">\n\n        <div class=\"col-lg-8 col-md-8\">\n          <div class=\"imm-cta-text\">\n            <p> <p>Was kommt als n\u00e4chstes ?<\/p>\n<\/p>\n          <\/div>\n        <\/div>\n        <div class=\"col-lg-4 col-md-4\">\n          <div class=\"imm-cta-type\">\n            <a class='text' href=\"https:\/\/www.baliocean.com\/de\/safari\/menjangan\/\"> MENJANGAN <\/a>\n          <\/div>\n        <\/div>\n      <\/div>\n    <\/div>\n  <\/div>\n<\/div>\n<\/div><\/div><\/div><\/div><\/div><\/div><\/div>","protected":false},"excerpt":{"rendered":"<p>Blue Season Bali Safaris Willst du mit einem Mondfisch oder einem Manta tauchen und so viel Zeit wie m\u00f6glich im Wasser verbringen? Einen spektakul\u00e4ren Nachttauchgang an einem mysteri\u00f6sen Wrack in Tulamben machen oder die faszinierende Unterwasserwelt in Nordbali entdecken? M\u00f6chtest du neben dem Tauchen in Bali auch die wundersch\u00f6ne Landschaft, wie die tiefgr\u00fcnen Reisterrassen und [&hellip;]<\/p>\n","protected":false},"author":1,"featured_media":0,"parent":0,"menu_order":0,"comment_status":"open","ping_status":"open","template":"","meta":[],"acf":[],"yoast_head":"<!-- This site is optimized with the Yoast SEO plugin v17.9 - https:\/\/yoast.com\/wordpress\/plugins\/seo\/ -->\n<title>Bali Tauchsafaris | Blue Season Bali<\/title>\n<meta name=\"description\" content=\"Starte hier, um mehr \u00fcber unsere Tauchsafaris zu erfahren. Erlebe alles, was Bali zu bieten hat, in einem - mit einer gut organisierten Safari.\" \/>\n<meta name=\"robots\" content=\"index, follow, max-snippet:-1, max-image-preview:large, max-video-preview:-1\" \/>\n<link rel=\"canonical\" href=\"https:\/\/www.baliocean.com\/de\/tauchsafaris\/\" \/>\n<!-- \/ Yoast SEO plugin. -->","yoast_head_json":{"title":"Bali Tauchsafaris | Blue Season Bali","description":"Starte hier, um mehr \u00fcber unsere Tauchsafaris zu erfahren. Erlebe alles, was Bali zu bieten hat, in einem - mit einer gut organisierten Safari.","robots":{"index":"index","follow":"follow","max-snippet":"max-snippet:-1","max-image-preview":"max-image-preview:large","max-video-preview":"max-video-preview:-1"},"canonical":"https:\/\/www.baliocean.com\/de\/tauchsafaris\/"},"_links":{"self":[{"href":"https:\/\/www.baliocean.com\/de\/wp-json\/wp\/v2\/pages\/16057"}],"collection":[{"href":"https:\/\/www.baliocean.com\/de\/wp-json\/wp\/v2\/pages"}],"about":[{"href":"https:\/\/www.baliocean.com\/de\/wp-json\/wp\/v2\/types\/page"}],"author":[{"embeddable":true,"href":"https:\/\/www.baliocean.com\/de\/wp-json\/wp\/v2\/users\/1"}],"replies":[{"embeddable":true,"href":"https:\/\/www.baliocean.com\/de\/wp-json\/wp\/v2\/comments?post=16057"}],"version-history":[{"count":9,"href":"https:\/\/www.baliocean.com\/de\/wp-json\/wp\/v2\/pages\/16057\/revisions"}],"predecessor-version":[{"id":20984,"href":"https:\/\/www.baliocean.com\/de\/wp-json\/wp\/v2\/pages\/16057\/revisions\/20984"}],"wp:attachment":[{"href":"https:\/\/www.baliocean.com\/de\/wp-json\/wp\/v2\/media?parent=16057"}],"curies":[{"name":"wp","href":"https:\/\/api.w.org\/{rel}","templated":true}]}}