{"id":16059,"date":"2015-07-28T01:07:33","date_gmt":"2015-07-28T01:07:33","guid":{"rendered":"http:\/\/staging.baliocean.com\/?page_id=16059"},"modified":"2020-02-04T13:43:57","modified_gmt":"2020-02-04T05:43:57","slug":"gopro","status":"publish","type":"page","link":"https:\/\/www.baliocean.com\/de\/gopro","title":{"rendered":"GoPro"},"content":{"rendered":"<div id=\"pl-16059\"  class=\"panel-layout\" ><div id=\"pg-16059-0\"  class=\"panel-grid panel-has-style\" ><div data-sal=\"fade\" data-sal-easing=\"linear\" class=\"panel-row-style panel-row-style-for-16059-0\" ><div id=\"pgc-16059-0-0\"  class=\"panel-grid-cell\" ><div id=\"panel-16059-0-0-0\" class=\"so-panel widget widget_imm-text-widget panel-first-child\" data-index=\"0\" ><div data-sal=\"fade\" data-sal-easing=\"linear\" class=\"panel-widget-style panel-widget-style-for-16059-0-0-0\" ><div class=\"so-widget-imm-text-widget so-widget-imm-text-widget-default-d75171398898-16059\">\n\n<div class=\"imm-text-widget\">\n  <div class=\"imm-text-wrapper\">\n    <div class=\"container\">\n\n              <div class=\"title title-separator imm-text-title\">\n          <h1> PADI Tauchpraktika Bali<\/h1>\n        <\/div>\n                    <div class=\"desc imm-text-desc\">\n          <p>Wenn du ein PADI Scuba Diving Praktikum bei Blue Season Bali beginnst, startest du gleichzeitig eine Karriere, die dich dein ganzes Leben begleiten wird. Ein Abenteuer, das dich an Orte bringt, von denen andere nur tr\u00e4umen k\u00f6nnen. Unsere PADI Divemaster, PADI Assistant Instructor und PADI Tauchlehrerausbildung Programme in Bali erm\u00f6glichen dir, mit unseren Tauchern in einem der besten Tauchgebiete der Welt, n\u00e4mlich hier in Indonesien, zu tauchen und zu arbeiten. Alle unsere Programme haben einen einzigarten und unvergleichlichen Fokus auf den Umweltschutz. Meeresbiologen haben spezialisierte Programme geschrieben, die wirklich helfen, die Unterwasserwelt zu verstehen. Dies macht dich nicht nur zu einem sehr gut informierten professionellen Taucher. Du kannst das Wissen sehr gut anwenden und es wird dich weiterbringen. W\u00e4hrend deines Divemaster Praktikums oder deiner Tauchlehrerausbildung wirst du alle Facetten unserer Tauchschule kennenlernen. Die Hauptaufgabe ist allerdings sicherzustellen, dass du erf\u00e4hrst und lernst wie es ist, als professioneller Taucher in der Tauchindustrie zu arbeiten.<\/p>\n        <\/div>\n      \n    <\/div>\n  <\/div>\n<\/div>\n<\/div><\/div><\/div><div id=\"panel-16059-0-0-1\" class=\"so-panel widget widget_imm-grid-layout panel-last-child\" data-index=\"1\" ><div data-sal=\"fade\" data-sal-easing=\"linear\" class=\"panel-widget-style panel-widget-style-for-16059-0-0-1\" ><div class=\"so-widget-imm-grid-layout so-widget-imm-grid-layout-default-d75171398898-16059\">\n<div class=\"imm-grid-layout\">\n  <div class=\"grid-wrapper\">\n    <div class=\"row\">\n    \n          <div class='grid-item col-lg-4 col-md-6 col-sm-12'>\n            <div class='grid-image-wrapper'>\n              <div class='grid-image'> <img class=\"lazyload\" data-src=\"https:\/\/www.baliocean.com\/de\/wp-content\/uploads\/2019\/12\/Divemaster-Internships.jpg\" data-size=\"351x234\" src=\"data:image\/png;base64,iVBORw0KGgoAAAANSUhEUgAAAAEAAAABCAQAAAC1HAwCAAAAC0lEQVR42mNkYAAAAAYAAjCB0C8AAAAASUVORK5CYII=\" alt=\"\">\n              <\/div>\n            <\/div>\n            <div class='grid-content-wrapper'>\n              <div class='grid-title'>\n                <h2> DIVEMASTER PRAKTIKUM <\/h2>\n              <\/div>\n              <div class='grid-desc'>\n                <p> <p>Melde dich f\u00fcr ein PADI Divemaster Praktikum an. Wir bieten dir ein 1, 2 oder 4 monatiges Praktikum an, abh\u00e4ngig von deinen Zielen und deiner verf\u00fcgbaren Zeit hier auf Bali.<\/p>\n<p>&nbsp;<\/p>\n<p>Preis beginnt bei <strong>IDR 22.000pp<\/strong> (Alle Preise in Indonesischen Rupiah x 1000) bitte <a href=\"https:\/\/www.baliocean.com\/de\/kontakt\">kontaktiere uns<\/a> f\u00fcr mehr details zu Preisen und Packages.<\/p>\n <\/p>\n              <\/div>\n            <\/div>\n          <\/div>\n          \n          <div class='grid-item col-lg-4 col-md-6 col-sm-12'>\n            <div class='grid-image-wrapper'>\n              <div class='grid-image'> <img class=\"lazyload\" data-src=\"https:\/\/www.baliocean.com\/de\/wp-content\/uploads\/2019\/12\/Instructor-Internships.jpg\" data-size=\"351x234\" src=\"data:image\/png;base64,iVBORw0KGgoAAAANSUhEUgAAAAEAAAABCAQAAAC1HAwCAAAAC0lEQVR42mNkYAAAAAYAAjCB0C8AAAAASUVORK5CYII=\" alt=\"\">\n              <\/div>\n            <\/div>\n            <div class='grid-content-wrapper'>\n              <div class='grid-title'>\n                <h2> TAUCHLEHRERAUSBILDUNG <\/h2>\n              <\/div>\n              <div class='grid-desc'>\n                <p> <p>Wir bieten dir eine Tauchlehrerausbildung, Master Scuba Diving Kurse, Staff Instructor Praktikum oder ein komplettes von Zero to Hero Programm an. Ein PADI Professional hier auf Bali zu werden bedeutet, das Tauchen in einer der besten Regionen der Welt zu erleben.<\/p>\n<p>&nbsp;<\/p>\n<p>Preis beginnt bei <strong>IDRContact Uspp<\/strong> (Alle Preise in Indonesischen Rupiah x 1000) bitte <a href=\"https:\/\/www.baliocean.com\/de\/kontakt\">kontaktiere uns<\/a> f\u00fcr mehr details zu Preisen und Packages.<\/p>\n <\/p>\n              <\/div>\n            <\/div>\n          <\/div>\n          \n          <div class='grid-item col-lg-4 col-md-6 col-sm-12'>\n            <div class='grid-image-wrapper'>\n              <div class='grid-image'> <img class=\"lazyload\" data-src=\"https:\/\/www.baliocean.com\/de\/wp-content\/uploads\/2019\/12\/Tec.jpg\" data-size=\"351x234\" src=\"data:image\/png;base64,iVBORw0KGgoAAAANSUhEUgAAAAEAAAABCAQAAAC1HAwCAAAAC0lEQVR42mNkYAAAAAYAAjCB0C8AAAAASUVORK5CYII=\" alt=\"\">\n              <\/div>\n            <\/div>\n            <div class='grid-content-wrapper'>\n              <div class='grid-title'>\n                <h2> TEC <\/h2>\n              <\/div>\n              <div class='grid-desc'>\n                <p> <p>Melde dich f\u00fcr einen PADI Tec 40, Tec 45 oder Tec 50 Taucherlevel Kurs an. Du bist bereits zertifiziert? Dann melde dich f\u00fcr ein fantastisches Technical Diving Instructor Pratktikum an.<\/p>\n<p>&nbsp;<\/p>\n<p>Preis beginnt bei <strong>IDRContact Uspp<\/strong> (Alle Preise in Indonesischen Rupiah x 1000) bitte <a href=\"https:\/\/www.baliocean.com\/de\/kontakt\">kontaktiere uns<\/a> f\u00fcr mehr details zu Preisen und Packages.<\/p>\n <\/p>\n              <\/div>\n            <\/div>\n          <\/div>\n              <\/div>\n  <\/div>\n<\/div>\n<\/div><\/div><\/div><\/div><\/div><\/div><div id=\"pg-16059-1\"  class=\"panel-grid panel-has-style\" ><div class=\"siteorigin-panels-stretch panel-row-style panel-row-style-for-16059-1\" data-stretch-type=\"full-stretched\" data-sal=\"fade\" data-sal-easing=\"linear\" ><div id=\"pgc-16059-1-0\"  class=\"panel-grid-cell\" ><div id=\"panel-16059-1-0-0\" class=\"so-panel widget widget_imm-cta-widget panel-first-child panel-last-child\" data-index=\"2\" ><div data-sal=\"fade\" data-sal-easing=\"linear\" class=\"panel-widget-style panel-widget-style-for-16059-1-0-0\" ><div class=\"so-widget-imm-cta-widget so-widget-imm-cta-widget-default-d75171398898-16059\">\n\n<div class=\"imm-cta-widget\">\n  <div class=\"container\">\n    <div class=\"imm-cta-wrapper\">\n      <div class=\"row\">\n\n        <div class=\"col-lg-8 col-md-8\">\n          <div class=\"imm-cta-text\">\n            <p> <p>Bereit, dich f\u00fcr ein professionelles Tauchpraktikum anzumelden? Kontaktiere uns noch heute.<\/p>\n<\/p>\n          <\/div>\n        <\/div>\n        <div class=\"col-lg-4 col-md-4\">\n          <div class=\"imm-cta-type\">\n            <a class='button' href=\"#contact\"> Kontaktiere uns <\/a>\n          <\/div>\n        <\/div>\n      <\/div>\n    <\/div>\n  <\/div>\n<\/div>\n<\/div><\/div><\/div><\/div><\/div><\/div><div id=\"pg-16059-2\"  class=\"panel-grid panel-has-style\" ><div data-sal=\"fade\" data-sal-easing=\"linear\" class=\"panel-row-style panel-row-style-for-16059-2\" ><div id=\"pgc-16059-2-0\"  class=\"panel-grid-cell\" ><div id=\"panel-16059-2-0-0\" class=\"so-panel widget widget_imm-accordion panel-first-child panel-last-child\" data-index=\"3\" ><div data-sal=\"fade\" data-sal-easing=\"linear\" class=\"panel-widget-style panel-widget-style-for-16059-2-0-0\" ><div class=\"so-widget-imm-accordion so-widget-imm-accordion-default-d75171398898-16059\">\n<div class=\"accordion imm-accordion-widget\" id=\"imm-accordion_69f1b6dba1c42\">\n    <div class=\"card\">\n    <div class=\"card-header active\">\n      <div class=\"card-header-prepend\">\n        <span class=\"icon\"><i class=\"fas fa-plus\"><\/i><\/span>\n      <\/div>\n      <button class=\"btn title\" type=\"button\" data-toggle=\"collapse\" data-target=\"#imm-acc-item_69f1b6dba1c44\" aria-expanded=\"true\" aria-controls=\"imm-acc-item_69f1b6dba1c44\">\n        INKLUSIVE      <\/button>\n    <\/div>\n\n    <div id=\"imm-acc-item_69f1b6dba1c44\" class=\"collapse show\" data-parent=\"#imm-accordion_69f1b6dba1c42\">\n      <div class=\"card-body\">\n        <div class=\"scroll-accordion\">\n          <ul>\n<li>Unterkunft, Doppelzimmer mit getrennten Betten in der N\u00e4he der Tauchschule in Sanur<\/li>\n<li>Jobvermittlungsservice \u2013 Blue Season Bali hat ein Netzwerk voller Tauchindustriemitglieder, die immer auf der Suche nach neuen Mitarbeitern sind. Absolviere dein Praktikum erfolgreich und wir werden dir helfen, die Erfolge daraus zu ziehen<\/li>\n<li>frei zug\u00e4ngliches WLAN in unserer Tauchschule<\/li>\n<li>Taucherversicherung \u2013 garantiert dir Sicherheit w\u00e4hrend deines kompletten Aufenthaltes in Bali<\/li>\n<li>Mittagessen, Trinkwasser und Handt\u00fccher \u2013 an allen Trainingstagen<\/li>\n<\/ul>\n<p>*Schaue dir jedes Praktikum nochmal genauer an, um die exakten Inklusionen zu erhalten<\/p>\n        <\/div>\n      <\/div>\n    <\/div>\n  <\/div>\n    <div class=\"card\">\n    <div class=\"card-header \">\n      <div class=\"card-header-prepend\">\n        <span class=\"icon\"><i class=\"fas fa-plus\"><\/i><\/span>\n      <\/div>\n      <button class=\"btn title\" type=\"button\" data-toggle=\"collapse\" data-target=\"#imm-acc-item_69f1b6dba1c46\" aria-expanded=\"false\" aria-controls=\"imm-acc-item_69f1b6dba1c46\">\n        WORKSHOPS UND SEMINARE      <\/button>\n    <\/div>\n\n    <div id=\"imm-acc-item_69f1b6dba1c46\" class=\"collapse \" data-parent=\"#imm-accordion_69f1b6dba1c42\">\n      <div class=\"card-body\">\n        <div class=\"scroll-accordion\">\n          <p>Abh\u00e4ngig von deinem gew\u00e4hlten Praktikum, wirst du eine Menge an speziellen Seminaren und Workshops machen, wie Kundenservice, Verkauf von Equipment und Service, Benutzung des Kompressors und Tanks f\u00fcllen, Organisieren von speziellen Umweltentsorgungen, Aufbau eines Lebenslaufs.<br \/>\nDies sind nur ein paar der Extras, die du erhalten wirst. Vielleicht hast du mittlerweile gemerkt, dass Blue Season Bali ein Vorreiter in Sachen Tauchpraktika auf Bali ist.<\/p>\n        <\/div>\n      <\/div>\n    <\/div>\n  <\/div>\n    <div class=\"card\">\n    <div class=\"card-header \">\n      <div class=\"card-header-prepend\">\n        <span class=\"icon\"><i class=\"fas fa-plus\"><\/i><\/span>\n      <\/div>\n      <button class=\"btn title\" type=\"button\" data-toggle=\"collapse\" data-target=\"#imm-acc-item_69f1b6dba1c47\" aria-expanded=\"false\" aria-controls=\"imm-acc-item_69f1b6dba1c47\">\n        TAUCHAUSR\u00dcSTUNG      <\/button>\n    <\/div>\n\n    <div id=\"imm-acc-item_69f1b6dba1c47\" class=\"collapse \" data-parent=\"#imm-accordion_69f1b6dba1c42\">\n      <div class=\"card-body\">\n        <div class=\"scroll-accordion\">\n          <p>Die Ausr\u00fcstung zum Tauchen kann bei uns ohne Aufpreis ausgeliehen werden. Nitrox Auff\u00fcllungen sind bei uns gegen einen Aufpreis von IDR  100,000 pro F\u00fcllung erh\u00e4ltlich. Mit Mittagessen werden wir ausgestattet von SMORGAS und unserem hier ans\u00e4ssigen Chef, der f\u00fcr Blue Season arbeitet. Du kannst zwischen leckeren Sandwichs oder dem traditionell indonesischem Essen wie Nasi Goreng und Mie Goreng w\u00e4hlen. Nat\u00fcrlich gibt es bei uns auch vegetarisches Essen. Wenn du mit Blue Season Bali tauchen gehst, musst du nur deine Zertifizierungskarte und dein Logbuch mitbringen. Du solltest zudem noch deine Badekleidung, eine Sonnenbrille, Sonnencreme und - wenn du eine Kamera hast - auch eine Kamera einpacken. Wusstest du, dass wir auch tolle digitale Unterwasserkameras ausleihen? Die Leihgeb\u00fchr betr\u00e4gt IDR  750,000 pro Tag. Du bekommst f\u00fcr diesen Preis auch noch eine 8GB SD Speicherkarte dazu, die du sogar behalten darfst.<\/p>\n        <\/div>\n      <\/div>\n    <\/div>\n  <\/div>\n    <div class=\"card\">\n    <div class=\"card-header \">\n      <div class=\"card-header-prepend\">\n        <span class=\"icon\"><i class=\"fas fa-plus\"><\/i><\/span>\n      <\/div>\n      <button class=\"btn title\" type=\"button\" data-toggle=\"collapse\" data-target=\"#imm-acc-item_69f1b6dba1c48\" aria-expanded=\"false\" aria-controls=\"imm-acc-item_69f1b6dba1c48\">\n        PROFESSIONELLES TEAM      <\/button>\n    <\/div>\n\n    <div id=\"imm-acc-item_69f1b6dba1c48\" class=\"collapse \" data-parent=\"#imm-accordion_69f1b6dba1c42\">\n      <div class=\"card-body\">\n        <div class=\"scroll-accordion\">\n          <p>Unser professionelles Team besteht auf der einen Seite aus unserem PADI PLATINUM Course Director Sam Norton. I Gusti Agus Artana assistiert als Intern Manager. Wir haben ein grosses Team an erfahrenen, multilingualen PADI Tauchlehrern, die dir gerne dabei helfen, deine Ziele im professionellen Tauchbereich zu erreichen.<\/p>\n        <\/div>\n      <\/div>\n    <\/div>\n  <\/div>\n  <\/div>\n<\/div><\/div><\/div><\/div><div id=\"pgc-16059-2-1\"  class=\"panel-grid-cell\" ><div id=\"panel-16059-2-1-0\" class=\"so-panel widget widget_imm-text-widget panel-first-child panel-last-child\" data-index=\"4\" ><div id=\"contact\" data-sal=\"fade\" data-sal-easing=\"linear\" class=\"panel-widget-style panel-widget-style-for-16059-2-1-0\" ><div class=\"so-widget-imm-text-widget so-widget-imm-text-widget-default-d75171398898-16059\">\n\n<div class=\"imm-text-widget\">\n  <div class=\"imm-text-wrapper\">\n    <div class=\"container\">\n\n                    <div class=\"desc imm-text-desc\">\n          <p><div role=\"form\" class=\"wpcf7\" id=\"wpcf7-f20599-o1\" lang=\"en-US\" dir=\"ltr\">\n<div class=\"screen-reader-response\"><p role=\"status\" aria-live=\"polite\" aria-atomic=\"true\"><\/p> <ul><\/ul><\/div>\n<form action=\"\/de\/wp-json\/wp\/v2\/pages\/16059#wpcf7-f20599-o1\" method=\"post\" class=\"wpcf7-form init\" novalidate=\"novalidate\" data-status=\"init\">\n<div style=\"display: none;\">\n<input type=\"hidden\" name=\"_wpcf7\" value=\"20599\" \/>\n<input type=\"hidden\" name=\"_wpcf7_version\" value=\"5.5.6.1\" \/>\n<input type=\"hidden\" name=\"_wpcf7_locale\" value=\"en_US\" \/>\n<input type=\"hidden\" name=\"_wpcf7_unit_tag\" value=\"wpcf7-f20599-o1\" \/>\n<input type=\"hidden\" name=\"_wpcf7_container_post\" value=\"0\" \/>\n<input type=\"hidden\" name=\"_wpcf7_posted_data_hash\" value=\"\" \/>\n<input type=\"hidden\" name=\"_wpcf7_recaptcha_response\" value=\"\" \/>\n<\/div>\n<h4 class=\"m-0\" style=\"font-weight:700; color:#818181\"> KONTAKTIERE UNS<br \/>\n <\/h4>\n<p>Dein Name (ben\u00f6tigt)<br \/>\n    <span class=\"wpcf7-form-control-wrap your-name\"><input type=\"text\" name=\"your-name\" value=\"\" size=\"40\" class=\"wpcf7-form-control wpcf7-text wpcf7-validates-as-required\" aria-required=\"true\" aria-invalid=\"false\" \/><\/span> <\/p>\n<p>Email Adresse (ben\u00f6tigt)<br \/>\n    <span class=\"wpcf7-form-control-wrap your-email\"><input type=\"email\" name=\"your-email\" value=\"\" size=\"40\" class=\"wpcf7-form-control wpcf7-text wpcf7-email wpcf7-validates-as-required wpcf7-validates-as-email\" aria-required=\"true\" aria-invalid=\"false\" \/><\/span> <\/p>\n<p>Whatsapp Nummer<br \/>\n    <span class=\"wpcf7-form-control-wrap your-whatsapp\"><input type=\"text\" name=\"your-whatsapp\" value=\"\" size=\"40\" class=\"wpcf7-form-control wpcf7-text\" aria-invalid=\"false\" \/><\/span> <\/p>\n<p>Nachricht<br \/>\n    <span class=\"wpcf7-form-control-wrap your-message\"><textarea name=\"your-message\" cols=\"40\" rows=\"10\" class=\"wpcf7-form-control wpcf7-textarea\" aria-invalid=\"false\"><\/textarea><\/span> <\/p>\n<p class=\"mb-3\">This site is protected by reCAPTCHA and the Google <a href=\"https:\/\/policies.google.com\/privacy\">Privacy Policy<\/a> and <a href=\"https:\/\/policies.google.com\/terms\">Terms of Service<\/a> apply.<\/p>\n<p class=\"mb-3\">\tIf you do not receive confirmation the message was sent immediately there may be an issue with the connection, please try again.<\/p>\n<p><input type=\"submit\" value=\"SENDEN\" class=\"wpcf7-form-control has-spinner wpcf7-submit\" \/><\/p>\n<div class=\"form-response\">\n<div class=\"wpcf7-response-output\" aria-hidden=\"true\"><\/div>\n<\/div>\n<\/form><\/div><\/p>\n        <\/div>\n      \n    <\/div>\n  <\/div>\n<\/div>\n<\/div><\/div><\/div><\/div><\/div><\/div><\/div>","protected":false},"excerpt":{"rendered":"<p>PADI Tauchpraktika Bali Wenn du ein PADI Scuba Diving Praktikum bei Blue Season Bali beginnst, startest du gleichzeitig eine Karriere, die dich dein ganzes Leben begleiten wird. Ein Abenteuer, das dich an Orte bringt, von denen andere nur tr\u00e4umen k\u00f6nnen. Unsere PADI Divemaster, PADI Assistant Instructor und PADI Tauchlehrerausbildung Programme in Bali erm\u00f6glichen dir, mit [&hellip;]<\/p>\n","protected":false},"author":1,"featured_media":0,"parent":0,"menu_order":0,"comment_status":"open","ping_status":"open","template":"","meta":[],"acf":[],"yoast_head":"<!-- This site is optimized with the Yoast SEO plugin v17.9 - https:\/\/yoast.com\/wordpress\/plugins\/seo\/ -->\n<title>Bali Divemaster &amp; Instructor Praktika | Blue Season Bali<\/title>\n<meta name=\"description\" content=\"Starte mit uns deine Reise in die professionelle Tauchwelt und werde ein PADI Professional; wir bieten Divemaster und Tauchlehrer Programme hier auf Bali an.\" \/>\n<meta name=\"robots\" content=\"index, follow, max-snippet:-1, max-image-preview:large, max-video-preview:-1\" \/>\n<link rel=\"canonical\" href=\"https:\/\/www.baliocean.com\/de\/gopro\/\" \/>\n<!-- \/ Yoast SEO plugin. -->","yoast_head_json":{"title":"Bali Divemaster & Instructor Praktika | Blue Season Bali","description":"Starte mit uns deine Reise in die professionelle Tauchwelt und werde ein PADI Professional; wir bieten Divemaster und Tauchlehrer Programme hier auf Bali an.","robots":{"index":"index","follow":"follow","max-snippet":"max-snippet:-1","max-image-preview":"max-image-preview:large","max-video-preview":"max-video-preview:-1"},"canonical":"https:\/\/www.baliocean.com\/de\/gopro\/"},"_links":{"self":[{"href":"https:\/\/www.baliocean.com\/de\/wp-json\/wp\/v2\/pages\/16059"}],"collection":[{"href":"https:\/\/www.baliocean.com\/de\/wp-json\/wp\/v2\/pages"}],"about":[{"href":"https:\/\/www.baliocean.com\/de\/wp-json\/wp\/v2\/types\/page"}],"author":[{"embeddable":true,"href":"https:\/\/www.baliocean.com\/de\/wp-json\/wp\/v2\/users\/1"}],"replies":[{"embeddable":true,"href":"https:\/\/www.baliocean.com\/de\/wp-json\/wp\/v2\/comments?post=16059"}],"version-history":[{"count":15,"href":"https:\/\/www.baliocean.com\/de\/wp-json\/wp\/v2\/pages\/16059\/revisions"}],"predecessor-version":[{"id":21033,"href":"https:\/\/www.baliocean.com\/de\/wp-json\/wp\/v2\/pages\/16059\/revisions\/21033"}],"wp:attachment":[{"href":"https:\/\/www.baliocean.com\/de\/wp-json\/wp\/v2\/media?parent=16059"}],"curies":[{"name":"wp","href":"https:\/\/api.w.org\/{rel}","templated":true}]}}