{"id":16063,"date":"2015-07-28T01:09:45","date_gmt":"2015-07-28T01:09:45","guid":{"rendered":"http:\/\/staging.baliocean.com\/?page_id=16063"},"modified":"2020-02-14T11:59:57","modified_gmt":"2020-02-14T03:59:57","slug":"contact-us","status":"publish","type":"page","link":"https:\/\/www.baliocean.com\/de\/kontakt","title":{"rendered":"Kontaktiere Uns"},"content":{"rendered":"<div id=\"pl-16063\"  class=\"panel-layout\" ><div id=\"pg-16063-0\"  class=\"panel-grid panel-has-style\" ><div class=\"siteorigin-panels-stretch panel-row-style panel-row-style-for-16063-0\" data-stretch-type=\"full-stretched\" data-sal=\"fade\" data-sal-easing=\"linear\" ><div id=\"pgc-16063-0-0\"  class=\"panel-grid-cell\" ><div id=\"panel-16063-0-0-0\" class=\"so-panel widget widget_sow-editor panel-first-child panel-last-child\" data-index=\"0\" ><div data-sal=\"fade\" data-sal-easing=\"linear\" class=\"panel-widget-style panel-widget-style-for-16063-0-0-0\" ><div class=\"so-widget-sow-editor so-widget-sow-editor-base\">\n<div class=\"siteorigin-widget-tinymce textwidget\">\n\t<iframe loading=\"lazy\" style=\"border: 0;\" src=\"https:\/\/www.google.com\/maps\/embed?pb=!1m18!1m12!1m3!1d3943.8433370714065!2d115.24883474981172!3d-8.7064232911031!2m3!1f0!2f0!3f0!3m2!1i1024!2i768!4f13.1!3m3!1m2!1s0x2dd241bd07f530f5%3A0xc8c6817fe05d49a5!2zQmx1ZSBTZWFzb24gQmFsaSAvIOODluODq-ODvOOCt-ODvOOCuuODs-ODu-ODkOODqg!5e0!3m2!1sen!2sid!4v1535963438049\" width=\"100%\" height=\"450\" frameborder=\"0\" allowfullscreen=\"allowfullscreen\"><\/iframe><\/div>\n<\/div><\/div><\/div><\/div><\/div><\/div><div id=\"pg-16063-1\"  class=\"panel-grid panel-has-style\" ><div data-sal=\"fade\" data-sal-easing=\"linear\" class=\"panel-row-style panel-row-style-for-16063-1\" ><div id=\"pgc-16063-1-0\"  class=\"panel-grid-cell\" ><div id=\"panel-16063-1-0-0\" class=\"so-panel widget widget_imm-text-widget panel-first-child panel-last-child\" data-index=\"1\" ><div data-sal=\"fade\" data-sal-easing=\"linear\" class=\"panel-widget-style panel-widget-style-for-16063-1-0-0\" ><div class=\"so-widget-imm-text-widget so-widget-imm-text-widget-default-d75171398898-16063\">\n\n<div class=\"imm-text-widget\">\n  <div class=\"imm-text-wrapper\">\n    <div class=\"container\">\n\n              <div class=\"title title-separator imm-text-title\">\n          <h1> KONTAKTIERE UNS<\/h1>\n        <\/div>\n                    <div class=\"desc imm-text-desc\">\n          <p style=\"text-align: center;\">Kontaktiere uns noch heute und erfahre mehr \u00fcber das Tauchen rund um Bali.<\/p>\n        <\/div>\n      \n    <\/div>\n  <\/div>\n<\/div>\n<\/div><\/div><\/div><\/div><\/div><\/div><div id=\"pg-16063-2\"  class=\"panel-grid panel-has-style\" ><div data-sal=\"fade\" data-sal-easing=\"linear\" class=\"panel-row-style panel-row-style-for-16063-2\" ><div id=\"pgc-16063-2-0\"  class=\"panel-grid-cell\" ><div id=\"panel-16063-2-0-0\" class=\"so-panel widget widget_imm-text-widget panel-first-child panel-last-child\" data-index=\"2\" ><div data-sal=\"fade\" data-sal-easing=\"linear\" class=\"panel-widget-style panel-widget-style-for-16063-2-0-0\" ><div class=\"so-widget-imm-text-widget so-widget-imm-text-widget-default-d75171398898-16063\">\n\n<div class=\"imm-text-widget\">\n  <div class=\"imm-text-wrapper\">\n    <div class=\"container\">\n\n                    <div class=\"desc imm-text-desc\">\n          <h3>UNSER B\u00dcRO<\/h3>\n<p>Jalan Danau Poso<\/p>\n<p>Gang Wanasari 3b<\/p>\n<p>Sanur, 80228<\/p>\n<p>Bali, Indonesia<\/p>\n<p>Email: <a href=\"mailto:divede@blueseasonbali.com\">divede@blueseasonbali.com<\/a><\/p>\n<p>Telefonnummer : <a href=\"tel:+62 361 270 852\">+62 361 270 852<\/a><\/p>\n<p>ODER Telefonnummer : <a href=\"tel:+62 811 385 5598\">+62 811 385 5598<\/a><\/p>\n<p>Fax: +62 361 270 842<\/p>\n<p><ul class=\"social-media-list\"><li class=\"facebook\"><a href=\"https:\/\/www.facebook.com\/blueseasonbalidiving\" target=\"_blank\"><i class=\"fab fa-facebook-f fa-fw\"><\/i><\/a><\/li><li class=\"whatsapp\"><a href=\"https:\/\/wa.me\/628113855598\" target=\"_blank\"><i class=\"fab fa-whatsapp fa-fw\"><\/i><\/a><\/li><li class=\"instagram\"><a href=\"https:\/\/instagram.com\/blueseasonbali\/\" target=\"_blank\"><i class=\"fab fa-instagram fa-fw\"><\/i><\/a><\/li><li class=\"youtube\"><a href=\"https:\/\/www.youtube.com\/user\/blueseasonbali\" target=\"_blank\"><i class=\"fab fa-youtube fa-fw\"><\/i><\/a><\/li><li class=\"tripadvisor\"><a href=\"https:\/\/www.tripadvisor.de\/Attraction_Review-g297700-d1946976-Reviews-Blue_Season_Bali-Sanur_Denpasar_Bali.html\" target=\"_blank\"><i class=\"fab fa-tripadvisor fa-fw\"><\/i><\/a><\/li><\/ul><\/p>\n<p><img class=\"wp-image-23966 size-full alignleft\" src=\"https:\/\/www.baliocean.com\/wp-content\/uploads\/2019\/11\/BSB-250.png\" alt=\"\" width=\"250\" height=\"140\" \/><\/p>\n        <\/div>\n      \n    <\/div>\n  <\/div>\n<\/div>\n<\/div><\/div><\/div><\/div><div id=\"pgc-16063-2-1\"  class=\"panel-grid-cell\" ><div id=\"panel-16063-2-1-0\" class=\"so-panel widget widget_sow-editor panel-first-child panel-last-child\" data-index=\"3\" ><div data-sal=\"fade\" data-sal-easing=\"linear\" class=\"panel-widget-style panel-widget-style-for-16063-2-1-0\" ><div class=\"so-widget-sow-editor so-widget-sow-editor-base\">\n<div class=\"siteorigin-widget-tinymce textwidget\">\n\t<div role=\"form\" class=\"wpcf7\" id=\"wpcf7-f20604-o1\" lang=\"en-US\" dir=\"ltr\">\n<div class=\"screen-reader-response\"><p role=\"status\" aria-live=\"polite\" aria-atomic=\"true\"><\/p> <ul><\/ul><\/div>\n<form action=\"\/de\/wp-json\/wp\/v2\/pages\/16063#wpcf7-f20604-o1\" method=\"post\" class=\"wpcf7-form init\" novalidate=\"novalidate\" data-status=\"init\">\n<div style=\"display: none;\">\n<input type=\"hidden\" name=\"_wpcf7\" value=\"20604\" \/>\n<input type=\"hidden\" name=\"_wpcf7_version\" value=\"5.5.6.1\" \/>\n<input type=\"hidden\" name=\"_wpcf7_locale\" value=\"en_US\" \/>\n<input type=\"hidden\" name=\"_wpcf7_unit_tag\" value=\"wpcf7-f20604-o1\" \/>\n<input type=\"hidden\" name=\"_wpcf7_container_post\" value=\"0\" \/>\n<input type=\"hidden\" name=\"_wpcf7_posted_data_hash\" value=\"\" \/>\n<input type=\"hidden\" name=\"_wpcf7_recaptcha_response\" value=\"\" \/>\n<\/div>\n<p style=\"float: left; width: 50%; margin-right: 5px;\">Vorname (ben\u00f6tigt)<br \/>\n    <span class=\"wpcf7-form-control-wrap first-name\"><input type=\"text\" name=\"first-name\" value=\"\" size=\"40\" class=\"wpcf7-form-control wpcf7-text wpcf7-validates-as-required\" aria-required=\"true\" aria-invalid=\"false\" \/><\/span> <\/p>\n<p style=\"float: left; width: 48%;\">Nachname (ben\u00f6tigt)<br \/>\n    <span class=\"wpcf7-form-control-wrap last-name\"><input type=\"text\" name=\"last-name\" value=\"\" size=\"40\" class=\"wpcf7-form-control wpcf7-text wpcf7-validates-as-required\" aria-required=\"true\" aria-invalid=\"false\" \/><\/span> <\/p>\n<p style=\"float: left; width: 50%; margin-right: 5px;\">Email Adresse (ben\u00f6tigt)<br \/>\n    <span class=\"wpcf7-form-control-wrap your-email\"><input type=\"email\" name=\"your-email\" value=\"\" size=\"40\" class=\"wpcf7-form-control wpcf7-text wpcf7-email wpcf7-validates-as-required wpcf7-validates-as-email\" aria-required=\"true\" aria-invalid=\"false\" \/><\/span> <\/p>\n<p style=\"float: left; width: 48%;\">Whatsapp Nummer (optional)<br \/>\n    <span class=\"wpcf7-form-control-wrap your-whatsapp\"><input type=\"text\" name=\"your-whatsapp\" value=\"\" size=\"40\" class=\"wpcf7-form-control wpcf7-text\" aria-invalid=\"false\" \/><\/span> <\/p>\n<p style=\"float: left; width:98%;\">Nachricht<br \/>\n    <span class=\"wpcf7-form-control-wrap your-message\"><textarea name=\"your-message\" cols=\"40\" rows=\"10\" class=\"wpcf7-form-control wpcf7-textarea\" aria-invalid=\"false\"><\/textarea><\/span> <\/p>\n<p style=\"float: left; width:98%;\">This site is protected by reCAPTCHA and the Google <a href=\"https:\/\/policies.google.com\/privacy\">Privacy Policy<\/a> and <a href=\"https:\/\/policies.google.com\/terms\">Terms of Service<\/a> apply.<\/p>\n<p style=\"float: left; width:98%;\">If you do not receive confirmation the message was sent immediately there may be an issue with the connection, please try again.<\/p>\n<p><input type=\"submit\" value=\"SENDEN\" class=\"wpcf7-form-control has-spinner wpcf7-submit\" \/><\/p>\n<div class=\"form-response\">\n<div class=\"wpcf7-response-output\" aria-hidden=\"true\"><\/div>\n<\/div>\n<\/form><\/div>\n<\/div>\n<\/div><\/div><\/div><\/div><\/div><\/div><\/div>","protected":false},"excerpt":{"rendered":"<p>KONTAKTIERE UNS Kontaktiere uns noch heute und erfahre mehr \u00fcber das Tauchen rund um Bali. UNSER B\u00dcRO Jalan Danau Poso Gang Wanasari 3b Sanur, 80228 Bali, Indonesia Email: divede@blueseasonbali.com Telefonnummer : +62 361 270 852 ODER Telefonnummer : +62 811 385 5598 Fax: +62 361 270 842 Vorname (ben\u00f6tigt) Nachname (ben\u00f6tigt) Email Adresse (ben\u00f6tigt) Whatsapp [&hellip;]<\/p>\n","protected":false},"author":1,"featured_media":0,"parent":0,"menu_order":0,"comment_status":"open","ping_status":"open","template":"","meta":[],"acf":[],"yoast_head":"<!-- This site is optimized with the Yoast SEO plugin v17.9 - https:\/\/yoast.com\/wordpress\/plugins\/seo\/ -->\n<title>Kontaktiere uns Blue Season Bali: Tauchen, PADI Kurse und Schnorcheln<\/title>\n<meta name=\"robots\" content=\"index, follow, max-snippet:-1, max-image-preview:large, max-video-preview:-1\" \/>\n<link rel=\"canonical\" href=\"https:\/\/www.baliocean.com\/de\/kontakt\/\" \/>\n<!-- \/ Yoast SEO plugin. -->","yoast_head_json":{"title":"Kontaktiere uns Blue Season Bali: Tauchen, PADI Kurse und Schnorcheln","robots":{"index":"index","follow":"follow","max-snippet":"max-snippet:-1","max-image-preview":"max-image-preview:large","max-video-preview":"max-video-preview:-1"},"canonical":"https:\/\/www.baliocean.com\/de\/kontakt\/"},"_links":{"self":[{"href":"https:\/\/www.baliocean.com\/de\/wp-json\/wp\/v2\/pages\/16063"}],"collection":[{"href":"https:\/\/www.baliocean.com\/de\/wp-json\/wp\/v2\/pages"}],"about":[{"href":"https:\/\/www.baliocean.com\/de\/wp-json\/wp\/v2\/types\/page"}],"author":[{"embeddable":true,"href":"https:\/\/www.baliocean.com\/de\/wp-json\/wp\/v2\/users\/1"}],"replies":[{"embeddable":true,"href":"https:\/\/www.baliocean.com\/de\/wp-json\/wp\/v2\/comments?post=16063"}],"version-history":[{"count":19,"href":"https:\/\/www.baliocean.com\/de\/wp-json\/wp\/v2\/pages\/16063\/revisions"}],"predecessor-version":[{"id":21050,"href":"https:\/\/www.baliocean.com\/de\/wp-json\/wp\/v2\/pages\/16063\/revisions\/21050"}],"wp:attachment":[{"href":"https:\/\/www.baliocean.com\/de\/wp-json\/wp\/v2\/media?parent=16063"}],"curies":[{"name":"wp","href":"https:\/\/api.w.org\/{rel}","templated":true}]}}