{"id":16210,"date":"2015-07-29T00:43:19","date_gmt":"2015-07-29T00:43:19","guid":{"rendered":"http:\/\/staging.baliocean.com\/snorkeling\/nusa-penida\/"},"modified":"2020-01-31T10:41:09","modified_gmt":"2020-01-31T02:41:09","slug":"schnorcheln_bali_nusa_penida","status":"publish","type":"page","link":"https:\/\/www.baliocean.com\/de\/schnorcheln-bali\/nusa-penida","title":{"rendered":"Nusa Penida"},"content":{"rendered":"<div id=\"pl-16210\"  class=\"panel-layout\" ><div id=\"pg-16210-0\"  class=\"panel-grid panel-has-style\" ><div data-sal=\"fade\" data-sal-easing=\"linear\" class=\"panel-row-style panel-row-style-for-16210-0\" ><div id=\"pgc-16210-0-0\"  class=\"panel-grid-cell\" ><div id=\"panel-16210-0-0-0\" class=\"so-panel widget widget_imm-image-text-with-price panel-first-child panel-last-child\" data-index=\"0\" ><div data-sal=\"fade\" data-sal-easing=\"linear\" class=\"panel-widget-style panel-widget-style-for-16210-0-0-0\" ><div class=\"so-widget-imm-image-text-with-price so-widget-imm-image-text-with-price-default-d75171398898-16210\"><section id=\"imm-price-tab-000\" class=\"imm-price-tab\">\n  <div class=\"container\">\n    <div class=\"imm-price-tab-wrapper\">\n      <div class=\"row\">\n        <div class=\"col-md-12 col-lg-6 col-12 col-sm-12 order-first\">\n          <div class=\"price-tab-image\">\n            <img class=\"lazyload\" data-src=\"https:\/\/www.baliocean.com\/de\/wp-content\/uploads\/2019\/12\/Snorkeling-NusaPenida-01.jpg\" data-size=\"535x410\" src=\"data:image\/png;base64,iVBORw0KGgoAAAANSUhEUgAAAAEAAAABCAQAAAC1HAwCAAAAC0lEQVR42mNkYAAAAAYAAjCB0C8AAAAASUVORK5CYII=\" alt=\"\">                      <\/div>\n\n        <\/div>\n        <div class=\"col-md-12 col-lg-6 col-12 col-sm-12 \">\n          <div class=\"price-tab-inner\">\n                          <div class=\"title title-separator price-tab-title\">\n                <h1> Schnorcheln in Nusa Penida <\/h1>              <\/div>\n                        <div class=\"desc price-tab-desc\">\n              <div class=\"tab-content\"><div class=\"tab-pane fade show active\" id=\"imm-price-tab-000-0\" role=\"tabpanel\"><p>Eine der sch\u00f6nsten Schnorchelseiten in Bali kann rund um die drei Inseln Nusa Penida, Nusa Lembongan und Nusa Ceningan gefunden werden. Unser Boot verl\u00e4sst den Hafen von Sanur t\u00e4glich. Es dauert ca. 45 Minuten bis zur Insel Nusa Penida gelangst. Unsere freundlichen und erfahrenen Tauchguides werden dir sehr gerne alles zeigen, was du in den Weiten des Meeres entdecken kannst \u2013 angefangen von gesunden Korallen in kristallklarem Wasser bis hin zu unvergesslichen Begegnugen mit den wundervollen Manta Rochen. Wir k\u00f6nnen dir versprechen, dass du eine Menge an tollen bunten Fischen sehen wirst und eine Unterwasserwelt, die dich staunen l\u00e4sst \u2013 die Unterwasserwelt rund um Bali ist einer der wenigen Pl\u00e4tze auf dieser Welt mit einer solch grossen Artenvielfalt. Wir werden drei verschiedene Schnorchelseiten w\u00e4hrend unseres Trips anfahren, damit du verschiedene Unterwasserwelten siehst. Normalerweise enden wir dann mit einem entspannten Str\u00f6mungsschnorcheln. Hier kannst du dich von der Str\u00f6mung treiben lassen und w\u00e4hrenddessen die unber\u00fchrten, vor Fischen wimmelnden Korallen betrachten.<\/p>\n<\/div><\/div>            <\/div>\n\n            \n            <div class=\"type-cta cta-price\">\n              <div class=\"row no-gutters\">\n                                                    \n                      <div class=\"col-md-4 col-lg-4 col-sm-12 col-12\">\n                        \n                                    <div class=\"price\">\n                                        <span><strong>IDR  1.800<\/strong>pp<\/span>\n                                    <\/div>\n                                                      <\/div>\n                   \n                                    \n                      <div class=\"col-md-4 col-lg-4 col-sm-12 col-12\">\n                        \n                                  <div class=\"cta\">\n                                      <a href=\"#contact\" class=\"button\">\n                                          BUCHE JETZT!\n                                      <\/a>\n                                  <\/div>\n                                                    <\/div>\n                   \n                                <\/div>\n                <div class=\"notes\">\n                  <p><strong>Alle Preise in Indonesischen Rupiah x 1000<br \/>\n<\/strong><strong>Hier geht es zum aktuellen<em><a href=\"http:\/\/www.xe.com\/currencyconverter\/convert\/?Amount=1&amp;From=IDR&amp;To=EUR\" target=\"_blank\" rel=\"noopener\"> IDR:EUR Wechselkurs.<\/a><\/em><\/strong><\/p>\n                <\/div>\n              <\/div>\n            <\/div>\n          <\/div>\n        <\/div>\n      <\/div>\n\n  <\/div>\n<\/section>\n<\/div><\/div><\/div><\/div><\/div><\/div><div id=\"pg-16210-1\"  class=\"panel-grid panel-has-style\" ><div class=\"siteorigin-panels-stretch panel-row-style panel-row-style-for-16210-1\" data-stretch-type=\"full-stretched\" data-sal=\"fade\" data-sal-easing=\"linear\" ><div id=\"pgc-16210-1-0\"  class=\"panel-grid-cell\" ><div id=\"panel-16210-1-0-0\" class=\"so-panel widget widget_imm-image-text-with-price panel-first-child\" data-index=\"1\" ><div data-sal=\"fade\" data-sal-easing=\"linear\" class=\"panel-widget-style panel-widget-style-for-16210-1-0-0\" ><div class=\"so-widget-imm-image-text-with-price so-widget-imm-image-text-with-price-default-d75171398898-16210\"><section id=\"imm-price-tab-110\" class=\"imm-price-tab\">\n  <div class=\"container\">\n    <div class=\"imm-price-tab-wrapper\">\n      <div class=\"row\">\n        <div class=\"col-md-12 col-lg-6 col-12 col-sm-12 order-last\">\n          <div class=\"price-tab-image\">\n            <img class=\"lazyload\" data-src=\"https:\/\/www.baliocean.com\/de\/wp-content\/uploads\/2019\/12\/Snorkeling-NusaPenida-02.jpg\" data-size=\"535x275\" src=\"data:image\/png;base64,iVBORw0KGgoAAAANSUhEUgAAAAEAAAABCAQAAAC1HAwCAAAAC0lEQVR42mNkYAAAAAYAAjCB0C8AAAAASUVORK5CYII=\" alt=\"\">                      <\/div>\n\n        <\/div>\n        <div class=\"col-md-12 col-lg-6 col-12 col-sm-12 \">\n          <div class=\"price-tab-inner\">\n                        <div class=\"desc price-tab-desc\">\n              <div class=\"tab-content\"><div class=\"tab-pane fade show active\" id=\"imm-price-tab-110-0\" role=\"tabpanel\"><div class=\"wpb_text_column wpb_content_element \">\n<div class=\"wpb_wrapper\">\n<p>Wir werden ein Mittagessen auf dem Boot haben \u2013 du kannst dich also entspannen und dich von der beeindruckenden K\u00fcste verzaubern lassen. Falls du nicht widerstehen kannst, kannst du dir auch einfach deinen Schnorchel schnappen und nochmal ins Wasser springen.\u00a0Die Sichtverh\u00e4ltnisse bei diesen Schnorchelseiten reichen von 10 bis \u00fcber 30 Meter, du wirst also sehr viel zu sehen bekommen.\u00a0Wir haben Tee, Kaffee, Wasser und frische Handt\u00fccher f\u00fcr dich eingepackt, um deinen Tag noch angenehmer zu gestalten. Wir servieren dir ausserdem frische Fr\u00fcchte nach deinem letzten Schnorchelgang.\u00a0Zusammengefasst hoffen wir, dass du einen tollen Tag hast, den du sehr gerne wiederholen m\u00f6chtest.<\/p>\n<\/div>\n<\/div>\n<\/div><\/div>            <\/div>\n\n            \n            <div class=\"type-cta cta-icon\">\n              <div class=\"row no-gutters\">\n                <div class=\"col-md-8 col-lg-8 col-sm-12 col-12\"><div class=\"icons\"><div class=\"row no-gutters\">                    <div class=\"col icon\">\n                      <img class=\"lazyload\" data-src=\"https:\/\/www.baliocean.com\/de\/wp-content\/uploads\/2019\/11\/bsb-icon-011.png\" data-size=\"35x35\" src=\"data:image\/png;base64,iVBORw0KGgoAAAANSUhEUgAAAAEAAAABCAQAAAC1HAwCAAAAC0lEQVR42mNkYAAAAAYAAjCB0C8AAAAASUVORK5CYII=\" alt=\"\"><p>Anfaenger<\/p>                    <\/div>\n                                        <div class=\"col icon\">\n                      <img class=\"lazyload\" data-src=\"https:\/\/www.baliocean.com\/de\/wp-content\/uploads\/2019\/12\/bsb-icon-extra-02.png\" data-size=\"60x60\" src=\"data:image\/png;base64,iVBORw0KGgoAAAANSUhEUgAAAAEAAAABCAQAAAC1HAwCAAAAC0lEQVR42mNkYAAAAAYAAjCB0C8AAAAASUVORK5CYII=\" alt=\"\"><p>Boat<\/p>                    <\/div>\n                                        <div class=\"col icon\">\n                      <img class=\"lazyload\" data-src=\"https:\/\/www.baliocean.com\/de\/wp-content\/uploads\/2019\/11\/bsb-icon-02.png\" data-size=\"35x35\" src=\"data:image\/png;base64,iVBORw0KGgoAAAANSUhEUgAAAAEAAAABCAQAAAC1HAwCAAAAC0lEQVR42mNkYAAAAAYAAjCB0C8AAAAASUVORK5CYII=\" alt=\"\"><p>26-30\u00b0 C<\/p>                    <\/div>\n                                        <div class=\"col icon\">\n                      <img class=\"lazyload\" data-src=\"https:\/\/www.baliocean.com\/de\/wp-content\/uploads\/2019\/11\/bsb-icon-011.png\" data-size=\"35x35\" src=\"data:image\/png;base64,iVBORw0KGgoAAAANSUhEUgAAAAEAAAABCAQAAAC1HAwCAAAAC0lEQVR42mNkYAAAAAYAAjCB0C8AAAAASUVORK5CYII=\" alt=\"\"><p>10-30m<\/p>                    <\/div>\n                                        <div class=\"col icon\">\n                      <img class=\"lazyload\" data-src=\"https:\/\/www.baliocean.com\/de\/wp-content\/uploads\/2019\/12\/bsb-icon-extra-01.png\" data-size=\"60x60\" src=\"data:image\/png;base64,iVBORw0KGgoAAAANSUhEUgAAAAEAAAABCAQAAAC1HAwCAAAAC0lEQVR42mNkYAAAAAYAAjCB0C8AAAAASUVORK5CYII=\" alt=\"\"><p>Ruhig<\/p>                    <\/div>\n                    <\/div><\/div><\/div>                                    \n                      <div class=\"col-md-4 col-lg-4 col-sm-12 col-12\">\n                        \n                                  <div class=\"cta\">\n                                      <a href=\"#contact\" class=\"button\">\n                                          BUCHE JETZT!\n                                      <\/a>\n                                  <\/div>\n                                                    <\/div>\n                   \n                                <\/div>\n                <div class=\"notes\">\n                                  <\/div>\n              <\/div>\n            <\/div>\n          <\/div>\n        <\/div>\n      <\/div>\n\n  <\/div>\n<\/section>\n<\/div><\/div><\/div><div id=\"panel-16210-1-0-1\" class=\"so-panel widget widget_imm-cta-widget panel-last-child\" data-index=\"2\" ><div data-sal=\"fade\" data-sal-easing=\"linear\" class=\"panel-widget-style panel-widget-style-for-16210-1-0-1\" ><div class=\"so-widget-imm-cta-widget so-widget-imm-cta-widget-default-d75171398898-16210\">\n\n<div class=\"imm-cta-widget\">\n  <div class=\"container\">\n    <div class=\"imm-cta-wrapper\">\n      <div class=\"row\">\n\n        <div class=\"col-lg-8 col-md-8\">\n          <div class=\"imm-cta-text\">\n            <p> <p>Bist du bereit, einige der fantastischen Schnorchelseiten rund um Bali zu erkunden? Kontaktiere uns noch heute.<\/p>\n<\/p>\n          <\/div>\n        <\/div>\n        <div class=\"col-lg-4 col-md-4\">\n          <div class=\"imm-cta-type\">\n            <a class='button' href=\"#contact\"> KONTAKTIERE UNS <\/a>\n          <\/div>\n        <\/div>\n      <\/div>\n    <\/div>\n  <\/div>\n<\/div>\n<\/div><\/div><\/div><\/div><\/div><\/div><div id=\"pg-16210-2\"  class=\"panel-grid panel-has-style\" ><div data-sal=\"fade\" data-sal-easing=\"linear\" class=\"panel-row-style panel-row-style-for-16210-2\" ><div id=\"pgc-16210-2-0\"  class=\"panel-grid-cell\" ><div id=\"panel-16210-2-0-0\" class=\"so-panel widget widget_imm-accordion panel-first-child panel-last-child\" data-index=\"3\" ><div data-sal=\"fade\" data-sal-easing=\"linear\" class=\"panel-widget-style panel-widget-style-for-16210-2-0-0\" ><div class=\"so-widget-imm-accordion so-widget-imm-accordion-default-d75171398898-16210\">\n<div class=\"accordion imm-accordion-widget\" id=\"imm-accordion_69f1c96990329\">\n    <div class=\"card\">\n    <div class=\"card-header \">\n      <div class=\"card-header-prepend\">\n        <span class=\"icon\"><i class=\"fas fa-plus\"><\/i><\/span>\n      <\/div>\n      <button class=\"btn title\" type=\"button\" data-toggle=\"collapse\" data-target=\"#imm-acc-item_69f1c9699032b\" aria-expanded=\"true\" aria-controls=\"imm-acc-item_69f1c9699032b\">\n        ALLE UNSERE SCHNORCHELTRIPS BEINHALTEN:      <\/button>\n    <\/div>\n\n    <div id=\"imm-acc-item_69f1c9699032b\" class=\"collapse \" data-parent=\"#imm-accordion_69f1c96990329\">\n      <div class=\"card-body\">\n        <div class=\"scroll-accordion\">\n          <ul>\n<li>Hotel Abhol- und Bringservice (S\u00fcden Balis)<\/li>\n<li>komplettes Schnorchel Equipment<\/li>\n<li>Mittagessen bei allen Tagestrips<\/li>\n<li>Trinkwasser<\/li>\n<li>Handt\u00fccher<\/li>\n<li>Guide<\/li>\n<li>Versicherung<\/li>\n<\/ul>\n        <\/div>\n      <\/div>\n    <\/div>\n  <\/div>\n    <div class=\"card\">\n    <div class=\"card-header \">\n      <div class=\"card-header-prepend\">\n        <span class=\"icon\"><i class=\"fas fa-plus\"><\/i><\/span>\n      <\/div>\n      <button class=\"btn title\" type=\"button\" data-toggle=\"collapse\" data-target=\"#imm-acc-item_69f1c9699032d\" aria-expanded=\"false\" aria-controls=\"imm-acc-item_69f1c9699032d\">\n        SCHNORCHEL GUIDES      <\/button>\n    <\/div>\n\n    <div id=\"imm-acc-item_69f1c9699032d\" class=\"collapse \" data-parent=\"#imm-accordion_69f1c96990329\">\n      <div class=\"card-body\">\n        <div class=\"scroll-accordion\">\n          <p>Alle unsere Schnorchel Trips werden von unserem erfahrenen Team von PADI Divemaster und Tauchlehrern gef\u00fchrt. Wir k\u00f6nnen es kaum erwarten dir zu zeigen, was Schnorcheln in Bali alles zu bieten hat! Alle unsere Schnorchelgruppen sind klein und werden immer zusammen gehalten, um maximale Sicherheit zu gew\u00e4hrleisten \u2013 sodass du dich voll und ganz auf die Unterwasserwelt Balis einlassen kannst.<\/p>\n        <\/div>\n      <\/div>\n    <\/div>\n  <\/div>\n    <div class=\"card\">\n    <div class=\"card-header \">\n      <div class=\"card-header-prepend\">\n        <span class=\"icon\"><i class=\"fas fa-plus\"><\/i><\/span>\n      <\/div>\n      <button class=\"btn title\" type=\"button\" data-toggle=\"collapse\" data-target=\"#imm-acc-item_69f1c9699032e\" aria-expanded=\"false\" aria-controls=\"imm-acc-item_69f1c9699032e\">\n        AUSSTATTUNG UND EQUIPMENT      <\/button>\n    <\/div>\n\n    <div id=\"imm-acc-item_69f1c9699032e\" class=\"collapse \" data-parent=\"#imm-accordion_69f1c96990329\">\n      <div class=\"card-body\">\n        <div class=\"scroll-accordion\">\n          <p>Du kannst dir die komplette Schnorchelausr\u00fcstung bei uns leihen ohne, dass du daf\u00fcr extra zahlen musst. Wenn du mit uns auf einen Schnorchel Trip gehst musst du nur deine pers\u00f6nlichen Dinge wie eine Sonnenbrille, Sonnencreme, Badekleidung und eventuell eine Kamera mitbringen. Falls du keine Kamera hast, gerne aber ein paar tolle Unterwasserbilder machen w\u00fcrdest, bieten wir auch einen Ausleihservice f\u00fcr Kameras an: Ein Tagessatz kostet IDR  750 000. Der Preis beinhaltet zudem eine 8GB SD Speicherkarte, die du nach deinem Schnorchel Trip sogar behalten darfst.<\/p>\n        <\/div>\n      <\/div>\n    <\/div>\n  <\/div>\n    <div class=\"card\">\n    <div class=\"card-header \">\n      <div class=\"card-header-prepend\">\n        <span class=\"icon\"><i class=\"fas fa-plus\"><\/i><\/span>\n      <\/div>\n      <button class=\"btn title\" type=\"button\" data-toggle=\"collapse\" data-target=\"#imm-acc-item_69f1c9699032f\" aria-expanded=\"false\" aria-controls=\"imm-acc-item_69f1c9699032f\">\n        TAGESABLAUF      <\/button>\n    <\/div>\n\n    <div id=\"imm-acc-item_69f1c9699032f\" class=\"collapse \" data-parent=\"#imm-accordion_69f1c96990329\">\n      <div class=\"card-body\">\n        <div class=\"scroll-accordion\">\n          <p>Normalerweise wirst du zwischen halb 7 und 7 Uhr morgens an deinem Hotel abgeholt. Wir werden gegen 15 Uhr an die Tauchschule zur\u00fcckkehren. Die Reisezeit nach Nusa Penida dauert ungef\u00e4hr 45 Minuten mit dem Boot.<\/p>\n        <\/div>\n      <\/div>\n    <\/div>\n  <\/div>\n  <\/div>\n<\/div><\/div><\/div><\/div><div id=\"pgc-16210-2-1\"  class=\"panel-grid-cell\" ><div id=\"panel-16210-2-1-0\" class=\"so-panel widget widget_imm-text-widget panel-first-child panel-last-child\" data-index=\"4\" ><div id=\"contact\" data-sal=\"fade\" data-sal-easing=\"linear\" class=\"panel-widget-style panel-widget-style-for-16210-2-1-0\" ><div class=\"so-widget-imm-text-widget so-widget-imm-text-widget-default-d75171398898-16210\">\n\n<div class=\"imm-text-widget\">\n  <div class=\"imm-text-wrapper\">\n    <div class=\"container\">\n\n                    <div class=\"desc imm-text-desc\">\n          <p><div role=\"form\" class=\"wpcf7\" id=\"wpcf7-f20599-o1\" lang=\"en-US\" dir=\"ltr\">\n<div class=\"screen-reader-response\"><p role=\"status\" aria-live=\"polite\" aria-atomic=\"true\"><\/p> <ul><\/ul><\/div>\n<form action=\"\/de\/wp-json\/wp\/v2\/pages\/16210#wpcf7-f20599-o1\" method=\"post\" class=\"wpcf7-form init\" novalidate=\"novalidate\" data-status=\"init\">\n<div style=\"display: none;\">\n<input type=\"hidden\" name=\"_wpcf7\" value=\"20599\" \/>\n<input type=\"hidden\" name=\"_wpcf7_version\" value=\"5.5.6.1\" \/>\n<input type=\"hidden\" name=\"_wpcf7_locale\" value=\"en_US\" \/>\n<input type=\"hidden\" name=\"_wpcf7_unit_tag\" value=\"wpcf7-f20599-o1\" \/>\n<input type=\"hidden\" name=\"_wpcf7_container_post\" value=\"0\" \/>\n<input type=\"hidden\" name=\"_wpcf7_posted_data_hash\" value=\"\" \/>\n<input type=\"hidden\" name=\"_wpcf7_recaptcha_response\" value=\"\" \/>\n<\/div>\n<h4 class=\"m-0\" style=\"font-weight:700; color:#818181\"> KONTAKTIERE UNS<br \/>\n <\/h4>\n<p>Dein Name (ben\u00f6tigt)<br \/>\n    <span class=\"wpcf7-form-control-wrap your-name\"><input type=\"text\" name=\"your-name\" value=\"\" size=\"40\" class=\"wpcf7-form-control wpcf7-text wpcf7-validates-as-required\" aria-required=\"true\" aria-invalid=\"false\" \/><\/span> <\/p>\n<p>Email Adresse (ben\u00f6tigt)<br \/>\n    <span class=\"wpcf7-form-control-wrap your-email\"><input type=\"email\" name=\"your-email\" value=\"\" size=\"40\" class=\"wpcf7-form-control wpcf7-text wpcf7-email wpcf7-validates-as-required wpcf7-validates-as-email\" aria-required=\"true\" aria-invalid=\"false\" \/><\/span> <\/p>\n<p>Whatsapp Nummer<br \/>\n    <span class=\"wpcf7-form-control-wrap your-whatsapp\"><input type=\"text\" name=\"your-whatsapp\" value=\"\" size=\"40\" class=\"wpcf7-form-control wpcf7-text\" aria-invalid=\"false\" \/><\/span> <\/p>\n<p>Nachricht<br \/>\n    <span class=\"wpcf7-form-control-wrap your-message\"><textarea name=\"your-message\" cols=\"40\" rows=\"10\" class=\"wpcf7-form-control wpcf7-textarea\" aria-invalid=\"false\"><\/textarea><\/span> <\/p>\n<p class=\"mb-3\">This site is protected by reCAPTCHA and the Google <a href=\"https:\/\/policies.google.com\/privacy\">Privacy Policy<\/a> and <a href=\"https:\/\/policies.google.com\/terms\">Terms of Service<\/a> apply.<\/p>\n<p class=\"mb-3\">\tIf you do not receive confirmation the message was sent immediately there may be an issue with the connection, please try again.<\/p>\n<p><input type=\"submit\" value=\"SENDEN\" class=\"wpcf7-form-control has-spinner wpcf7-submit\" \/><\/p>\n<div class=\"form-response\">\n<div class=\"wpcf7-response-output\" aria-hidden=\"true\"><\/div>\n<\/div>\n<\/form><\/div><\/p>\n        <\/div>\n      \n    <\/div>\n  <\/div>\n<\/div>\n<\/div><\/div><\/div><\/div><\/div><\/div><div id=\"pg-16210-3\"  class=\"panel-grid panel-has-style\" ><div class=\"siteorigin-panels-stretch panel-row-style panel-row-style-for-16210-3\" data-stretch-type=\"full-stretched\" data-sal=\"fade\" data-sal-easing=\"linear\" ><div id=\"pgc-16210-3-0\"  class=\"panel-grid-cell\" ><div id=\"panel-16210-3-0-0\" class=\"so-panel widget widget_imm-cta-widget panel-first-child panel-last-child\" data-index=\"5\" ><div data-sal=\"fade\" data-sal-easing=\"linear\" class=\"panel-widget-style panel-widget-style-for-16210-3-0-0\" ><div class=\"so-widget-imm-cta-widget so-widget-imm-cta-widget-default-d75171398898-16210\">\n\n<div class=\"imm-cta-widget\">\n  <div class=\"container\">\n    <div class=\"imm-cta-wrapper\">\n      <div class=\"row\">\n\n        <div class=\"col-lg-8 col-md-8\">\n          <div class=\"imm-cta-text\">\n            <p> <p>Bereit, verschiedene Schnorchelseiten rund um Bali zu entdecken?<\/p>\n<\/p>\n          <\/div>\n        <\/div>\n        <div class=\"col-lg-4 col-md-4\">\n          <div class=\"imm-cta-type\">\n            <a class='text' href=\"https:\/\/www.baliocean.com\/de\/schnorcheln_bali_tulamben\"> Schnorcheln in Tulamben <\/a>\n          <\/div>\n        <\/div>\n      <\/div>\n    <\/div>\n  <\/div>\n<\/div>\n<\/div><\/div><\/div><\/div><\/div><\/div><\/div>","protected":false},"excerpt":{"rendered":"<p>Schnorcheln in Nusa Penida Eine der sch\u00f6nsten Schnorchelseiten in Bali kann rund um die drei Inseln Nusa Penida, Nusa Lembongan und Nusa Ceningan gefunden werden. Unser Boot verl\u00e4sst den Hafen von Sanur t\u00e4glich. Es dauert ca. 45 Minuten bis zur Insel Nusa Penida gelangst. Unsere freundlichen und erfahrenen Tauchguides werden dir sehr gerne alles zeigen, [&hellip;]<\/p>\n","protected":false},"author":1,"featured_media":0,"parent":16051,"menu_order":0,"comment_status":"open","ping_status":"open","template":"","meta":[],"acf":[],"yoast_head":"<!-- This site is optimized with the Yoast SEO plugin v17.9 - https:\/\/yoast.com\/wordpress\/plugins\/seo\/ -->\n<title>Schnorchel Tagesausflug: Nusa Penida | Blue Season Bali<\/title>\n<meta name=\"description\" content=\"Komm&#039; mit zu drei verschiedenen Schnorchelseiten rund um Nusa Penida - inklusive den faszinierenden Manta Rochen!\" \/>\n<meta name=\"robots\" content=\"index, follow, max-snippet:-1, max-image-preview:large, max-video-preview:-1\" \/>\n<link rel=\"canonical\" href=\"https:\/\/www.baliocean.com\/de\/schnorcheln-bali\/nusa-penida\/\" \/>\n<!-- \/ Yoast SEO plugin. -->","yoast_head_json":{"title":"Schnorchel Tagesausflug: Nusa Penida | Blue Season Bali","description":"Komm' mit zu drei verschiedenen Schnorchelseiten rund um Nusa Penida - inklusive den faszinierenden Manta Rochen!","robots":{"index":"index","follow":"follow","max-snippet":"max-snippet:-1","max-image-preview":"max-image-preview:large","max-video-preview":"max-video-preview:-1"},"canonical":"https:\/\/www.baliocean.com\/de\/schnorcheln-bali\/nusa-penida\/"},"_links":{"self":[{"href":"https:\/\/www.baliocean.com\/de\/wp-json\/wp\/v2\/pages\/16210"}],"collection":[{"href":"https:\/\/www.baliocean.com\/de\/wp-json\/wp\/v2\/pages"}],"about":[{"href":"https:\/\/www.baliocean.com\/de\/wp-json\/wp\/v2\/types\/page"}],"author":[{"embeddable":true,"href":"https:\/\/www.baliocean.com\/de\/wp-json\/wp\/v2\/users\/1"}],"replies":[{"embeddable":true,"href":"https:\/\/www.baliocean.com\/de\/wp-json\/wp\/v2\/comments?post=16210"}],"version-history":[{"count":9,"href":"https:\/\/www.baliocean.com\/de\/wp-json\/wp\/v2\/pages\/16210\/revisions"}],"predecessor-version":[{"id":20608,"href":"https:\/\/www.baliocean.com\/de\/wp-json\/wp\/v2\/pages\/16210\/revisions\/20608"}],"up":[{"embeddable":true,"href":"https:\/\/www.baliocean.com\/de\/wp-json\/wp\/v2\/pages\/16051"}],"wp:attachment":[{"href":"https:\/\/www.baliocean.com\/de\/wp-json\/wp\/v2\/media?parent=16210"}],"curies":[{"name":"wp","href":"https:\/\/api.w.org\/{rel}","templated":true}]}}