{"id":16268,"date":"2015-07-29T01:29:11","date_gmt":"2015-07-29T01:29:11","guid":{"rendered":"http:\/\/staging.baliocean.com\/?page_id=16268"},"modified":"2020-01-21T16:43:22","modified_gmt":"2020-01-21T08:43:22","slug":"mondfisch","status":"publish","type":"page","link":"https:\/\/www.baliocean.com\/de\/mondfisch\/","title":{"rendered":"Mondfisch"},"content":{"rendered":"<div id=\"pl-16268\"  class=\"panel-layout\" ><div id=\"pg-16268-0\"  class=\"panel-grid panel-has-style\" ><div data-sal=\"fade\" data-sal-easing=\"linear\" class=\"panel-row-style panel-row-style-for-16268-0\" ><div id=\"pgc-16268-0-0\"  class=\"panel-grid-cell\" ><div id=\"panel-16268-0-0-0\" class=\"so-panel widget widget_imm-image-text-with-price panel-first-child panel-last-child\" data-index=\"0\" ><div data-sal=\"fade\" data-sal-easing=\"linear\" class=\"panel-widget-style panel-widget-style-for-16268-0-0-0\" ><div class=\"so-widget-imm-image-text-with-price so-widget-imm-image-text-with-price-default-d75171398898-16268\"><section id=\"imm-price-tab-000\" class=\"imm-price-tab\">\n  <div class=\"container\">\n    <div class=\"imm-price-tab-wrapper\">\n      <div class=\"row\">\n        <div class=\"col-md-12 col-lg-6 col-12 col-sm-12 order-first\">\n          <div class=\"price-tab-image\">\n            <img class=\"lazyload\" data-sizes=\"auto\" data-srcset=\"https:\/\/www.baliocean.com\/de\/wp-content\/uploads\/sites\/3\/2014\/04\/diving-trips1-1.jpg 351w, https:\/\/www.baliocean.com\/de\/wp-content\/uploads\/sites\/3\/2014\/04\/diving-trips1-1-300x200.jpg 300w, https:\/\/www.baliocean.com\/de\/wp-content\/uploads\/sites\/3\/2014\/04\/diving-trips1-1-272x182.jpg 272w\" data-size=\"351x234\" src=\"data:image\/png;base64,iVBORw0KGgoAAAANSUhEUgAAAAEAAAABCAQAAAC1HAwCAAAAC0lEQVR42mNkYAAAAAYAAjCB0C8AAAAASUVORK5CYII=\" alt=\"\">                      <\/div>\n\n        <\/div>\n        <div class=\"col-md-12 col-lg-6 col-12 col-sm-12 \">\n          <div class=\"price-tab-inner\">\n                          <div class=\"title title-separator price-tab-title\">\n                <h1> DER MONDFISCH \u2013 MOLA MOLA <\/h1>              <\/div>\n                        <div class=\"desc price-tab-desc\">\n              <div class=\"tab-content\"><div class=\"tab-pane fade show active\" id=\"imm-price-tab-000-0\" role=\"tabpanel\"><p>Der Mondfisch oder auch Mola Mola genannt ist eines der Tiefenwunder und sehr zahlreich rund um Bali. Dieser 1000kg Gigant ist der schwerste bekannte kn\u00f6chrige Fisch. Die Mondfische bewohnen die Tauchgebiete um Bali das ganze Jahr. Jedoch hat man in der Zeit zwischen Juli und November die gr\u00f6ssten Chancen, mit dem Mondfisch tauchen zu gehen. W\u00e4hrend dieser Zeit werden die Giganten sehr h\u00e4ufig von unseren erfahrenen Tauchguides gefunden. Wie ein Mondfisch aussieht? Stell dir einfach vor, ein 3,5m Ball wurde seitlich gequetscht \u2013 du wirst diese verr\u00fcckte grossartige Gestalt bewundern!<\/p>\n<\/div><\/div>            <\/div>\n\n            \n            <div class=\"type-cta \">\n              <div class=\"row no-gutters\">\n                                                <\/div>\n                <div class=\"notes\">\n                                  <\/div>\n              <\/div>\n            <\/div>\n          <\/div>\n        <\/div>\n      <\/div>\n\n  <\/div>\n<\/section>\n<\/div><\/div><\/div><\/div><\/div><\/div><div id=\"pg-16268-1\"  class=\"panel-grid panel-has-style\" ><div class=\"siteorigin-panels-stretch panel-row-style panel-row-style-for-16268-1\" data-stretch-type=\"full\" data-sal=\"fade\" data-sal-easing=\"linear\" ><div id=\"pgc-16268-1-0\"  class=\"panel-grid-cell\" ><div id=\"panel-16268-1-0-0\" class=\"so-panel widget widget_imm-image-text-with-price panel-first-child panel-last-child\" data-index=\"1\" ><div data-sal=\"fade\" data-sal-easing=\"linear\" class=\"panel-widget-style panel-widget-style-for-16268-1-0-0\" ><div class=\"so-widget-imm-image-text-with-price so-widget-imm-image-text-with-price-default-d75171398898-16268\"><section id=\"imm-price-tab-110\" class=\"imm-price-tab\">\n  <div class=\"container\">\n    <div class=\"imm-price-tab-wrapper\">\n      <div class=\"row\">\n        <div class=\"col-md-12 col-lg-6 col-12 col-sm-12 order-last\">\n          <div class=\"price-tab-image\">\n            <img class=\"lazyload\" data-src=\"https:\/\/www.baliocean.com\/de\/wp-content\/uploads\/2015\/02\/067399_large.jpg\" data-size=\"640x427\" src=\"data:image\/png;base64,iVBORw0KGgoAAAANSUhEUgAAAAEAAAABCAQAAAC1HAwCAAAAC0lEQVR42mNkYAAAAAYAAjCB0C8AAAAASUVORK5CYII=\" alt=\"\">                      <\/div>\n\n        <\/div>\n        <div class=\"col-md-12 col-lg-6 col-12 col-sm-12 \">\n          <div class=\"price-tab-inner\">\n                        <div class=\"desc price-tab-desc\">\n              <div class=\"tab-content\"><div class=\"tab-pane fade show active\" id=\"imm-price-tab-110-0\" role=\"tabpanel\"><p>Das grosse aber harmlose Wunder ist ein wunderbarer Anblick. Es wartet geduldig darauf, von seinen Parasiten befreit zu werden \u2013 diese Arbeit erledigt ein gro\u00dfer Schwarm bunter Schmetterlingsfische. Frisch geschl\u00fcpfte Mondfische sind 2,5cm lang. Durch eine \u201cDi\u00e4t\u201d, bei der sie sich ausschliesslich von Quallen (Jellyfish) ern\u00e4hren, erreichen die Mondfische eine Vervielfachung ihres K\u00f6rpergewichtes um 60 Millionen mal. Wir bieten unsere Mondfisch Trips w\u00e4hrend der Mola Mola Saison t\u00e4glich an. Wir halten es f\u00fcr sinnvoll, dass du ca. 3 Tage f\u00fcr Tauchg\u00e4nge rund um Nusa Penida einplanen solltest. So hast du die beste Chancen, mit diesen tollen Kreaturen tauchen zu k\u00f6nnen.<\/p>\n<\/div><\/div>            <\/div>\n\n            \n            <div class=\"type-cta cta-icon\">\n              <div class=\"row no-gutters\">\n                <div class=\"col-md-8 col-lg-8 col-sm-12 col-12\"><div class=\"icons\"><div class=\"row no-gutters\">                    <div class=\"col icon\">\n                      <img class=\"lazyload\" data-src=\"https:\/\/www.baliocean.com\/de\/wp-content\/uploads\/2019\/11\/bsb-icon-011.png\" data-size=\"35x35\" src=\"data:image\/png;base64,iVBORw0KGgoAAAANSUhEUgAAAAEAAAABCAQAAAC1HAwCAAAAC0lEQVR42mNkYAAAAAYAAjCB0C8AAAAASUVORK5CYII=\" alt=\"\"><p>Erfahren<\/p>                    <\/div>\n                                        <div class=\"col icon\">\n                      <img class=\"lazyload\" data-src=\"https:\/\/www.baliocean.com\/de\/wp-content\/uploads\/2019\/12\/bsb-icon-extra-02.png\" data-size=\"60x60\" src=\"data:image\/png;base64,iVBORw0KGgoAAAANSUhEUgAAAAEAAAABCAQAAAC1HAwCAAAAC0lEQVR42mNkYAAAAAYAAjCB0C8AAAAASUVORK5CYII=\" alt=\"\"><p>Boot<\/p>                    <\/div>\n                                        <div class=\"col icon\">\n                      <img class=\"lazyload\" data-src=\"https:\/\/www.baliocean.com\/de\/wp-content\/uploads\/2019\/11\/bsb-icon-02.png\" data-size=\"35x35\" src=\"data:image\/png;base64,iVBORw0KGgoAAAANSUhEUgAAAAEAAAABCAQAAAC1HAwCAAAAC0lEQVR42mNkYAAAAAYAAjCB0C8AAAAASUVORK5CYII=\" alt=\"\"><p>18-24\u00b0 C<\/p>                    <\/div>\n                                        <div class=\"col icon\">\n                      <img class=\"lazyload\" data-src=\"https:\/\/www.baliocean.com\/de\/wp-content\/uploads\/2019\/11\/bsb-icon-03.png\" data-size=\"35x35\" src=\"data:image\/png;base64,iVBORw0KGgoAAAANSUhEUgAAAAEAAAABCAQAAAC1HAwCAAAAC0lEQVR42mNkYAAAAAYAAjCB0C8AAAAASUVORK5CYII=\" alt=\"\"><p>30m+<\/p>                    <\/div>\n                                        <div class=\"col icon\">\n                      <img class=\"lazyload\" data-src=\"https:\/\/www.baliocean.com\/de\/wp-content\/uploads\/2019\/12\/bsb-icon-extra-01.png\" data-size=\"60x60\" src=\"data:image\/png;base64,iVBORw0KGgoAAAANSUhEUgAAAAEAAAABCAQAAAC1HAwCAAAAC0lEQVR42mNkYAAAAAYAAjCB0C8AAAAASUVORK5CYII=\" alt=\"\"><p>Stark<\/p>                    <\/div>\n                    <\/div><\/div><\/div>                                    \n                      <div class=\"col-md-4 col-lg-4 col-sm-12 col-12\">\n                        \n                                  <div class=\"cta\">\n                                      <a href=\"#contact\" class=\"button\">\n                                          BUCHE JETZT!\n                                      <\/a>\n                                  <\/div>\n                                                    <\/div>\n                   \n                                <\/div>\n                <div class=\"notes\">\n                                  <\/div>\n              <\/div>\n            <\/div>\n          <\/div>\n        <\/div>\n      <\/div>\n\n  <\/div>\n<\/section>\n<\/div><\/div><\/div><\/div><\/div><\/div><div id=\"pg-16268-2\"  class=\"panel-grid panel-has-style\" ><div data-sal=\"fade\" data-sal-easing=\"linear\" class=\"panel-row-style panel-row-style-for-16268-2\" ><div id=\"pgc-16268-2-0\"  class=\"panel-grid-cell\" ><div id=\"panel-16268-2-0-0\" class=\"so-panel widget widget_imm-accordion panel-first-child panel-last-child\" data-index=\"2\" ><div data-sal=\"fade\" data-sal-easing=\"linear\" class=\"panel-widget-style panel-widget-style-for-16268-2-0-0\" ><div class=\"so-widget-imm-accordion so-widget-imm-accordion-default-d75171398898-16268\">\n<div class=\"accordion imm-accordion-widget\" id=\"imm-accordion_69f40deb42f10\">\n    <div class=\"card\">\n    <div class=\"card-header \">\n      <div class=\"card-header-prepend\">\n        <span class=\"icon\"><i class=\"fas fa-plus\"><\/i><\/span>\n      <\/div>\n      <button class=\"btn title\" type=\"button\" data-toggle=\"collapse\" data-target=\"#imm-acc-item_69f40deb42f12\" aria-expanded=\"true\" aria-controls=\"imm-acc-item_69f40deb42f12\">\n        BESTE SAISON      <\/button>\n    <\/div>\n\n    <div id=\"imm-acc-item_69f40deb42f12\" class=\"collapse \" data-parent=\"#imm-accordion_69f40deb42f10\">\n      <div class=\"card-body\">\n        <div class=\"scroll-accordion\">\n          <p>Wann solltest du nach Bali kommen, um die beste Chancen zu haben, einem Mondfisch sehr nahe zu kommen? Wir haben zwar das Gl\u00fcck, dass wir dieses verr\u00fcckte Gesch\u00f6pf das ganze Jahr bestaunen k\u00f6nnen, allerdings gibt es zwischen Juli und Oktober am meisten Mondfische. Wir bieten t\u00e4gliche Mola Mola Trips und eine tolle Mola Mola Safari an \u2013 egal was du buchst, du wirst andere Taucher treffen, die genauso fasziniert von dem Mondfisch sind wie du und wir. Unsere Tauchgruppen werden klein gehalten, die Gruppen sind nicht gr\u00f6sser als 4 Taucher und ein Tauchguide. So erh\u00f6hen wir die Chance, einen tollen Blick auf den Mondfisch zu erhaschen. Wir finden \u00fcberdurchschnittlich viele Mondfische, da unsere Tauchguides immer tagesaktuell die Str\u00f6mungen, Wetterbedingungen und die verschiedenen Tauchspots pr\u00fcfen. Ausserdem muss auch der Mondzyklus ber\u00fccksichtigt werden, um die besten Chancen einen Mola Mola zu sehen, zu ermitteln. Sei gewarnt: W\u00e4hrend der Mondfisch Saison haben wir oft sehr viele Buchungen und Anfragen. Wenn du jedoch fr\u00fch genug buchst haben wir die M\u00f6glichkeit, alles nach deinen individuellen W\u00fcnschen zu gestalten und einen tollen Tauchtrip mit Mondfischen f\u00fcr dich zu buchen<\/p>\n        <\/div>\n      <\/div>\n    <\/div>\n  <\/div>\n    <div class=\"card\">\n    <div class=\"card-header \">\n      <div class=\"card-header-prepend\">\n        <span class=\"icon\"><i class=\"fas fa-plus\"><\/i><\/span>\n      <\/div>\n      <button class=\"btn title\" type=\"button\" data-toggle=\"collapse\" data-target=\"#imm-acc-item_69f40deb42f14\" aria-expanded=\"false\" aria-controls=\"imm-acc-item_69f40deb42f14\">\n        WITZIGE FAKTEN      <\/button>\n    <\/div>\n\n    <div id=\"imm-acc-item_69f40deb42f14\" class=\"collapse \" data-parent=\"#imm-accordion_69f40deb42f10\">\n      <div class=\"card-body\">\n        <div class=\"scroll-accordion\">\n          <ul>\n<li>Manche L\u00e4nder und Kulturen betrachten den Mondfisch immer noch als Delikatesse, auch, wenn der Verkauf dieses Fleisches in Europa verboten ist.<\/li>\n<li>Mola Molas k\u00f6nnen aus dem Wasser springen, manchmal bis zu 3 Metern hoch! Es geht der Glaube umher, dass der Mondfisch deshalb solch hohe Spr\u00fcnge aus dem Wasser macht, um sich von den Parasiten auf seiner Haut zu befreien oder wie man auch sagt, um diese \u201czu ohrfeigen\u201d. Dieses Verhalten wird nur sehr selten beobachtet, vielleicht bist du einer der Gl\u00fccklichen, die dieses seltene Ereignis erleben d\u00fcrfen.<\/li>\n<li>Die Mola Molas haben keine separaten Z\u00e4hne, sie haben eher verschmolzene Z\u00e4hne, die gemeinsam ein hornartiges Gebiss ergeben.<\/li>\n<li>Das Maul dieser riesigen Kreatur ist sehr klein, wenn man bedenkt wie viele Quallen der Mondfisch durchschnittlich isst.<\/li>\n<li>Der Mondfisch ist der schwerste knochige Fisch der Welt und kann bis zu \u00fcber 2 Tonnen (2.000 kg) wiegen.<\/li>\n<li>Viele L\u00e4nder, wie auch Deutschland, nennen die Mola Molas \u201cMondfische\u201d. Die Bezeichnung kommt von ihrer mondartigen Form und deren silber grauen Farbe.<\/li>\n<li>Ein bekannter Name ist auch \u201cSunfish\u201d, da Mola Molas gerne mal an der Meeresoberfl\u00e4che ein Sonnenbad nehmen und sich aufw\u00e4rmen.<\/li>\n<li>Wenn die Mola Molas frisch geschl\u00fcpft sind, sind sie nur 2,5 cm gross, kleiner als dein kleiner Finger!<\/li>\n<li>Der weibliche, erwachsene Mondifsch kann bis zu 300 Millionen Eier auf einmal produzieren.<\/li>\n<li>Mola Molas k\u00f6nnen bis zu 3,5 Meter gross werden.<\/li>\n<li>Dieser grosse Fisch hat keine Schuppen, er hat eine raue Haut, welche mit einem z\u00e4hen Schleim besetzt ist.<\/li>\n<li>Der Mondfisch hat keinen wirklichen \u201cSchwanz\u201d, die hintere Flosse dient eher als kleines Ruder.<\/li>\n<\/ul>\n        <\/div>\n      <\/div>\n    <\/div>\n  <\/div>\n  <\/div>\n<\/div><\/div><\/div><\/div><div id=\"pgc-16268-2-1\"  class=\"panel-grid-cell\" ><div id=\"panel-16268-2-1-0\" class=\"so-panel widget widget_imm-text-widget panel-first-child panel-last-child\" data-index=\"3\" ><div id=\"contact\" data-sal=\"fade\" data-sal-easing=\"linear\" class=\"panel-widget-style panel-widget-style-for-16268-2-1-0\" ><div class=\"so-widget-imm-text-widget so-widget-imm-text-widget-default-d75171398898-16268\">\n\n<div class=\"imm-text-widget\">\n  <div class=\"imm-text-wrapper\">\n    <div class=\"container\">\n\n                    <div class=\"desc imm-text-desc\">\n          <p><div role=\"form\" class=\"wpcf7\" id=\"wpcf7-f20599-o1\" lang=\"en-US\" dir=\"ltr\">\n<div class=\"screen-reader-response\"><p role=\"status\" aria-live=\"polite\" aria-atomic=\"true\"><\/p> <ul><\/ul><\/div>\n<form action=\"\/de\/wp-json\/wp\/v2\/pages\/16268#wpcf7-f20599-o1\" method=\"post\" class=\"wpcf7-form init\" novalidate=\"novalidate\" data-status=\"init\">\n<div style=\"display: none;\">\n<input type=\"hidden\" name=\"_wpcf7\" value=\"20599\" \/>\n<input type=\"hidden\" name=\"_wpcf7_version\" value=\"5.5.6.1\" \/>\n<input type=\"hidden\" name=\"_wpcf7_locale\" value=\"en_US\" \/>\n<input type=\"hidden\" name=\"_wpcf7_unit_tag\" value=\"wpcf7-f20599-o1\" \/>\n<input type=\"hidden\" name=\"_wpcf7_container_post\" value=\"0\" \/>\n<input type=\"hidden\" name=\"_wpcf7_posted_data_hash\" value=\"\" \/>\n<input type=\"hidden\" name=\"_wpcf7_recaptcha_response\" value=\"\" \/>\n<\/div>\n<h4 class=\"m-0\" style=\"font-weight:700; color:#818181\"> KONTAKTIERE UNS<br \/>\n <\/h4>\n<p>Dein Name (ben\u00f6tigt)<br \/>\n    <span class=\"wpcf7-form-control-wrap your-name\"><input type=\"text\" name=\"your-name\" value=\"\" size=\"40\" class=\"wpcf7-form-control wpcf7-text wpcf7-validates-as-required\" aria-required=\"true\" aria-invalid=\"false\" \/><\/span> <\/p>\n<p>Email Adresse (ben\u00f6tigt)<br \/>\n    <span class=\"wpcf7-form-control-wrap your-email\"><input type=\"email\" name=\"your-email\" value=\"\" size=\"40\" class=\"wpcf7-form-control wpcf7-text wpcf7-email wpcf7-validates-as-required wpcf7-validates-as-email\" aria-required=\"true\" aria-invalid=\"false\" \/><\/span> <\/p>\n<p>Whatsapp Nummer<br \/>\n    <span class=\"wpcf7-form-control-wrap your-whatsapp\"><input type=\"text\" name=\"your-whatsapp\" value=\"\" size=\"40\" class=\"wpcf7-form-control wpcf7-text\" aria-invalid=\"false\" \/><\/span> <\/p>\n<p>Nachricht<br \/>\n    <span class=\"wpcf7-form-control-wrap your-message\"><textarea name=\"your-message\" cols=\"40\" rows=\"10\" class=\"wpcf7-form-control wpcf7-textarea\" aria-invalid=\"false\"><\/textarea><\/span> <\/p>\n<p class=\"mb-3\">This site is protected by reCAPTCHA and the Google <a href=\"https:\/\/policies.google.com\/privacy\">Privacy Policy<\/a> and <a href=\"https:\/\/policies.google.com\/terms\">Terms of Service<\/a> apply.<\/p>\n<p class=\"mb-3\">\tIf you do not receive confirmation the message was sent immediately there may be an issue with the connection, please try again.<\/p>\n<p><input type=\"submit\" value=\"SENDEN\" class=\"wpcf7-form-control has-spinner wpcf7-submit\" \/><\/p>\n<div class=\"form-response\">\n<div class=\"wpcf7-response-output\" aria-hidden=\"true\"><\/div>\n<\/div>\n<\/form><\/div><\/p>\n        <\/div>\n      \n    <\/div>\n  <\/div>\n<\/div>\n<\/div><\/div><\/div><\/div><\/div><\/div><div id=\"pg-16268-3\"  class=\"panel-grid panel-has-style\" ><div class=\"siteorigin-panels-stretch panel-row-style panel-row-style-for-16268-3\" data-stretch-type=\"full-stretched\" data-sal=\"fade\" data-sal-easing=\"linear\" ><div id=\"pgc-16268-3-0\"  class=\"panel-grid-cell\" ><div id=\"panel-16268-3-0-0\" class=\"so-panel widget widget_imm-cta-widget panel-first-child panel-last-child\" data-index=\"4\" ><div data-sal=\"fade\" data-sal-easing=\"linear\" class=\"panel-widget-style panel-widget-style-for-16268-3-0-0\" ><div class=\"so-widget-imm-cta-widget so-widget-imm-cta-widget-default-d75171398898-16268\">\n\n<div class=\"imm-cta-widget\">\n  <div class=\"container\">\n    <div class=\"imm-cta-wrapper\">\n      <div class=\"row\">\n\n        <div class=\"col-lg-8 col-md-8\">\n          <div class=\"imm-cta-text\">\n            <p> <p>Was kommt als n\u00e4chstes ?<\/p>\n<\/p>\n          <\/div>\n        <\/div>\n        <div class=\"col-lg-4 col-md-4\">\n          <div class=\"imm-cta-type\">\n            <a class='text' href=\"https:\/\/www.baliocean.com\/blog\/\"> BLOG <\/a>\n          <\/div>\n        <\/div>\n      <\/div>\n    <\/div>\n  <\/div>\n<\/div>\n<\/div><\/div><\/div><\/div><\/div><\/div><\/div>","protected":false},"excerpt":{"rendered":"<p>DER MONDFISCH \u2013 MOLA MOLA Der Mondfisch oder auch Mola Mola genannt ist eines der Tiefenwunder und sehr zahlreich rund um Bali. Dieser 1000kg Gigant ist der schwerste bekannte kn\u00f6chrige Fisch. Die Mondfische bewohnen die Tauchgebiete um Bali das ganze Jahr. Jedoch hat man in der Zeit zwischen Juli und November die gr\u00f6ssten Chancen, mit [&hellip;]<\/p>\n","protected":false},"author":1,"featured_media":0,"parent":0,"menu_order":1,"comment_status":"open","ping_status":"open","template":"","meta":[],"acf":[],"yoast_head":"<!-- This site is optimized with the Yoast SEO plugin v17.9 - https:\/\/yoast.com\/wordpress\/plugins\/seo\/ -->\n<title>Mola Mola Bali | Blue Season Bali<\/title>\n<meta name=\"description\" content=\"Erfahre mehr \u00fcber die gro\u00dfartigen Mola Molas (Mondfisch). Lerne, an welchen Tauchseiten du sie finden kannst und wann du mit ihnen tauchen gehen kannst.\" \/>\n<meta name=\"robots\" content=\"index, follow, max-snippet:-1, max-image-preview:large, max-video-preview:-1\" \/>\n<link rel=\"canonical\" href=\"https:\/\/www.baliocean.com\/de\/mondfisch\/\" \/>\n<!-- \/ Yoast SEO plugin. -->","yoast_head_json":{"title":"Mola Mola Bali | Blue Season Bali","description":"Erfahre mehr \u00fcber die gro\u00dfartigen Mola Molas (Mondfisch). Lerne, an welchen Tauchseiten du sie finden kannst und wann du mit ihnen tauchen gehen kannst.","robots":{"index":"index","follow":"follow","max-snippet":"max-snippet:-1","max-image-preview":"max-image-preview:large","max-video-preview":"max-video-preview:-1"},"canonical":"https:\/\/www.baliocean.com\/de\/mondfisch\/"},"_links":{"self":[{"href":"https:\/\/www.baliocean.com\/de\/wp-json\/wp\/v2\/pages\/16268"}],"collection":[{"href":"https:\/\/www.baliocean.com\/de\/wp-json\/wp\/v2\/pages"}],"about":[{"href":"https:\/\/www.baliocean.com\/de\/wp-json\/wp\/v2\/types\/page"}],"author":[{"embeddable":true,"href":"https:\/\/www.baliocean.com\/de\/wp-json\/wp\/v2\/users\/1"}],"replies":[{"embeddable":true,"href":"https:\/\/www.baliocean.com\/de\/wp-json\/wp\/v2\/comments?post=16268"}],"version-history":[{"count":23,"href":"https:\/\/www.baliocean.com\/de\/wp-json\/wp\/v2\/pages\/16268\/revisions"}],"predecessor-version":[{"id":21010,"href":"https:\/\/www.baliocean.com\/de\/wp-json\/wp\/v2\/pages\/16268\/revisions\/21010"}],"wp:attachment":[{"href":"https:\/\/www.baliocean.com\/de\/wp-json\/wp\/v2\/media?parent=16268"}],"curies":[{"name":"wp","href":"https:\/\/api.w.org\/{rel}","templated":true}]}}