{"id":16289,"date":"2015-07-29T02:37:47","date_gmt":"2015-07-29T02:37:47","guid":{"rendered":"http:\/\/staging.baliocean.com\/?page_id=16289"},"modified":"2020-01-31T11:18:14","modified_gmt":"2020-01-31T03:18:14","slug":"specialties","status":"publish","type":"page","link":"https:\/\/www.baliocean.com\/de\/specialty-courses","title":{"rendered":"Padi Spezialkurse"},"content":{"rendered":"<div id=\"pl-16289\"  class=\"panel-layout\" ><div id=\"pg-16289-0\"  class=\"panel-grid panel-has-style\" ><div data-sal=\"fade\" data-sal-easing=\"linear\" class=\"panel-row-style panel-row-style-for-16289-0\" ><div id=\"pgc-16289-0-0\"  class=\"panel-grid-cell\" ><div id=\"panel-16289-0-0-0\" class=\"so-panel widget widget_imm-text-widget panel-first-child\" data-index=\"0\" ><div data-sal=\"fade\" data-sal-easing=\"linear\" class=\"panel-widget-style panel-widget-style-for-16289-0-0-0\" ><div class=\"so-widget-imm-text-widget so-widget-imm-text-widget-default-d75171398898-16289\">\n\n<div class=\"imm-text-widget\">\n  <div class=\"imm-text-wrapper\">\n    <div class=\"container\">\n\n              <div class=\"title title-separator imm-text-title\">\n          <h1> SPEZIALTAUCHKURSE<\/h1>\n        <\/div>\n                    <div class=\"desc imm-text-desc\">\n          <p>Durch die in Bali vorhandenen PADI Spezialkurse kannst du deine Tauchkurse in Verbindung mit den Spezialkursen mit tollen Tauchg\u00e4ngen und Abenteuern gestalten. Nat\u00fcrlich er\u00f6ffnet dir eine PADI Zertifizierung den Zugang zum Meer aber die PADI Spezialkurse lassen dich Unterwassererfahrungen sammeln, die dich tief in deinem Inneren ber\u00fchren werden. Es gibt eine grosse Bandbreite von vielen verschiedene PADI Spezial-Tauchkursen, wobei die Kursdauer immer unterschiedlich ist . Es gibt PADI Spezialkurse, die du bereits an einem Tag absolvieren kannst, es gibt jedoch auch Tauchkurse, die ein ganzes Wochenende dauern.<\/p>\n<p>Es gibt sehr viele Spezialkurse hier auf Bali; die bekanntesten sind weiter unten gelistet. Die Auswahl ist riesig; wir bei Blue Season Bali helfen dir gerne, die richtige Entscheidung zu treffen.<\/p>\n<p>Hier bei Blue Season Bali sind alle Spezialtauchkurse so ausgerichtet, dass du das bestm\u00f6gliche Training an den besten Tauchspots in Bali erh\u00e4lst. Wenn du dich durch die Spezialkurse klickst, wirst du \u00fcberall die Voraussetzungen, Preise und generellen Informationen \u00fcber den jeweiligen Spezial-Tauchkurs finden.<\/p>\n<p>Wenn du irgendwelche Zweifel bez\u00fcglich eines Programmes hast, kontaktiere uns einfach \u2013 wir haben die aktuellsten und professionellsten Antworten und Ratschl\u00e4ge f\u00fcr dich.<\/p>\n        <\/div>\n      \n    <\/div>\n  <\/div>\n<\/div>\n<\/div><\/div><\/div><div id=\"panel-16289-0-0-1\" class=\"so-panel widget widget_imm-grid-layout panel-last-child\" data-index=\"1\" ><div data-sal=\"fade\" data-sal-easing=\"linear\" class=\"panel-widget-style panel-widget-style-for-16289-0-0-1\" ><div class=\"so-widget-imm-grid-layout so-widget-imm-grid-layout-default-d75171398898-16289\">\n<div class=\"imm-grid-layout\">\n  <div class=\"grid-wrapper\">\n    <div class=\"row\">\n    \n          <div class='grid-item col-lg-4 col-md-6 col-sm-12'>\n            <div class='grid-image-wrapper'>\n              <div class='grid-image'> <img class=\"lazyload\" data-src=\"https:\/\/www.baliocean.com\/de\/wp-content\/uploads\/2019\/12\/02-Deep.jpg\" data-size=\"351x234\" src=\"data:image\/png;base64,iVBORw0KGgoAAAANSUhEUgAAAAEAAAABCAQAAAC1HAwCAAAAC0lEQVR42mNkYAAAAAYAAjCB0C8AAAAASUVORK5CYII=\" alt=\"\">\n              <\/div>\n            <\/div>\n            <div class='grid-content-wrapper'>\n              <div class='grid-title'>\n                <h2> TIEFTAUCHEN <\/h2>\n              <\/div>\n              <div class='grid-desc'>\n                <p> <p>Wolltest du schon immer die tieferen, ruhigeren Seiten des Meeres erkunden? Melde dich an f\u00fcr unseren PADI Tieftaucher Kurs! Bei diesem 2 Tages-Kurs wirst du lernen, was du alles beachten musst, um sichere Tauchg\u00e4nge bis zu 40 Meter tief zu durchzuf\u00fchren.<\/p>\n <\/p>\n              <\/div>\n            <\/div>\n          <\/div>\n          \n          <div class='grid-item col-lg-4 col-md-6 col-sm-12'>\n            <div class='grid-image-wrapper'>\n              <div class='grid-image'> <img class=\"lazyload\" data-src=\"https:\/\/www.baliocean.com\/de\/wp-content\/uploads\/2019\/11\/Divers-on-Wreck-300x225-300x225.jpg\" data-size=\"300x225\" src=\"data:image\/png;base64,iVBORw0KGgoAAAANSUhEUgAAAAEAAAABCAQAAAC1HAwCAAAAC0lEQVR42mNkYAAAAAYAAjCB0C8AAAAASUVORK5CYII=\" alt=\"\">\n              <\/div>\n            <\/div>\n            <div class='grid-content-wrapper'>\n              <div class='grid-title'>\n                <h2> WRACKTAUCHEN <\/h2>\n              <\/div>\n              <div class='grid-desc'>\n                <p> <p>If you have ever wanted to experience the amazing underwater world then here is where the adventure starts. Learn to scuba dive in Bali with our experienced PADI instructors who will guide you through everything you need to learn to scuba dive independently. Not only that, you\u2019ll get to dive at some of Bali\u2019s best dive sites!<\/p>\n <\/p>\n              <\/div>\n            <\/div>\n          <\/div>\n          \n          <div class='grid-item col-lg-4 col-md-6 col-sm-12'>\n            <div class='grid-image-wrapper'>\n              <div class='grid-image'> <img class=\"lazyload\" data-src=\"https:\/\/www.baliocean.com\/de\/wp-content\/uploads\/2019\/11\/nitrox_tank.jpg\" data-size=\"1000x749\" src=\"data:image\/png;base64,iVBORw0KGgoAAAANSUhEUgAAAAEAAAABCAQAAAC1HAwCAAAAC0lEQVR42mNkYAAAAAYAAjCB0C8AAAAASUVORK5CYII=\" alt=\"\">\n              <\/div>\n            <\/div>\n            <div class='grid-content-wrapper'>\n              <div class='grid-title'>\n                <h2> NITROX <\/h2>\n              <\/div>\n              <div class='grid-desc'>\n                <p> <p>Continuing your diving adventure is one of the best moves you can make. The PADI Adventures in Diving, programs have some great benefits that will keep you diving and enjoying the underwater world. Sign up for our Advanced Open Water Course and dive at Nusa Pendia and Tulamben \u2013 some of the best dive sites in Bali!<\/p>\n <\/p>\n              <\/div>\n            <\/div>\n          <\/div>\n          \n          <div class='grid-item col-lg-4 col-md-6 col-sm-12'>\n            <div class='grid-image-wrapper'>\n              <div class='grid-image'> <img class=\"lazyload\" data-sizes=\"auto\" data-srcset=\"https:\/\/www.baliocean.com\/de\/wp-content\/uploads\/sites\/3\/2020\/01\/03-Drift.jpg 351w, https:\/\/www.baliocean.com\/de\/wp-content\/uploads\/sites\/3\/2020\/01\/03-Drift-300x200.jpg 300w, https:\/\/www.baliocean.com\/de\/wp-content\/uploads\/sites\/3\/2020\/01\/03-Drift-272x182.jpg 272w\" data-size=\"351x234\" src=\"data:image\/png;base64,iVBORw0KGgoAAAANSUhEUgAAAAEAAAABCAQAAAC1HAwCAAAAC0lEQVR42mNkYAAAAAYAAjCB0C8AAAAASUVORK5CYII=\" alt=\"\">\n              <\/div>\n            <\/div>\n            <div class='grid-content-wrapper'>\n              <div class='grid-title'>\n                <h2> STR\u00d6MUNGSTAUCHEN <\/h2>\n              <\/div>\n              <div class='grid-desc'>\n                <p> <p>Die Insel Bali und die Region rundherum ist bekannt f\u00fcr ihre tollen M\u00f6glichkeiten zum Str\u00f6mungstauchen, zum Beispiel in der N\u00e4he von Nusa Penida und Nusa Lembongan. Inkludiere diesen tollen Spezialkurs in deinen Tauchgang und lerne, wie du sehr einfach einen sicheren Str\u00f6mungstauchgang machen kannst. W\u00e4hrend du die Fertigkeiten daf\u00fcr erlernst, hast du die M\u00f6glichkeit, an den sch\u00f6nsten Tauchpl\u00e4tzen Balis zu tauchen.<\/p>\n <\/p>\n              <\/div>\n            <\/div>\n          <\/div>\n          \n          <div class='grid-item col-lg-4 col-md-6 col-sm-12'>\n            <div class='grid-image-wrapper'>\n              <div class='grid-image'> <img class=\"lazyload\" data-src=\"https:\/\/www.baliocean.com\/de\/wp-content\/uploads\/2019\/12\/05-Photography.jpg\" data-size=\"351x234\" src=\"data:image\/png;base64,iVBORw0KGgoAAAANSUhEUgAAAAEAAAABCAQAAAC1HAwCAAAAC0lEQVR42mNkYAAAAAYAAjCB0C8AAAAASUVORK5CYII=\" alt=\"\">\n              <\/div>\n            <\/div>\n            <div class='grid-content-wrapper'>\n              <div class='grid-title'>\n                <h2> UNTERWASSER FOTOGRAFIE <\/h2>\n              <\/div>\n              <div class='grid-desc'>\n                <p> <p>Sind deine Unterwasserbilder zu gr\u00fcn? Oder zu blau? Melde dich f\u00fcr diesen 1 Tages-Kurs an und lerne, wie du deine Unterwasserbilder besser, klarer und mit mehr Farbe gestalten kannst. Dieser Spezialkurs kann auch zu anderen Tauchprogrammen hinzuaddiert werden.<\/p>\n <\/p>\n              <\/div>\n            <\/div>\n          <\/div>\n          \n          <div class='grid-item col-lg-4 col-md-6 col-sm-12'>\n            <div class='grid-image-wrapper'>\n              <div class='grid-image'> <img class=\"lazyload\" data-src=\"https:\/\/www.baliocean.com\/de\/wp-content\/uploads\/2019\/12\/06-Master-Scuba-Diver.jpg\" data-size=\"351x234\" src=\"data:image\/png;base64,iVBORw0KGgoAAAANSUhEUgAAAAEAAAABCAQAAAC1HAwCAAAAC0lEQVR42mNkYAAAAAYAAjCB0C8AAAAASUVORK5CYII=\" alt=\"\">\n              <\/div>\n            <\/div>\n            <div class='grid-content-wrapper'>\n              <div class='grid-title'>\n                <h2> MASTER SCUBA DIVER <\/h2>\n              <\/div>\n              <div class='grid-desc'>\n                <p> <p>Wenn du in 5 der PADI Spezialkursen zertifiziert bist, einen Rettungstaucherschein (Rescue Diver) und mindestens 50 protokollierte Tauchg\u00e4nge hast qualifizierst du dich automatisch f\u00fcr das PADI Master Scuba Diver Rating \u2013 klicke hier, um weitere Informationen zu erhalten.<\/p>\n <\/p>\n              <\/div>\n            <\/div>\n          <\/div>\n              <\/div>\n  <\/div>\n<\/div>\n<\/div><\/div><\/div><\/div><\/div><\/div><div id=\"pg-16289-1\"  class=\"panel-grid panel-has-style\" ><div class=\"siteorigin-panels-stretch panel-row-style panel-row-style-for-16289-1\" data-stretch-type=\"full-stretched-padded\" data-sal=\"fade\" data-sal-easing=\"linear\" ><div id=\"pgc-16289-1-0\"  class=\"panel-grid-cell\" ><div id=\"panel-16289-1-0-0\" class=\"so-panel widget widget_imm-text-widget panel-first-child panel-last-child\" data-index=\"2\" ><div data-sal=\"fade\" data-sal-easing=\"linear\" class=\"panel-widget-style panel-widget-style-for-16289-1-0-0\" ><div class=\"so-widget-imm-text-widget so-widget-imm-text-widget-default-d75171398898-16289\">\n\n<div class=\"imm-text-widget\">\n  <div class=\"imm-text-wrapper\">\n    <div class=\"container\">\n\n              <div class=\"title title-separator imm-text-title\">\n          <h2> PADI SPEZIALKURSE<\/h2>\n        <\/div>\n                    <div class=\"desc imm-text-desc\">\n          <table style=\"width: 100%;\">\n<tbody>\n<tr>\n<td style=\"vertical-align: top; width: 35%;\"><strong>UMWELTFOKUSSIERT<\/strong>\n<ul>\n<li>Projekt \u2018Umweltbewusstsein\u2019<\/li>\n<li>Aufrechterhaltung der Korallenriffe \/ Korallenriff Schutz<\/li>\n<li>Fisch ID Identifikation von Fischen<\/li>\n<li>Unterwasser Naturalist<\/li>\n<\/ul>\n<\/td>\n<td style=\"vertical-align: top; width: 40%;\"><strong>TECHNISCH FOKUSSIERT<\/strong>\n<ul>\n<li>Tauchen mit Enriched Air (Nitrox)<\/li>\n<li>Oxygen Provider Kurs<\/li>\n<li>Ausr\u00fcstungsspezialist<\/li>\n<li>Tieftauchen<\/li>\n<li>Str\u00f6mungstauchen<\/li>\n<li>Wracktauchen<\/li>\n<li>Sidemount tauchen<\/li>\n<\/ul>\n<\/td>\n<td style=\"vertical-align: top;\"><strong>VERBESSERUNG DER TAUCHF\u00c4HIGKEITEN<\/strong>\n<ul>\n<li>Tarierung<\/li>\n<li>Unterwasser Navigation<\/li>\n<li>Suchen &amp; Bergen<\/li>\n<li>Nachttauchen<\/li>\n<li>Digitale Unterwasserfotografie<\/li>\n<li>Digitale Unterwasservideografie<\/li>\n<li>Bootstauchen<\/li>\n<\/ul>\n<\/td>\n<\/tr>\n<\/tbody>\n<\/table>\n        <\/div>\n      \n    <\/div>\n  <\/div>\n<\/div>\n<\/div><\/div><\/div><\/div><\/div><\/div><div id=\"pg-16289-2\"  class=\"panel-grid panel-has-style\" ><div data-sal=\"fade\" data-sal-easing=\"linear\" class=\"panel-row-style panel-row-style-for-16289-2\" ><div id=\"pgc-16289-2-0\"  class=\"panel-grid-cell\" ><div id=\"panel-16289-2-0-0\" class=\"so-panel widget widget_imm-accordion panel-first-child panel-last-child\" data-index=\"3\" ><div data-sal=\"fade\" data-sal-easing=\"linear\" class=\"panel-widget-style panel-widget-style-for-16289-2-0-0\" ><div class=\"so-widget-imm-accordion so-widget-imm-accordion-default-d75171398898-16289\">\n<div class=\"accordion imm-accordion-widget\" id=\"imm-accordion_69f5996a1e76d\">\n    <div class=\"card\">\n    <div class=\"card-header \">\n      <div class=\"card-header-prepend\">\n        <span class=\"icon\"><i class=\"fas fa-plus\"><\/i><\/span>\n      <\/div>\n      <button class=\"btn title\" type=\"button\" data-toggle=\"collapse\" data-target=\"#imm-acc-item_69f5996a1e76e\" aria-expanded=\"true\" aria-controls=\"imm-acc-item_69f5996a1e76e\">\n        INKLUSIVE      <\/button>\n    <\/div>\n\n    <div id=\"imm-acc-item_69f5996a1e76e\" class=\"collapse \" data-parent=\"#imm-accordion_69f5996a1e76d\">\n      <div class=\"card-body\">\n        <div class=\"scroll-accordion\">\n          <ul>\n<li>Gesamte ben\u00f6tigte Ausstattung<\/li>\n<li>PADI Materialien<\/li>\n<li>PADI Zertifikat<\/li>\n<li>Versichterter PADI Tauchlehrer<\/li>\n<li>Mittagessen, Trinkwasser und Handt\u00fccher<\/li>\n<li>Hotelabhol- und Bringservice<\/li>\n<li>Versicherung<\/li>\n<\/ul>\n        <\/div>\n      <\/div>\n    <\/div>\n  <\/div>\n  <\/div>\n<\/div><\/div><\/div><\/div><div id=\"pgc-16289-2-1\"  class=\"panel-grid-cell\" ><div id=\"panel-16289-2-1-0\" class=\"so-panel widget widget_imm-text-widget panel-first-child panel-last-child\" data-index=\"4\" ><div id=\"contact\" data-sal=\"fade\" data-sal-easing=\"linear\" class=\"panel-widget-style panel-widget-style-for-16289-2-1-0\" ><div class=\"so-widget-imm-text-widget so-widget-imm-text-widget-default-d75171398898-16289\">\n\n<div class=\"imm-text-widget\">\n  <div class=\"imm-text-wrapper\">\n    <div class=\"container\">\n\n                    <div class=\"desc imm-text-desc\">\n          <p><div role=\"form\" class=\"wpcf7\" id=\"wpcf7-f20599-o1\" lang=\"en-US\" dir=\"ltr\">\n<div class=\"screen-reader-response\"><p role=\"status\" aria-live=\"polite\" aria-atomic=\"true\"><\/p> <ul><\/ul><\/div>\n<form action=\"\/de\/wp-json\/wp\/v2\/pages\/16289#wpcf7-f20599-o1\" method=\"post\" class=\"wpcf7-form init\" novalidate=\"novalidate\" data-status=\"init\">\n<div style=\"display: none;\">\n<input type=\"hidden\" name=\"_wpcf7\" value=\"20599\" \/>\n<input type=\"hidden\" name=\"_wpcf7_version\" value=\"5.5.6.1\" \/>\n<input type=\"hidden\" name=\"_wpcf7_locale\" value=\"en_US\" \/>\n<input type=\"hidden\" name=\"_wpcf7_unit_tag\" value=\"wpcf7-f20599-o1\" \/>\n<input type=\"hidden\" name=\"_wpcf7_container_post\" value=\"0\" \/>\n<input type=\"hidden\" name=\"_wpcf7_posted_data_hash\" value=\"\" \/>\n<input type=\"hidden\" name=\"_wpcf7_recaptcha_response\" value=\"\" \/>\n<\/div>\n<h4 class=\"m-0\" style=\"font-weight:700; color:#818181\"> KONTAKTIERE UNS<br \/>\n <\/h4>\n<p>Dein Name (ben\u00f6tigt)<br \/>\n    <span class=\"wpcf7-form-control-wrap your-name\"><input type=\"text\" name=\"your-name\" value=\"\" size=\"40\" class=\"wpcf7-form-control wpcf7-text wpcf7-validates-as-required\" aria-required=\"true\" aria-invalid=\"false\" \/><\/span> <\/p>\n<p>Email Adresse (ben\u00f6tigt)<br \/>\n    <span class=\"wpcf7-form-control-wrap your-email\"><input type=\"email\" name=\"your-email\" value=\"\" size=\"40\" class=\"wpcf7-form-control wpcf7-text wpcf7-email wpcf7-validates-as-required wpcf7-validates-as-email\" aria-required=\"true\" aria-invalid=\"false\" \/><\/span> <\/p>\n<p>Whatsapp Nummer<br \/>\n    <span class=\"wpcf7-form-control-wrap your-whatsapp\"><input type=\"text\" name=\"your-whatsapp\" value=\"\" size=\"40\" class=\"wpcf7-form-control wpcf7-text\" aria-invalid=\"false\" \/><\/span> <\/p>\n<p>Nachricht<br \/>\n    <span class=\"wpcf7-form-control-wrap your-message\"><textarea name=\"your-message\" cols=\"40\" rows=\"10\" class=\"wpcf7-form-control wpcf7-textarea\" aria-invalid=\"false\"><\/textarea><\/span> <\/p>\n<p class=\"mb-3\">This site is protected by reCAPTCHA and the Google <a href=\"https:\/\/policies.google.com\/privacy\">Privacy Policy<\/a> and <a href=\"https:\/\/policies.google.com\/terms\">Terms of Service<\/a> apply.<\/p>\n<p class=\"mb-3\">\tIf you do not receive confirmation the message was sent immediately there may be an issue with the connection, please try again.<\/p>\n<p><input type=\"submit\" value=\"SENDEN\" class=\"wpcf7-form-control has-spinner wpcf7-submit\" \/><\/p>\n<div class=\"form-response\">\n<div class=\"wpcf7-response-output\" aria-hidden=\"true\"><\/div>\n<\/div>\n<\/form><\/div><\/p>\n        <\/div>\n      \n    <\/div>\n  <\/div>\n<\/div>\n<\/div><\/div><\/div><\/div><\/div><\/div><div id=\"pg-16289-3\"  class=\"panel-grid panel-has-style\" ><div class=\"siteorigin-panels-stretch panel-row-style panel-row-style-for-16289-3\" data-stretch-type=\"full-stretched\" data-sal=\"fade\" data-sal-easing=\"linear\" ><div id=\"pgc-16289-3-0\"  class=\"panel-grid-cell\" ><div id=\"panel-16289-3-0-0\" class=\"so-panel widget widget_imm-cta-widget panel-first-child panel-last-child\" data-index=\"5\" ><div data-sal=\"fade\" data-sal-easing=\"linear\" class=\"panel-widget-style panel-widget-style-for-16289-3-0-0\" ><div class=\"so-widget-imm-cta-widget so-widget-imm-cta-widget-default-d75171398898-16289\">\n\n<div class=\"imm-cta-widget\">\n  <div class=\"container\">\n    <div class=\"imm-cta-wrapper\">\n      <div class=\"row\">\n\n        <div class=\"col-lg-8 col-md-8\">\n          <div class=\"imm-cta-text\">\n            <p> <p>Was gibt es als n\u00e4chstes ?<\/p>\n<\/p>\n          <\/div>\n        <\/div>\n        <div class=\"col-lg-4 col-md-4\">\n          <div class=\"imm-cta-type\">\n            <a class='text' href=\"https:\/\/www.baliocean.com\/de\/padi_courses_elearning\"> PADI E-LEARNING <\/a>\n          <\/div>\n        <\/div>\n      <\/div>\n    <\/div>\n  <\/div>\n<\/div>\n<\/div><\/div><\/div><\/div><\/div><\/div><\/div>","protected":false},"excerpt":{"rendered":"<p>SPEZIALTAUCHKURSE Durch die in Bali vorhandenen PADI Spezialkurse kannst du deine Tauchkurse in Verbindung mit den Spezialkursen mit tollen Tauchg\u00e4ngen und Abenteuern gestalten. Nat\u00fcrlich er\u00f6ffnet dir eine PADI Zertifizierung den Zugang zum Meer aber die PADI Spezialkurse lassen dich Unterwassererfahrungen sammeln, die dich tief in deinem Inneren ber\u00fchren werden. Es gibt eine grosse Bandbreite von [&hellip;]<\/p>\n","protected":false},"author":1,"featured_media":0,"parent":16055,"menu_order":9,"comment_status":"open","ping_status":"open","template":"","meta":[],"acf":[],"yoast_head":"<!-- This site is optimized with the Yoast SEO plugin v17.9 - https:\/\/yoast.com\/wordpress\/plugins\/seo\/ -->\n<title>Bali Spezialtauchkurse | Blue Season Bali<\/title>\n<meta name=\"description\" content=\"Komm&#039; und erweitere deine F\u00e4higkeiten mit den PADI Spezialkursen wie Nitrox, Tieftauchen, Wracktauchen &amp; Unterwasserfotografie.\" \/>\n<meta name=\"robots\" content=\"index, follow, max-snippet:-1, max-image-preview:large, max-video-preview:-1\" \/>\n<link rel=\"canonical\" href=\"https:\/\/www.baliocean.com\/de\/specialty-courses\/\" \/>\n<!-- \/ Yoast SEO plugin. -->","yoast_head_json":{"title":"Bali Spezialtauchkurse | Blue Season Bali","description":"Komm' und erweitere deine F\u00e4higkeiten mit den PADI Spezialkursen wie Nitrox, Tieftauchen, Wracktauchen & Unterwasserfotografie.","robots":{"index":"index","follow":"follow","max-snippet":"max-snippet:-1","max-image-preview":"max-image-preview:large","max-video-preview":"max-video-preview:-1"},"canonical":"https:\/\/www.baliocean.com\/de\/specialty-courses\/"},"_links":{"self":[{"href":"https:\/\/www.baliocean.com\/de\/wp-json\/wp\/v2\/pages\/16289"}],"collection":[{"href":"https:\/\/www.baliocean.com\/de\/wp-json\/wp\/v2\/pages"}],"about":[{"href":"https:\/\/www.baliocean.com\/de\/wp-json\/wp\/v2\/types\/page"}],"author":[{"embeddable":true,"href":"https:\/\/www.baliocean.com\/de\/wp-json\/wp\/v2\/users\/1"}],"replies":[{"embeddable":true,"href":"https:\/\/www.baliocean.com\/de\/wp-json\/wp\/v2\/comments?post=16289"}],"version-history":[{"count":15,"href":"https:\/\/www.baliocean.com\/de\/wp-json\/wp\/v2\/pages\/16289\/revisions"}],"predecessor-version":[{"id":20976,"href":"https:\/\/www.baliocean.com\/de\/wp-json\/wp\/v2\/pages\/16289\/revisions\/20976"}],"up":[{"embeddable":true,"href":"https:\/\/www.baliocean.com\/de\/wp-json\/wp\/v2\/pages\/16055"}],"wp:attachment":[{"href":"https:\/\/www.baliocean.com\/de\/wp-json\/wp\/v2\/media?parent=16289"}],"curies":[{"name":"wp","href":"https:\/\/api.w.org\/{rel}","templated":true}]}}