{"id":16291,"date":"2015-07-29T01:45:21","date_gmt":"2015-07-29T01:45:21","guid":{"rendered":"http:\/\/staging.baliocean.com\/?page_id=16291"},"modified":"2020-01-31T10:09:57","modified_gmt":"2020-01-31T02:09:57","slug":"first-aid","status":"publish","type":"page","link":"https:\/\/www.baliocean.com\/de\/padi-courses\/emergency-first-response","title":{"rendered":"Emergency First Response"},"content":{"rendered":"<div id=\"pl-16291\"  class=\"panel-layout\" ><div id=\"pg-16291-0\"  class=\"panel-grid panel-has-style\" ><div data-sal=\"fade\" data-sal-easing=\"linear\" class=\"panel-row-style panel-row-style-for-16291-0\" ><div id=\"pgc-16291-0-0\"  class=\"panel-grid-cell\" ><div id=\"panel-16291-0-0-0\" class=\"so-panel widget widget_imm-image-text-with-price panel-first-child panel-last-child\" data-index=\"0\" ><div data-sal=\"fade\" data-sal-easing=\"linear\" class=\"panel-widget-style panel-widget-style-for-16291-0-0-0\" ><div class=\"so-widget-imm-image-text-with-price so-widget-imm-image-text-with-price-default-d75171398898-16291\"><section id=\"imm-price-tab-000\" class=\"imm-price-tab\">\n  <div class=\"container\">\n    <div class=\"imm-price-tab-wrapper\">\n      <div class=\"row\">\n        <div class=\"col-md-12 col-lg-6 col-12 col-sm-12 order-first\">\n          <div class=\"price-tab-image\">\n            <img class=\"lazyload\" data-src=\"https:\/\/www.baliocean.com\/de\/wp-content\/uploads\/2019\/12\/PICT2542.jpg\" data-size=\"538x600\" src=\"data:image\/png;base64,iVBORw0KGgoAAAANSUhEUgAAAAEAAAABCAQAAAC1HAwCAAAAC0lEQVR42mNkYAAAAAYAAjCB0C8AAAAASUVORK5CYII=\" alt=\"\">                      <\/div>\n\n        <\/div>\n        <div class=\"col-md-12 col-lg-6 col-12 col-sm-12 \">\n          <div class=\"price-tab-inner\">\n                          <div class=\"title title-separator price-tab-title\">\n                <h1> Emergency First Response <\/h1>              <\/div>\n                        <div class=\"desc price-tab-desc\">\n              <div class=\"tab-content\"><div class=\"tab-pane fade show active\" id=\"imm-price-tab-000-0\" role=\"tabpanel\"><p>Als eine der f\u00fchrenden internationalen Ausbildungsorganisationen f\u00fcr HLW und Erste Hilfe gibt dir der PADI Emergency First Response (EFR) Kurs das Selbstvertrauen, das du ben\u00f6tigst, um in medizinischen Notf\u00e4llen richtig zu reagieren \u2013 nicht nur beim Tauchen und in der Tauchwelt, sondern auch im Alltag mit deiner Familie, mit Freunden, Nachbarn und Mitarbeitern. Das Ziel des EFR ist es, speziell Leuten ohne besondere Vorkenntnisse ein Erste Hilfe Training zu geben.<\/p>\n<p>Das preisgekr\u00f6nte Programm und der Stand der Technik der Trainingsmaterialien l\u00e4sst diesen Kurs zu einem der Lieblinge f\u00fcr viele Taucher werden.<\/p>\n<p>Viele Taucher nehmen an Emergency First Response Kursen teil, da ein solcher Kurs f\u00fcr viele weitere Tauchkurse, wie z.B. den PADI Rescue Diver, oder als Vorbereitung zum PADI Divemaster, Vorraussetzung ist. Das EFR Programm ist aber auch im t\u00e4glichen Leben sehr wichtig, da du mit diesem Kurs einen signifikanten Schritt in der Unfallvorbeugung machst. Du lernst zudem, wie du in einer Unfallsituation richtig reagierst und helfen kannst.<\/p>\n<\/div><\/div>            <\/div>\n\n            \n            <div class=\"type-cta cta-price\">\n              <div class=\"row no-gutters\">\n                                                    \n                      <div class=\"col-md-4 col-lg-4 col-sm-12 col-12\">\n                        \n                                        <div class=\"cta\">\n                                            <a href=\"#contact\" class=\"button\">\n                                                Kontaktiere Uns\n                                            <\/a>\n                                        <\/div>\n                                                          <\/div>\n                   \n                                    \n                      <div class=\"col-md-4 col-lg-4 col-sm-12 col-12\">\n                        \n                                  <div class=\"cta\">\n                                      <a href=\"#contact\" class=\"button\">\n                                          BUCHE JETZT!\n                                      <\/a>\n                                  <\/div>\n                                                    <\/div>\n                   \n                                <\/div>\n                <div class=\"notes\">\n                  <p><strong>Alle Preise in Indonesischen Rupiah x 1000<br \/>\n<\/strong><strong>Hier geht es zum aktuellen<em><a href=\"http:\/\/www.xe.com\/currencyconverter\/convert\/?Amount=1&amp;From=IDR&amp;To=EUR\" target=\"_blank\" rel=\"noopener\"> IDR:EUR Wechselkurs.<\/a><\/em><\/strong><\/p>\n                <\/div>\n              <\/div>\n            <\/div>\n          <\/div>\n        <\/div>\n      <\/div>\n\n  <\/div>\n<\/section>\n<\/div><\/div><\/div><\/div><\/div><\/div><div id=\"pg-16291-1\"  class=\"panel-grid panel-has-style\" ><div data-sal=\"fade\" data-sal-easing=\"linear\" class=\"panel-row-style panel-row-style-for-16291-1\" ><div id=\"pgc-16291-1-0\"  class=\"panel-grid-cell\" ><div id=\"panel-16291-1-0-0\" class=\"so-panel widget widget_imm-accordion panel-first-child panel-last-child\" data-index=\"1\" ><div data-sal=\"fade\" data-sal-easing=\"linear\" class=\"panel-widget-style panel-widget-style-for-16291-1-0-0\" ><div class=\"so-widget-imm-accordion so-widget-imm-accordion-default-d75171398898-16291\">\n<div class=\"accordion imm-accordion-widget\" id=\"imm-accordion_6a0929e32bec6\">\n    <div class=\"card\">\n    <div class=\"card-header \">\n      <div class=\"card-header-prepend\">\n        <span class=\"icon\"><i class=\"fas fa-plus\"><\/i><\/span>\n      <\/div>\n      <button class=\"btn title\" type=\"button\" data-toggle=\"collapse\" data-target=\"#imm-acc-item_6a0929e32bec8\" aria-expanded=\"true\" aria-controls=\"imm-acc-item_6a0929e32bec8\">\n        WIE FUNKTIONIERT DAS GANZE?      <\/button>\n    <\/div>\n\n    <div id=\"imm-acc-item_6a0929e32bec8\" class=\"collapse \" data-parent=\"#imm-accordion_6a0929e32bec6\">\n      <div class=\"card-body\">\n        <div class=\"scroll-accordion\">\n          <p>Hier bei Blue Season Bali kombinieren wir den PADI EFR und den \u2018Care for Children (CFC = Achte auf Kinder) Kurs in einem Paket. Wir holen dich vom Hotel ab und bringen dich zur Tauchschule, wo unsere PADI EFR Tauchlehrer dich unterrichten werden.<\/p>\n<p>Bei dem EFR und CFC Kurs gibt es etwas Theorie, die du selbstst\u00e4ndig lernen musst. Wir versorgen dich mit allen Materialien, welche du ben\u00f6tigst, um den Kurs zu absolvieren. Du kannst die Materialien behalten \u2013 es ist ein grosser Gewinn, eine solche Referenz auch f\u00fcr die Zukunft zu haben.<\/p>\n<p>W\u00e4hrend des Tages wird dein Tauchlehrer dir zeigen, wie man erste Hilfe, Erstversorgung und Zweitversorgung anwendet. Wir werden dir auch besondere Fertigkeiten in Bezug auf Reanimierungsmassnahmen zeigen. Dies wird an Babies, Kindern und Erwachsenen gezeigt und ge\u00fcbt. Du wirst diese Fertigkeiten auch selbst unter Beobachtung deines Tauchlehrers \u00fcben, damit du nach diesem Eintagesprogramm die Fertigkeiten dieses Kurses beherrscht.<\/p>\n<p>W\u00e4hrend dieses Tages stellen wir Mittagessen und Getr\u00e4nke. Wir werden viele Pausen machen. Sobald wir den Kurs beendet haben wirst du dein Zertifikat f\u00fcr den PADI EFR \/ CFC Kurs erhalten.<\/p>\n        <\/div>\n      <\/div>\n    <\/div>\n  <\/div>\n    <div class=\"card\">\n    <div class=\"card-header \">\n      <div class=\"card-header-prepend\">\n        <span class=\"icon\"><i class=\"fas fa-plus\"><\/i><\/span>\n      <\/div>\n      <button class=\"btn title\" type=\"button\" data-toggle=\"collapse\" data-target=\"#imm-acc-item_6a0929e32beca\" aria-expanded=\"false\" aria-controls=\"imm-acc-item_6a0929e32beca\">\n        ZUS\u00c4TZLICHE INFORMATIONEN      <\/button>\n    <\/div>\n\n    <div id=\"imm-acc-item_6a0929e32beca\" class=\"collapse \" data-parent=\"#imm-accordion_6a0929e32bec6\">\n      <div class=\"card-body\">\n        <div class=\"scroll-accordion\">\n          <p><strong>VORAUSSETZUNGEN<\/strong><br \/>\nkeine<\/p>\n<p><strong>DAUER<\/strong><br \/>\n1 TAG<\/p>\n<p>&nbsp;<\/p>\n<p><strong>INKLUSIVE<\/strong><br \/>\nAlle Materialien<br \/>\nCPR\/CRC\/AED\/First Aid Handbuch<br \/>\nMittagessen<br \/>\nTrinkwasser<br \/>\nHandt\u00fccher<br \/>\nHotelabhol- und Bringservice<\/p>\n        <\/div>\n      <\/div>\n    <\/div>\n  <\/div>\n  <\/div>\n<\/div><\/div><\/div><\/div><div id=\"pgc-16291-1-1\"  class=\"panel-grid-cell\" ><div id=\"panel-16291-1-1-0\" class=\"so-panel widget widget_imm-text-widget panel-first-child panel-last-child\" data-index=\"2\" ><div id=\"contact\" data-sal=\"fade\" data-sal-easing=\"linear\" class=\"panel-widget-style panel-widget-style-for-16291-1-1-0\" ><div class=\"so-widget-imm-text-widget so-widget-imm-text-widget-default-d75171398898-16291\">\n\n<div class=\"imm-text-widget\">\n  <div class=\"imm-text-wrapper\">\n    <div class=\"container\">\n\n                    <div class=\"desc imm-text-desc\">\n          <p><div role=\"form\" class=\"wpcf7\" id=\"wpcf7-f20599-o1\" lang=\"en-US\" dir=\"ltr\">\n<div class=\"screen-reader-response\"><p role=\"status\" aria-live=\"polite\" aria-atomic=\"true\"><\/p> <ul><\/ul><\/div>\n<form action=\"\/de\/wp-json\/wp\/v2\/pages\/16291#wpcf7-f20599-o1\" method=\"post\" class=\"wpcf7-form init\" novalidate=\"novalidate\" data-status=\"init\">\n<div style=\"display: none;\">\n<input type=\"hidden\" name=\"_wpcf7\" value=\"20599\" \/>\n<input type=\"hidden\" name=\"_wpcf7_version\" value=\"5.5.6.1\" \/>\n<input type=\"hidden\" name=\"_wpcf7_locale\" value=\"en_US\" \/>\n<input type=\"hidden\" name=\"_wpcf7_unit_tag\" value=\"wpcf7-f20599-o1\" \/>\n<input type=\"hidden\" name=\"_wpcf7_container_post\" value=\"0\" \/>\n<input type=\"hidden\" name=\"_wpcf7_posted_data_hash\" value=\"\" \/>\n<input type=\"hidden\" name=\"_wpcf7_recaptcha_response\" value=\"\" \/>\n<\/div>\n<h4 class=\"m-0\" style=\"font-weight:700; color:#818181\"> KONTAKTIERE UNS<br \/>\n <\/h4>\n<p>Dein Name (ben\u00f6tigt)<br \/>\n    <span class=\"wpcf7-form-control-wrap your-name\"><input type=\"text\" name=\"your-name\" value=\"\" size=\"40\" class=\"wpcf7-form-control wpcf7-text wpcf7-validates-as-required\" aria-required=\"true\" aria-invalid=\"false\" \/><\/span> <\/p>\n<p>Email Adresse (ben\u00f6tigt)<br \/>\n    <span class=\"wpcf7-form-control-wrap your-email\"><input type=\"email\" name=\"your-email\" value=\"\" size=\"40\" class=\"wpcf7-form-control wpcf7-text wpcf7-email wpcf7-validates-as-required wpcf7-validates-as-email\" aria-required=\"true\" aria-invalid=\"false\" \/><\/span> <\/p>\n<p>Whatsapp Nummer<br \/>\n    <span class=\"wpcf7-form-control-wrap your-whatsapp\"><input type=\"text\" name=\"your-whatsapp\" value=\"\" size=\"40\" class=\"wpcf7-form-control wpcf7-text\" aria-invalid=\"false\" \/><\/span> <\/p>\n<p>Nachricht<br \/>\n    <span class=\"wpcf7-form-control-wrap your-message\"><textarea name=\"your-message\" cols=\"40\" rows=\"10\" class=\"wpcf7-form-control wpcf7-textarea\" aria-invalid=\"false\"><\/textarea><\/span> <\/p>\n<p class=\"mb-3\">This site is protected by reCAPTCHA and the Google <a href=\"https:\/\/policies.google.com\/privacy\">Privacy Policy<\/a> and <a href=\"https:\/\/policies.google.com\/terms\">Terms of Service<\/a> apply.<\/p>\n<p class=\"mb-3\">\tIf you do not receive confirmation the message was sent immediately there may be an issue with the connection, please try again.<\/p>\n<p><input type=\"submit\" value=\"SENDEN\" class=\"wpcf7-form-control has-spinner wpcf7-submit\" \/><\/p>\n<div class=\"form-response\">\n<div class=\"wpcf7-response-output\" aria-hidden=\"true\"><\/div>\n<\/div>\n<\/form><\/div><\/p>\n        <\/div>\n      \n    <\/div>\n  <\/div>\n<\/div>\n<\/div><\/div><\/div><\/div><\/div><\/div><div id=\"pg-16291-2\"  class=\"panel-grid panel-has-style\" ><div class=\"siteorigin-panels-stretch panel-row-style panel-row-style-for-16291-2\" data-stretch-type=\"full-stretched\" data-sal=\"fade\" data-sal-easing=\"linear\" ><div id=\"pgc-16291-2-0\"  class=\"panel-grid-cell\" ><div id=\"panel-16291-2-0-0\" class=\"so-panel widget widget_imm-cta-widget panel-first-child panel-last-child\" data-index=\"3\" ><div data-sal=\"fade\" data-sal-easing=\"linear\" class=\"panel-widget-style panel-widget-style-for-16291-2-0-0\" ><div class=\"so-widget-imm-cta-widget so-widget-imm-cta-widget-default-d75171398898-16291\">\n\n<div class=\"imm-cta-widget\">\n  <div class=\"container\">\n    <div class=\"imm-cta-wrapper\">\n      <div class=\"row\">\n\n        <div class=\"col-lg-8 col-md-8\">\n          <div class=\"imm-cta-text\">\n            <p> <p>Was gibt es als n\u00e4chstes ?<\/p>\n<\/p>\n          <\/div>\n        <\/div>\n        <div class=\"col-lg-4 col-md-4\">\n          <div class=\"imm-cta-type\">\n            <a class='text' href=\"https:\/\/www.baliocean.com\/de\/padi_courses_rescue_diver\"> Rescue Diver Kurs <\/a>\n          <\/div>\n        <\/div>\n      <\/div>\n    <\/div>\n  <\/div>\n<\/div>\n<\/div><\/div><\/div><\/div><\/div><\/div><\/div>","protected":false},"excerpt":{"rendered":"<p>Emergency First Response Als eine der f\u00fchrenden internationalen Ausbildungsorganisationen f\u00fcr HLW und Erste Hilfe gibt dir der PADI Emergency First Response (EFR) Kurs das Selbstvertrauen, das du ben\u00f6tigst, um in medizinischen Notf\u00e4llen richtig zu reagieren \u2013 nicht nur beim Tauchen und in der Tauchwelt, sondern auch im Alltag mit deiner Familie, mit Freunden, Nachbarn und [&hellip;]<\/p>\n","protected":false},"author":1,"featured_media":0,"parent":16055,"menu_order":7,"comment_status":"open","ping_status":"open","template":"","meta":[],"acf":[],"yoast_head":"<!-- This site is optimized with the Yoast SEO plugin v17.9 - https:\/\/yoast.com\/wordpress\/plugins\/seo\/ -->\n<title>PADI Emergency First Response: Erste Hilfe Bali | Blue Season Bali<\/title>\n<meta name=\"description\" content=\"Werde ein Ersthelfer und lerne, mit medizinischen Notf\u00e4llen ruhig und kompetent umzugehen. Der Kurs beinhaltet Erst- und Zweithilfe.\" \/>\n<meta name=\"robots\" content=\"index, follow, max-snippet:-1, max-image-preview:large, max-video-preview:-1\" \/>\n<link rel=\"canonical\" href=\"https:\/\/www.baliocean.com\/de\/padi-courses\/emergency-first-response\/\" \/>\n<!-- \/ Yoast SEO plugin. -->","yoast_head_json":{"title":"PADI Emergency First Response: Erste Hilfe Bali | Blue Season Bali","description":"Werde ein Ersthelfer und lerne, mit medizinischen Notf\u00e4llen ruhig und kompetent umzugehen. Der Kurs beinhaltet Erst- und Zweithilfe.","robots":{"index":"index","follow":"follow","max-snippet":"max-snippet:-1","max-image-preview":"max-image-preview:large","max-video-preview":"max-video-preview:-1"},"canonical":"https:\/\/www.baliocean.com\/de\/padi-courses\/emergency-first-response\/"},"_links":{"self":[{"href":"https:\/\/www.baliocean.com\/de\/wp-json\/wp\/v2\/pages\/16291"}],"collection":[{"href":"https:\/\/www.baliocean.com\/de\/wp-json\/wp\/v2\/pages"}],"about":[{"href":"https:\/\/www.baliocean.com\/de\/wp-json\/wp\/v2\/types\/page"}],"author":[{"embeddable":true,"href":"https:\/\/www.baliocean.com\/de\/wp-json\/wp\/v2\/users\/1"}],"replies":[{"embeddable":true,"href":"https:\/\/www.baliocean.com\/de\/wp-json\/wp\/v2\/comments?post=16291"}],"version-history":[{"count":17,"href":"https:\/\/www.baliocean.com\/de\/wp-json\/wp\/v2\/pages\/16291\/revisions"}],"predecessor-version":[{"id":20970,"href":"https:\/\/www.baliocean.com\/de\/wp-json\/wp\/v2\/pages\/16291\/revisions\/20970"}],"up":[{"embeddable":true,"href":"https:\/\/www.baliocean.com\/de\/wp-json\/wp\/v2\/pages\/16055"}],"wp:attachment":[{"href":"https:\/\/www.baliocean.com\/de\/wp-json\/wp\/v2\/media?parent=16291"}],"curies":[{"name":"wp","href":"https:\/\/api.w.org\/{rel}","templated":true}]}}