{"id":16297,"date":"2015-07-29T01:39:53","date_gmt":"2015-07-29T01:39:53","guid":{"rendered":"http:\/\/staging.baliocean.com\/?page_id=16297"},"modified":"2020-01-31T09:58:16","modified_gmt":"2020-01-31T01:58:16","slug":"try-scuba-diving","status":"publish","type":"page","link":"https:\/\/www.baliocean.com\/de\/padi-courses\/discover-scuba-diving","title":{"rendered":"Schnuppertauchen"},"content":{"rendered":"<div id=\"pl-16297\"  class=\"panel-layout\" ><div id=\"pg-16297-0\"  class=\"panel-grid panel-has-style\" ><div data-sal=\"fade\" data-sal-easing=\"linear\" class=\"panel-row-style panel-row-style-for-16297-0\" ><div id=\"pgc-16297-0-0\"  class=\"panel-grid-cell\" ><div id=\"panel-16297-0-0-0\" class=\"so-panel widget widget_imm-image-text-with-price panel-first-child\" data-index=\"0\" ><div data-sal=\"fade\" data-sal-easing=\"linear\" class=\"panel-widget-style panel-widget-style-for-16297-0-0-0\" ><div class=\"so-widget-imm-image-text-with-price so-widget-imm-image-text-with-price-default-d75171398898-16297\"><section id=\"imm-price-tab-000\" class=\"imm-price-tab\">\n  <div class=\"container\">\n    <div class=\"imm-price-tab-wrapper\">\n      <div class=\"row\">\n        <div class=\"col-md-12 col-lg-6 col-12 col-sm-12 order-first\">\n          <div class=\"price-tab-image\">\n            <img class=\"lazyload\" data-src=\"https:\/\/www.baliocean.com\/de\/wp-content\/uploads\/2018\/04\/Continuing-Dive-Education.jpg\" data-size=\"535x276\" src=\"data:image\/png;base64,iVBORw0KGgoAAAANSUhEUgAAAAEAAAABCAQAAAC1HAwCAAAAC0lEQVR42mNkYAAAAAYAAjCB0C8AAAAASUVORK5CYII=\" alt=\"\">                      <\/div>\n\n        <\/div>\n        <div class=\"col-md-12 col-lg-6 col-12 col-sm-12 \">\n          <div class=\"price-tab-inner\">\n                          <div class=\"title title-separator price-tab-title\">\n                <h1> PADI Discover Scuba Diving <\/h1>              <\/div>\n                        <div class=\"desc price-tab-desc\">\n              <div class=\"tab-content\"><div class=\"tab-pane fade show active\" id=\"imm-price-tab-000-0\" role=\"tabpanel\"><p>Hast du dich jemals gefragt, wie es ist, unter Wasser zu atmen? Wenn du es gerne erfahren w\u00fcrdest, dir aber nicht sicher bist, ob du gleich einen kompletten Kurs belegen m\u00f6chtest, gibt es mit dem PADI Schnuppertauchen die M\u00f6glichkeit, auszuprobieren, ob dir das Ger\u00e4tetauchen gef\u00e4llt und du mehr dar\u00fcber erfahren m\u00f6chtest.<\/p>\n<p>Erlebe das Ger\u00e4tetauchen mit Blue Season Bali und entdecke eine komplett neue Welt voller Unterwasserabenteuer. F\u00fcr alle Wasserfreunde, die noch nie zuvor getaucht sind, ist unser Schnuppertauchen ein Unterwasserabenteuer, das du so schnell nicht mehr vergessen wirst.<\/p>\n<\/div><\/div>            <\/div>\n\n            \n            <div class=\"type-cta \">\n              <div class=\"row no-gutters\">\n                                                <\/div>\n                <div class=\"notes\">\n                                  <\/div>\n              <\/div>\n            <\/div>\n          <\/div>\n        <\/div>\n      <\/div>\n\n  <\/div>\n<\/section>\n<\/div><\/div><\/div><div id=\"panel-16297-0-0-1\" class=\"so-panel widget widget_imm-services panel-last-child\" data-index=\"1\" ><div data-sal=\"fade\" data-sal-easing=\"linear\" class=\"panel-widget-style panel-widget-style-for-16297-0-0-1\" ><div class=\"so-widget-imm-services so-widget-imm-services-default-d75171398898-16297\">\n<div class=\"imm-services\">\n  <div class=\"container\">\n    <div class=\"services-wrapper\">\n              <div class=\"title title-separator imm-services-title\">\n          <h2> WIE FUNKTIONIERT DAS GANZE? <\/h2>\n        <\/div>\n            <div class=\"row\">\n         <div class='services-item col-md-12 col-sm-12'> <div class='service-image'> <img class=\"lazyload\" data-src=\"https:\/\/www.baliocean.com\/de\/wp-content\/uploads\/2019\/12\/bsb-icon-00-eligible.png\" data-size=\"161x161\" src=\"data:image\/png;base64,iVBORw0KGgoAAAANSUhEUgAAAAEAAAABCAQAAAC1HAwCAAAAC0lEQVR42mNkYAAAAAYAAjCB0C8AAAAASUVORK5CYII=\" alt=\"\"> <\/div> \n            <div class='service-content'>\n              <h3>WER DARF TAUCHEN<\/h3>\n              <p>Wenn du \u00fcber 10 Jahre alt bist und du alle medizinischen Fragen mit Nein beantworten kannst, kannst du tauchen gehen!<\/p>\n            <\/div>\n          <\/div>\n           <div class='services-item col-md-12 col-sm-12'> <div class='service-image'> <img class=\"lazyload\" data-src=\"https:\/\/www.baliocean.com\/de\/wp-content\/uploads\/2019\/12\/bsb-icon-00-signup.png\" data-size=\"161x161\" src=\"data:image\/png;base64,iVBORw0KGgoAAAANSUhEUgAAAAEAAAABCAQAAAC1HAwCAAAAC0lEQVR42mNkYAAAAAYAAjCB0C8AAAAASUVORK5CYII=\" alt=\"\"> <\/div> \n            <div class='service-content'>\n              <h3>MELDE DICH AN<\/h3>\n              <p>F\u00fclle die Papiere aus, unterschreibe ein paar Mal und schon kannst du ins Wasser springen.<\/p>\n            <\/div>\n          <\/div>\n           <div class='services-item col-md-12 col-sm-12'> <div class='service-image'> <img class=\"lazyload\" data-src=\"https:\/\/www.baliocean.com\/de\/wp-content\/uploads\/2019\/12\/bsb-icon-00-briefing.png\" data-size=\"161x161\" src=\"data:image\/png;base64,iVBORw0KGgoAAAANSUhEUgAAAAEAAAABCAQAAAC1HAwCAAAAC0lEQVR42mNkYAAAAAYAAjCB0C8AAAAASUVORK5CYII=\" alt=\"\"> <\/div> \n            <div class='service-content'>\n              <h3>EINWEISUNG<\/h3>\n              <p>H\u00f6re unseren PADI Tauchlehrern genau zu, wenn sie dir erkl\u00e4ren, was du unter Wasser machen wirst.<\/p>\n            <\/div>\n          <\/div>\n           <div class='services-item col-md-12 col-sm-12'> <div class='service-image'> <img class=\"lazyload\" data-src=\"https:\/\/www.baliocean.com\/de\/wp-content\/uploads\/2019\/12\/bsb-icon-00-swimmingpool.png\" data-size=\"161x161\" src=\"data:image\/png;base64,iVBORw0KGgoAAAANSUhEUgAAAAEAAAABCAQAAAC1HAwCAAAAC0lEQVR42mNkYAAAAAYAAjCB0C8AAAAASUVORK5CYII=\" alt=\"\"> <\/div> \n            <div class='service-content'>\n              <h3>PRAKTIZIEREN DER F\u00c4HIGKEITEN<\/h3>\n              <p>Spring' in den Pool und \u00fcbe ein paar Fertigkeiten wie zum Beispiel Blasen unter Wasser atmen.<\/p>\n            <\/div>\n          <\/div>\n           <div class='services-item col-md-12 col-sm-12'> <div class='service-image'> <img class=\"lazyload\" data-src=\"https:\/\/www.baliocean.com\/de\/wp-content\/uploads\/2019\/12\/bsb-icon-00-godiving.png\" data-size=\"161x161\" src=\"data:image\/png;base64,iVBORw0KGgoAAAANSUhEUgAAAAEAAAABCAQAAAC1HAwCAAAAC0lEQVR42mNkYAAAAAYAAjCB0C8AAAAASUVORK5CYII=\" alt=\"\"> <\/div> \n            <div class='service-content'>\n              <h3>GEHE TAUCHEN<\/h3>\n              <p>Jetzt ist es an der Zeit ins Meer zu springen und mit den Fischen zu spielen.<\/p>\n            <\/div>\n          <\/div>\n                <\/div>\n    <\/div>\n  <\/div>\n<\/div>\n<\/div><\/div><\/div><\/div><\/div><\/div><div id=\"pg-16297-1\"  class=\"panel-grid panel-has-style\" ><div class=\"siteorigin-panels-stretch panel-row-style panel-row-style-for-16297-1\" data-stretch-type=\"full-stretched\" data-sal=\"fade\" data-sal-easing=\"linear\" ><div id=\"pgc-16297-1-0\"  class=\"panel-grid-cell\" ><div id=\"panel-16297-1-0-0\" class=\"so-panel widget widget_imm-cta-widget panel-first-child panel-last-child\" data-index=\"2\" ><div data-sal=\"fade\" data-sal-easing=\"linear\" class=\"panel-widget-style panel-widget-style-for-16297-1-0-0\" ><div class=\"so-widget-imm-cta-widget so-widget-imm-cta-widget-default-d75171398898-16297\">\n\n<div class=\"imm-cta-widget\">\n  <div class=\"container\">\n    <div class=\"imm-cta-wrapper\">\n      <div class=\"row\">\n\n        <div class=\"col-lg-8 col-md-8\">\n          <div class=\"imm-cta-text\">\n            <p> <p>Bist du bereit, das Ger\u00e4tetauchen auszuprobieren? Kontaktiere uns!<\/p>\n<\/p>\n          <\/div>\n        <\/div>\n        <div class=\"col-lg-4 col-md-4\">\n          <div class=\"imm-cta-type\">\n            <a class='button' href=\"#contact\"> Kontaktiere uns <\/a>\n          <\/div>\n        <\/div>\n      <\/div>\n    <\/div>\n  <\/div>\n<\/div>\n<\/div><\/div><\/div><\/div><\/div><\/div><div id=\"pg-16297-2\"  class=\"panel-grid panel-has-style\" ><div data-sal=\"fade\" data-sal-easing=\"linear\" class=\"panel-row-style panel-row-style-for-16297-2\" ><div id=\"pgc-16297-2-0\"  class=\"panel-grid-cell\" ><div id=\"panel-16297-2-0-0\" class=\"so-panel widget widget_imm-accordion panel-first-child panel-last-child\" data-index=\"3\" ><div data-sal=\"fade\" data-sal-easing=\"linear\" class=\"panel-widget-style panel-widget-style-for-16297-2-0-0\" ><div class=\"so-widget-imm-accordion so-widget-imm-accordion-default-d75171398898-16297\">\n<div class=\"accordion imm-accordion-widget\" id=\"imm-accordion_69fa859b5b8c1\">\n    <div class=\"card\">\n    <div class=\"card-header \">\n      <div class=\"card-header-prepend\">\n        <span class=\"icon\"><i class=\"fas fa-plus\"><\/i><\/span>\n      <\/div>\n      <button class=\"btn title\" type=\"button\" data-toggle=\"collapse\" data-target=\"#imm-acc-item_69fa859b5b8c3\" aria-expanded=\"true\" aria-controls=\"imm-acc-item_69fa859b5b8c3\">\n        SCHNUPPERTAUCHEN IN TULAMBEN      <\/button>\n    <\/div>\n\n    <div id=\"imm-acc-item_69fa859b5b8c3\" class=\"collapse \" data-parent=\"#imm-accordion_69fa859b5b8c1\">\n      <div class=\"card-body\">\n        <div class=\"scroll-accordion\">\n          <p>\n      <div class='price-accordion'>\n        <div class='price'>\n          <span> <strong>IDR 2.600.<\/strong>pp<\/span>\n        <\/div><\/div><\/p>\n<p><strong>All prices are in Indonesian Rupiah x 1000<br \/>\n<\/strong><strong>Hier geht es zum aktuellen<em><a href=\"http:\/\/www.xe.com\/currencyconverter\/convert\/?Amount=1&amp;From=IDR&amp;To=EUR\" target=\"_blank\" rel=\"noopener\"> IDR:EUR Wechselkurs.<\/a><\/em><\/strong><\/p>\n<p>Eine 2 st\u00fcndige Fahrt vom S\u00fcden Balis wird dich zum Tauchen nach Tulamben bringen. Diese Region bietet hervorragende Bedingungen, um deine erste Taucherfahrung so sch\u00f6n wie m\u00f6glich zu gestalten. Lass\u2019 dich von den Korallengef\u00e4llen beeindrucken und tauche am 125,43 Meter langen USAT Liberty Schiffswrack.<\/p>\n        <\/div>\n      <\/div>\n    <\/div>\n  <\/div>\n    <div class=\"card\">\n    <div class=\"card-header \">\n      <div class=\"card-header-prepend\">\n        <span class=\"icon\"><i class=\"fas fa-plus\"><\/i><\/span>\n      <\/div>\n      <button class=\"btn title\" type=\"button\" data-toggle=\"collapse\" data-target=\"#imm-acc-item_69fa859b5b8c5\" aria-expanded=\"false\" aria-controls=\"imm-acc-item_69fa859b5b8c5\">\n        SCHNUPPERTAUCHEN IN PADANG BAI      <\/button>\n    <\/div>\n\n    <div id=\"imm-acc-item_69fa859b5b8c5\" class=\"collapse \" data-parent=\"#imm-accordion_69fa859b5b8c1\">\n      <div class=\"card-body\">\n        <div class=\"scroll-accordion\">\n          <p>\n      <div class='price-accordion'>\n        <div class='price'>\n          <span> <strong>IDR 2.700.<\/strong>pp<\/span>\n        <\/div><\/div><\/p>\n<p><strong>All prices are in Indonesian Rupiah x 1000<br \/>\n<\/strong><strong>Hier geht es zum aktuellen<em><a href=\"http:\/\/www.xe.com\/currencyconverter\/convert\/?Amount=1&amp;From=IDR&amp;To=EUR\" target=\"_blank\" rel=\"noopener\"> IDR:EUR Wechselkurs.<\/a><\/em><\/strong><\/p>\n<p>Hier bei Blue Season Bali gibt es t\u00e4gliche Tauchtrips von Sanur mit dem Bus nach Padang Bai. Hier wird uns ein einheimisches Junkung Boot zur Tauchbucht fahren. Bei der bekannten blauen Lagune (Blue Lagoon) wirst du wundersch\u00f6ne Korallen und eine tolle Vielfalt an bunten Fischen sehen. Dies ist eine wahnsinnig aufregende Tauchseite f\u00fcr deine ersten Atemz\u00fcge unter Wasser.<\/p>\n        <\/div>\n      <\/div>\n    <\/div>\n  <\/div>\n    <div class=\"card\">\n    <div class=\"card-header \">\n      <div class=\"card-header-prepend\">\n        <span class=\"icon\"><i class=\"fas fa-plus\"><\/i><\/span>\n      <\/div>\n      <button class=\"btn title\" type=\"button\" data-toggle=\"collapse\" data-target=\"#imm-acc-item_69fa859b5b8c6\" aria-expanded=\"false\" aria-controls=\"imm-acc-item_69fa859b5b8c6\">\n        SCHNUPPERTAUCHEN IN SANUR (HALBER TAG ODER TAGESTRIP)      <\/button>\n    <\/div>\n\n    <div id=\"imm-acc-item_69fa859b5b8c6\" class=\"collapse \" data-parent=\"#imm-accordion_69fa859b5b8c1\">\n      <div class=\"card-body\">\n        <div class=\"scroll-accordion\">\n          <p>\n      <div class='price-accordion'>\n        <div class='price'>\n          <span> <strong>IDR 1.700.<\/strong>pp<\/span>\n        <\/div><div class='sub-title'><b><strong>1x <\/strong>Tauchg\u00e4nge <\/b> <\/div><\/div>\n      <div class='price-accordion'>\n        <div class='price'>\n          <span> <strong>IDR 2.200.<\/strong>pp<\/span>\n        <\/div><div class='sub-title'><b><strong>2x <\/strong>Tauchg\u00e4nge <\/b> <\/div><\/div><\/p>\n<p><strong>All prices are in Indonesian Rupiah x 1000<\/strong><br \/>\n<strong>Hier geht es zum aktuellen<em><a href=\"http:\/\/www.xe.com\/currencyconverter\/convert\/?Amount=1&amp;From=IDR&amp;To=EUR\" target=\"_blank\" rel=\"noopener\"> IDR:EUR Wechselkurs.<\/a><\/em><\/strong><\/p>\n<p>Wenn du keine Zeit f\u00fcr einen Tagestrip hast oder nicht so weit reisen m\u00f6chtest, ist Sanur ein toller Ort, um deine ersten Unterwasser Erfahrungen zu sammeln. Eine 5 min\u00fctige Busfahrt zum Strand und eine kurze Bootsfahrt bringen dich zum sch\u00f6nen Riff in Sanur. Wir m\u00f6chten dich vorwarnen, dass es ab und zu sein kann, dass die Bedingungen zum Tauchen sehr schlecht sind \u2013 wir werden dann unseren Trip umplanen und nach Nusa Lembongan fahren. Mach dir aber keine Sorgen. Auch, wenn wir den Trip spontan umplanen, bleibt es immer noch ein Halbtagestrip und du wirst fr\u00fch genug in Sanur zur\u00fcck sein, um dich zu entspannen oder anderen Terminen nachzugehen.<\/p>\n        <\/div>\n      <\/div>\n    <\/div>\n  <\/div>\n    <div class=\"card\">\n    <div class=\"card-header \">\n      <div class=\"card-header-prepend\">\n        <span class=\"icon\"><i class=\"fas fa-plus\"><\/i><\/span>\n      <\/div>\n      <button class=\"btn title\" type=\"button\" data-toggle=\"collapse\" data-target=\"#imm-acc-item_69fa859b5b8c7\" aria-expanded=\"false\" aria-controls=\"imm-acc-item_69fa859b5b8c7\">\n        INKLUSIVE      <\/button>\n    <\/div>\n\n    <div id=\"imm-acc-item_69fa859b5b8c7\" class=\"collapse \" data-parent=\"#imm-accordion_69fa859b5b8c1\">\n      <div class=\"card-body\">\n        <div class=\"scroll-accordion\">\n          <ul>\n<li>Alle Tranfers von und zu deinem Hotel (Sanur, Kuta, Seminyak, Nusa Dua, Tanjung Benoa und Jimbaran).<\/li>\n<li>Komplette Tauchausr\u00fcstung<\/li>\n<li>PADI Materialien, die du behalten darfst<\/li>\n<li>PADI Zertifizierung<\/li>\n<\/ul>\n        <\/div>\n      <\/div>\n    <\/div>\n  <\/div>\n  <\/div>\n<\/div><\/div><\/div><\/div><div id=\"pgc-16297-2-1\"  class=\"panel-grid-cell\" ><div id=\"panel-16297-2-1-0\" class=\"so-panel widget widget_imm-text-widget panel-first-child panel-last-child\" data-index=\"4\" ><div id=\"contact\" data-sal=\"fade\" data-sal-easing=\"linear\" class=\"panel-widget-style panel-widget-style-for-16297-2-1-0\" ><div class=\"so-widget-imm-text-widget so-widget-imm-text-widget-default-d75171398898-16297\">\n\n<div class=\"imm-text-widget\">\n  <div class=\"imm-text-wrapper\">\n    <div class=\"container\">\n\n                    <div class=\"desc imm-text-desc\">\n          <p><div role=\"form\" class=\"wpcf7\" id=\"wpcf7-f20599-o1\" lang=\"en-US\" dir=\"ltr\">\n<div class=\"screen-reader-response\"><p role=\"status\" aria-live=\"polite\" aria-atomic=\"true\"><\/p> <ul><\/ul><\/div>\n<form action=\"\/de\/wp-json\/wp\/v2\/pages\/16297#wpcf7-f20599-o1\" method=\"post\" class=\"wpcf7-form init\" novalidate=\"novalidate\" data-status=\"init\">\n<div style=\"display: none;\">\n<input type=\"hidden\" name=\"_wpcf7\" value=\"20599\" \/>\n<input type=\"hidden\" name=\"_wpcf7_version\" value=\"5.5.6.1\" \/>\n<input type=\"hidden\" name=\"_wpcf7_locale\" value=\"en_US\" \/>\n<input type=\"hidden\" name=\"_wpcf7_unit_tag\" value=\"wpcf7-f20599-o1\" \/>\n<input type=\"hidden\" name=\"_wpcf7_container_post\" value=\"0\" \/>\n<input type=\"hidden\" name=\"_wpcf7_posted_data_hash\" value=\"\" \/>\n<input type=\"hidden\" name=\"_wpcf7_recaptcha_response\" value=\"\" \/>\n<\/div>\n<h4 class=\"m-0\" style=\"font-weight:700; color:#818181\"> KONTAKTIERE UNS<br \/>\n <\/h4>\n<p>Dein Name (ben\u00f6tigt)<br \/>\n    <span class=\"wpcf7-form-control-wrap your-name\"><input type=\"text\" name=\"your-name\" value=\"\" size=\"40\" class=\"wpcf7-form-control wpcf7-text wpcf7-validates-as-required\" aria-required=\"true\" aria-invalid=\"false\" \/><\/span> <\/p>\n<p>Email Adresse (ben\u00f6tigt)<br \/>\n    <span class=\"wpcf7-form-control-wrap your-email\"><input type=\"email\" name=\"your-email\" value=\"\" size=\"40\" class=\"wpcf7-form-control wpcf7-text wpcf7-email wpcf7-validates-as-required wpcf7-validates-as-email\" aria-required=\"true\" aria-invalid=\"false\" \/><\/span> <\/p>\n<p>Whatsapp Nummer<br \/>\n    <span class=\"wpcf7-form-control-wrap your-whatsapp\"><input type=\"text\" name=\"your-whatsapp\" value=\"\" size=\"40\" class=\"wpcf7-form-control wpcf7-text\" aria-invalid=\"false\" \/><\/span> <\/p>\n<p>Nachricht<br \/>\n    <span class=\"wpcf7-form-control-wrap your-message\"><textarea name=\"your-message\" cols=\"40\" rows=\"10\" class=\"wpcf7-form-control wpcf7-textarea\" aria-invalid=\"false\"><\/textarea><\/span> <\/p>\n<p class=\"mb-3\">This site is protected by reCAPTCHA and the Google <a href=\"https:\/\/policies.google.com\/privacy\">Privacy Policy<\/a> and <a href=\"https:\/\/policies.google.com\/terms\">Terms of Service<\/a> apply.<\/p>\n<p class=\"mb-3\">\tIf you do not receive confirmation the message was sent immediately there may be an issue with the connection, please try again.<\/p>\n<p><input type=\"submit\" value=\"SENDEN\" class=\"wpcf7-form-control has-spinner wpcf7-submit\" \/><\/p>\n<div class=\"form-response\">\n<div class=\"wpcf7-response-output\" aria-hidden=\"true\"><\/div>\n<\/div>\n<\/form><\/div><\/p>\n        <\/div>\n      \n    <\/div>\n  <\/div>\n<\/div>\n<\/div><\/div><\/div><\/div><\/div><\/div><div id=\"pg-16297-3\"  class=\"panel-grid panel-has-style\" ><div class=\"siteorigin-panels-stretch panel-row-style panel-row-style-for-16297-3\" data-stretch-type=\"full-stretched\" data-sal=\"fade\" data-sal-easing=\"linear\" ><div id=\"pgc-16297-3-0\"  class=\"panel-grid-cell\" ><div id=\"panel-16297-3-0-0\" class=\"so-panel widget widget_imm-cta-widget panel-first-child panel-last-child\" data-index=\"5\" ><div data-sal=\"fade\" data-sal-easing=\"linear\" class=\"panel-widget-style panel-widget-style-for-16297-3-0-0\" ><div class=\"so-widget-imm-cta-widget so-widget-imm-cta-widget-default-d75171398898-16297\">\n\n<div class=\"imm-cta-widget\">\n  <div class=\"container\">\n    <div class=\"imm-cta-wrapper\">\n      <div class=\"row\">\n\n        <div class=\"col-lg-8 col-md-8\">\n          <div class=\"imm-cta-text\">\n            <p> <p>Was gibt es als n\u00e4chstes ?<\/p>\n<\/p>\n          <\/div>\n        <\/div>\n        <div class=\"col-lg-4 col-md-4\">\n          <div class=\"imm-cta-type\">\n            <a class='text' href=\"https:\/\/www.baliocean.com\/de\/padi_courses_open_water\"> Open Water Tauchkurs <\/a>\n          <\/div>\n        <\/div>\n      <\/div>\n    <\/div>\n  <\/div>\n<\/div>\n<\/div><\/div><\/div><\/div><\/div><\/div><\/div>","protected":false},"excerpt":{"rendered":"<p>PADI Discover Scuba Diving Hast du dich jemals gefragt, wie es ist, unter Wasser zu atmen? Wenn du es gerne erfahren w\u00fcrdest, dir aber nicht sicher bist, ob du gleich einen kompletten Kurs belegen m\u00f6chtest, gibt es mit dem PADI Schnuppertauchen die M\u00f6glichkeit, auszuprobieren, ob dir das Ger\u00e4tetauchen gef\u00e4llt und du mehr dar\u00fcber erfahren m\u00f6chtest. [&hellip;]<\/p>\n","protected":false},"author":1,"featured_media":0,"parent":16055,"menu_order":0,"comment_status":"open","ping_status":"open","template":"","meta":[],"acf":[],"yoast_head":"<!-- This site is optimized with the Yoast SEO plugin v17.9 - https:\/\/yoast.com\/wordpress\/plugins\/seo\/ -->\n<title>Schnuppertauchen Bali: PADI Discover Scuba Diving | Blue Season Bali<\/title>\n<meta name=\"description\" content=\"Erlebe Tauchen auf Bali! Dieser Tagesausflug wird dir einige der sch\u00f6nsten Tauchseiten Balis zeigen. Du ben\u00f6tigst f\u00fcr das Schnuppertauchen kein Zertifikat!\" \/>\n<meta name=\"robots\" content=\"index, follow, max-snippet:-1, max-image-preview:large, max-video-preview:-1\" \/>\n<link rel=\"canonical\" href=\"https:\/\/www.baliocean.com\/de\/padi-courses\/discover-scuba-diving\/\" \/>\n<!-- \/ Yoast SEO plugin. -->","yoast_head_json":{"title":"Schnuppertauchen Bali: PADI Discover Scuba Diving | Blue Season Bali","description":"Erlebe Tauchen auf Bali! Dieser Tagesausflug wird dir einige der sch\u00f6nsten Tauchseiten Balis zeigen. Du ben\u00f6tigst f\u00fcr das Schnuppertauchen kein Zertifikat!","robots":{"index":"index","follow":"follow","max-snippet":"max-snippet:-1","max-image-preview":"max-image-preview:large","max-video-preview":"max-video-preview:-1"},"canonical":"https:\/\/www.baliocean.com\/de\/padi-courses\/discover-scuba-diving\/"},"_links":{"self":[{"href":"https:\/\/www.baliocean.com\/de\/wp-json\/wp\/v2\/pages\/16297"}],"collection":[{"href":"https:\/\/www.baliocean.com\/de\/wp-json\/wp\/v2\/pages"}],"about":[{"href":"https:\/\/www.baliocean.com\/de\/wp-json\/wp\/v2\/types\/page"}],"author":[{"embeddable":true,"href":"https:\/\/www.baliocean.com\/de\/wp-json\/wp\/v2\/users\/1"}],"replies":[{"embeddable":true,"href":"https:\/\/www.baliocean.com\/de\/wp-json\/wp\/v2\/comments?post=16297"}],"version-history":[{"count":15,"href":"https:\/\/www.baliocean.com\/de\/wp-json\/wp\/v2\/pages\/16297\/revisions"}],"predecessor-version":[{"id":20962,"href":"https:\/\/www.baliocean.com\/de\/wp-json\/wp\/v2\/pages\/16297\/revisions\/20962"}],"up":[{"embeddable":true,"href":"https:\/\/www.baliocean.com\/de\/wp-json\/wp\/v2\/pages\/16055"}],"wp:attachment":[{"href":"https:\/\/www.baliocean.com\/de\/wp-json\/wp\/v2\/media?parent=16297"}],"curies":[{"name":"wp","href":"https:\/\/api.w.org\/{rel}","templated":true}]}}